{"id":8364,"date":"2025-02-18T11:54:52","date_gmt":"2025-02-18T10:54:52","guid":{"rendered":"https:\/\/wiejskieprzysmaki.estima.site\/produkt\/morele-suszone-bio-150-g-naturavena\/"},"modified":"2025-02-18T11:54:56","modified_gmt":"2025-02-18T10:54:56","slug":"morele-suszone-bio-150-g-naturavena","status":"publish","type":"product","link":"https:\/\/wiejskieprzysmaki.estima.site\/en\/product\/morele-suszone-bio-150-g-naturavena\/","title":{"rendered":"MORELE SUSZONE BIO 150 g &#8211; NATURAVENA"},"content":{"rendered":"<p>SK\u0141ADNIKI <br \/>ekologiczne morele bez pestek suszone 100 %.<\/p>\n<p>OPIS<br \/>Morele sporadycznie mog\u0105 zawiera\u0107 pestki, b\u0105d\u017a ich fragmenty. Na suszonych morelach mo\u017ce wyst\u0119powa\u0107 bia\u0142y nalot. Jest to zjawisko naturalne, zwi\u0105zane z wytr\u0105caniem si\u0119 fruktozy, kt\u00f3re nie wp\u0142ywa na jako\u015b\u0107 produktu.&#8221;\t<\/p>\n<p>Warto\u015b\u0107 od\u017cywcza \tw 100 g<br \/>Warto\u015b\u0107 energetyczna \t1015 kJ\/240 kcal<br \/>T\u0142uszcz \t0 g<br \/>w tym kwasy t\u0142uszczowe nasycone \t0 g<br \/>W\u0119glowodany \t54 g<br \/>w tym cukry \t33 g<br \/>B\u0142onnik\t7,9 g<br \/>Bia\u0142ko \t2,0 g<br \/>S\u00f3l \t0 g<\/p>\n<p>ZALECANE WARUNKI PRZECHOWYWANIA  <br \/>Przechowywa\u0107 w suchym i ch\u0142odnym miejscu.\t<\/p>","protected":false},"excerpt":{"rendered":"<p>SK\u0141ADNIKI ekologiczne morele bez pestek suszone 100 %. OPISMorele sporadycznie mog\u0105 zawiera\u0107 pestki, b\u0105d\u017a ich fragmenty. Na suszonych morelach mo\u017ce wyst\u0119powa\u0107 bia\u0142y nalot. Jest to zjawisko naturalne, zwi\u0105zane z wytr\u0105caniem si\u0119 fruktozy, kt\u00f3re nie wp\u0142ywa na jako\u015b\u0107 produktu.&#8221; Warto\u015b\u0107 od\u017cywcza w 100 gWarto\u015b\u0107 energetyczna 1015 kJ\/240 kcalT\u0142uszcz 0 gw tym kwasy t\u0142uszczowe nasycone 0 gW\u0119glowodany [&hellip;]<\/p>","protected":false},"featured_media":8365,"comment_status":"closed","ping_status":"open","template":"","meta":{"_acf_changed":false},"product_brand":[],"product_cat":[830],"product_tag":[],"class_list":{"0":"post-8364","1":"product","2":"type-product","3":"status-publish","4":"has-post-thumbnail","6":"product_cat-orzechy-i-owoce-suszone","7":"pa_ean-matka-1595","8":"pa_ean-matka-6463","9":"pa_gwarancja-przydatnosci-324","10":"pa_ilosc-w-opakowaniu-331","11":"pa_jednostka-podstawowa-szt","12":"pa_kod-cn-0813-10-00","13":"pa_kraj-pochodzenia-skladnikow-turcja","14":"pa_masa-netto-197","15":"pa_objetosc-brutto-1071","16":"pa_producent-naturavena-bio","17":"pa_producent-nazwa-adres-bio-planet-s-a-wilkowa-wies-7-05-084-leszno","18":"pa_tagi-bez-cukru-w-skladnikach","19":"pa_tagi-bez-glutenu-w-skladnikach","20":"pa_tagi-certyfikat-bio","21":"pa_tagi-weganski","22":"pa_tagi-wegetarianski","24":"first","25":"instock","26":"taxable","27":"shipping-taxable","28":"purchasable","29":"product-type-simple"},"acf":[],"_links":{"self":[{"href":"https:\/\/wiejskieprzysmaki.estima.site\/en\/wp-json\/wp\/v2\/product\/8364","targetHints":{"allow":["GET"]}}],"collection":[{"href":"https:\/\/wiejskieprzysmaki.estima.site\/en\/wp-json\/wp\/v2\/product"}],"about":[{"href":"https:\/\/wiejskieprzysmaki.estima.site\/en\/wp-json\/wp\/v2\/types\/product"}],"replies":[{"embeddable":true,"href":"https:\/\/wiejskieprzysmaki.estima.site\/en\/wp-json\/wp\/v2\/comments?post=8364"}],"wp:featuredmedia":[{"embeddable":true,"href":"https:\/\/wiejskieprzysmaki.estima.site\/en\/wp-json\/wp\/v2\/media\/8365"}],"wp:attachment":[{"href":"https:\/\/wiejskieprzysmaki.estima.site\/en\/wp-json\/wp\/v2\/media?parent=8364"}],"wp:term":[{"taxonomy":"product_brand","embeddable":true,"href":"https:\/\/wiejskieprzysmaki.estima.site\/en\/wp-json\/wp\/v2\/product_brand?post=8364"},{"taxonomy":"product_cat","embeddable":true,"href":"https:\/\/wiejskieprzysmaki.estima.site\/en\/wp-json\/wp\/v2\/product_cat?post=8364"},{"taxonomy":"product_tag","embeddable":true,"href":"https:\/\/wiejskieprzysmaki.estima.site\/en\/wp-json\/wp\/v2\/product_tag?post=8364"}],"curies":[{"name":"wp","href":"https:\/\/api.w.org\/{rel}","templated":true}]}}