{"id":8366,"date":"2025-02-18T11:54:52","date_gmt":"2025-02-18T10:54:52","guid":{"rendered":"https:\/\/wiejskieprzysmaki.estima.site\/produkt\/morwa-biala-suszona-bio-100-g-naturavena\/"},"modified":"2025-02-18T11:54:57","modified_gmt":"2025-02-18T10:54:57","slug":"morwa-biala-suszona-bio-100-g-naturavena","status":"publish","type":"product","link":"https:\/\/wiejskieprzysmaki.estima.site\/en\/product\/morwa-biala-suszona-bio-100-g-naturavena\/","title":{"rendered":"MORWA BIA\u0141A SUSZONA BIO 100 g &#8211; NATURAVENA"},"content":{"rendered":"<p>SK\u0141ADNIKI <br \/>ekologiczna morwa bia\u0142a suszona 100 %.<\/p>\n<p>OPIS<br \/>Ekologiczne suszone owoce morwy bia\u0142ej to niezwykle ciekawa w smaku i po\u017cywna przek\u0105ska. Morwa doskonale sprawdza si\u0119 r\u00f3wnie\u017c jako sk\u0142adnik sa\u0142atek, kompot\u00f3w, d\u017cem\u00f3w, marmolad, win i likier\u00f3w.\t\t\t<\/p>\n<p>Warto\u015b\u0107 od\u017cywcza w 100 g<br \/>Warto\u015b\u0107 energetyczna &#8211; 1387 kJ\/328 kcal<br \/>T\u0142uszcz &#8211; 0 g<br \/>w tym kwasy t\u0142uszczowe nasycone &#8211; 0 g<br \/>W\u0119glowodany &#8211; 64 g<br \/>w tym cukry &#8211; 46 g<br \/>B\u0142onnik &#8211; 14 g<br \/>Bia\u0142ko &#8211; 11 g<br \/>S\u00f3l -0,2 g<\/p>\n<p>ZALECANE WARUNKI PRZECHOWYWANIA  <br \/>Przechowywa\u0107 w suchym i ch\u0142odnym miejscu.\t<\/p>","protected":false},"excerpt":{"rendered":"<p>SK\u0141ADNIKI ekologiczna morwa bia\u0142a suszona 100 %. OPISEkologiczne suszone owoce morwy bia\u0142ej to niezwykle ciekawa w smaku i po\u017cywna przek\u0105ska. Morwa doskonale sprawdza si\u0119 r\u00f3wnie\u017c jako sk\u0142adnik sa\u0142atek, kompot\u00f3w, d\u017cem\u00f3w, marmolad, win i likier\u00f3w. Warto\u015b\u0107 od\u017cywcza w 100 gWarto\u015b\u0107 energetyczna &#8211; 1387 kJ\/328 kcalT\u0142uszcz &#8211; 0 gw tym kwasy t\u0142uszczowe nasycone &#8211; 0 gW\u0119glowodany &#8211; [&hellip;]<\/p>","protected":false},"featured_media":8367,"comment_status":"closed","ping_status":"open","template":"","meta":{"_acf_changed":false},"product_brand":[],"product_cat":[830],"product_tag":[],"class_list":{"0":"post-8366","1":"product","2":"type-product","3":"status-publish","4":"has-post-thumbnail","6":"product_cat-orzechy-i-owoce-suszone","7":"pa_ean-matka-6464","8":"pa_ean-matka-899","9":"pa_gwarancja-przydatnosci-311","10":"pa_ilosc-w-opakowaniu-331","11":"pa_jednostka-podstawowa-szt","12":"pa_kod-cn-0813-40-95","13":"pa_kraj-pochodzenia-skladnikow-turcja","14":"pa_masa-netto-242","15":"pa_objetosc-brutto-3901","16":"pa_producent-naturavena-bio","17":"pa_producent-nazwa-adres-bio-planet-s-a-wilkowa-wies-7-05-084-leszno","18":"pa_tagi-bez-cukru-w-skladnikach","19":"pa_tagi-bez-glutenu-w-skladnikach","20":"pa_tagi-certyfikat-bio","21":"pa_tagi-weganski","22":"pa_tagi-wegetarianski","24":"first","25":"instock","26":"taxable","27":"shipping-taxable","28":"purchasable","29":"product-type-simple"},"acf":[],"_links":{"self":[{"href":"https:\/\/wiejskieprzysmaki.estima.site\/en\/wp-json\/wp\/v2\/product\/8366","targetHints":{"allow":["GET"]}}],"collection":[{"href":"https:\/\/wiejskieprzysmaki.estima.site\/en\/wp-json\/wp\/v2\/product"}],"about":[{"href":"https:\/\/wiejskieprzysmaki.estima.site\/en\/wp-json\/wp\/v2\/types\/product"}],"replies":[{"embeddable":true,"href":"https:\/\/wiejskieprzysmaki.estima.site\/en\/wp-json\/wp\/v2\/comments?post=8366"}],"wp:featuredmedia":[{"embeddable":true,"href":"https:\/\/wiejskieprzysmaki.estima.site\/en\/wp-json\/wp\/v2\/media\/8367"}],"wp:attachment":[{"href":"https:\/\/wiejskieprzysmaki.estima.site\/en\/wp-json\/wp\/v2\/media?parent=8366"}],"wp:term":[{"taxonomy":"product_brand","embeddable":true,"href":"https:\/\/wiejskieprzysmaki.estima.site\/en\/wp-json\/wp\/v2\/product_brand?post=8366"},{"taxonomy":"product_cat","embeddable":true,"href":"https:\/\/wiejskieprzysmaki.estima.site\/en\/wp-json\/wp\/v2\/product_cat?post=8366"},{"taxonomy":"product_tag","embeddable":true,"href":"https:\/\/wiejskieprzysmaki.estima.site\/en\/wp-json\/wp\/v2\/product_tag?post=8366"}],"curies":[{"name":"wp","href":"https:\/\/api.w.org\/{rel}","templated":true}]}}