{"id":8384,"date":"2025-02-18T11:55:03","date_gmt":"2025-02-18T10:55:03","guid":{"rendered":"https:\/\/wiejskieprzysmaki.estima.site\/produkt\/napoj-energetyzujacy-o-smaku-jablko-jezyna-bio-250-ml-hollinger\/"},"modified":"2025-02-18T11:55:08","modified_gmt":"2025-02-18T10:55:08","slug":"napoj-energetyzujacy-o-smaku-jablko-jezyna-bio-250-ml-hollinger","status":"publish","type":"product","link":"https:\/\/wiejskieprzysmaki.estima.site\/en\/product\/napoj-energetyzujacy-o-smaku-jablko-jezyna-bio-250-ml-hollinger\/","title":{"rendered":"NAP\u00d3J ENERGETYZUJ\u0104CY O SMAKU JAB\u0141KO &#8211; JE\u017bYNA BIO 250 ml &#8211; HOLLINGER"},"content":{"rendered":"<p>SK\u0141ADNIKI<br \/>woda, cukier*, sok jab\u0142kowy* 5 % (z koncentratu), dwutlenek w\u0119gla, kwas: kwas cytrynowy, naturalny aromat je\u017cynowy, regulator kwasowo\u015bci: cytryniany sodu, karmelowy syrop*, kofeina*. (*certyfikowany sk\u0142adnik ekologiczny)<\/p>\n<p>OPIS  <br \/>Wysoka zawarto\u015b\u0107 kofeiny; nie zaleca si\u0119 stosowania u dzieci, kobiet w ci\u0105\u017cy i kobiet karmi\u0105cych piersi\u0105 (30 mg\/100 ml). Produkt pasteryzowany. <br \/>Gazowany, pobudzaj\u0105cy nap\u00f3j bezalkoholowy. Dzi\u0119ki zawarto\u015bci kofeiny w sk\u0142adzie jest doskona\u0142\u0105 alternatyw\u0105 dla kawy.<br \/>Produkt przeznaczony dla sportowc\u00f3w, uczni\u00f3w, student\u00f3w oraz os\u00f3b pracuj\u0105cych w zawodach, kt\u00f3re wymagaj\u0105 bardzo du\u017cej koncentracji. <\/p>\n<p>WARTO\u015a\u0106 OD\u017bYWCZA W 100 ml<br \/>Warto\u015b\u0107 energetyczna: 212 kJ\/50 kcal  <br \/>T\u0142uszcz: <0,5 g  <br \/>w tym kwasy t\u0142uszczowe nasycone: <0,1 g  <br \/>Weglowodany: 12 g  <br \/>w tym cukry: 12 g  <br \/>Bia\u0142ko: <0,5 g  <br \/>S\u00f3l: 0,06 g<\/p>\n<p>ZALECANE WARUNKI PRZECHOWYWANIA  <br \/>Przechowywa\u0107 w suchym i ch\u0142odnym miejscu. <\/p>","protected":false},"excerpt":{"rendered":"<p>SK\u0141ADNIKIwoda, cukier*, sok jab\u0142kowy* 5 % (z koncentratu), dwutlenek w\u0119gla, kwas: kwas cytrynowy, naturalny aromat je\u017cynowy, regulator kwasowo\u015bci: cytryniany sodu, karmelowy syrop*, kofeina*. (*certyfikowany sk\u0142adnik ekologiczny) OPIS Wysoka zawarto\u015b\u0107 kofeiny; nie zaleca si\u0119 stosowania u dzieci, kobiet w ci\u0105\u017cy i kobiet karmi\u0105cych piersi\u0105 (30 mg\/100 ml). Produkt pasteryzowany. Gazowany, pobudzaj\u0105cy nap\u00f3j bezalkoholowy. Dzi\u0119ki zawarto\u015bci kofeiny [&hellip;]<\/p>","protected":false},"featured_media":8385,"comment_status":"closed","ping_status":"open","template":"","meta":{"_acf_changed":false},"product_brand":[],"product_cat":[384,134],"product_tag":[],"class_list":{"0":"post-8384","1":"product","2":"type-product","3":"status-publish","4":"has-post-thumbnail","6":"product_cat-inne-napoje","7":"product_cat-napoje","8":"pa_ean-matka-6476","9":"pa_gwarancja-przydatnosci-522","10":"pa_ilosc-w-opakowaniu-374","11":"pa_jednostka-podstawowa-szt","12":"pa_kod-cn-2202-10-00","13":"pa_kraj-pochodzenia-skladnikow-austria","14":"pa_objetosc-brutto-1477","15":"pa_objetosc-netto-359","16":"pa_producent-hollinger-soki-nektary-napoje-syropy","17":"pa_producent-nazwa-adres-ims-hollinger-gmbh-johann-winter-gasse-29-3021-pressbaum","18":"pa_tagi-bez-glutenu-w-skladnikach","19":"pa_tagi-certyfikat-bio","20":"pa_tagi-weganski","21":"pa_tagi-wegetarianski","23":"first","24":"instock","25":"taxable","26":"shipping-taxable","27":"purchasable","28":"product-type-simple"},"acf":[],"_links":{"self":[{"href":"https:\/\/wiejskieprzysmaki.estima.site\/en\/wp-json\/wp\/v2\/product\/8384","targetHints":{"allow":["GET"]}}],"collection":[{"href":"https:\/\/wiejskieprzysmaki.estima.site\/en\/wp-json\/wp\/v2\/product"}],"about":[{"href":"https:\/\/wiejskieprzysmaki.estima.site\/en\/wp-json\/wp\/v2\/types\/product"}],"replies":[{"embeddable":true,"href":"https:\/\/wiejskieprzysmaki.estima.site\/en\/wp-json\/wp\/v2\/comments?post=8384"}],"wp:featuredmedia":[{"embeddable":true,"href":"https:\/\/wiejskieprzysmaki.estima.site\/en\/wp-json\/wp\/v2\/media\/8385"}],"wp:attachment":[{"href":"https:\/\/wiejskieprzysmaki.estima.site\/en\/wp-json\/wp\/v2\/media?parent=8384"}],"wp:term":[{"taxonomy":"product_brand","embeddable":true,"href":"https:\/\/wiejskieprzysmaki.estima.site\/en\/wp-json\/wp\/v2\/product_brand?post=8384"},{"taxonomy":"product_cat","embeddable":true,"href":"https:\/\/wiejskieprzysmaki.estima.site\/en\/wp-json\/wp\/v2\/product_cat?post=8384"},{"taxonomy":"product_tag","embeddable":true,"href":"https:\/\/wiejskieprzysmaki.estima.site\/en\/wp-json\/wp\/v2\/product_tag?post=8384"}],"curies":[{"name":"wp","href":"https:\/\/api.w.org\/{rel}","templated":true}]}}