{"id":8392,"date":"2025-02-18T11:55:03","date_gmt":"2025-02-18T10:55:03","guid":{"rendered":"https:\/\/wiejskieprzysmaki.estima.site\/produkt\/herbata-zielona-lisciasta-sencha-bio-100-g-ecoblik\/"},"modified":"2025-02-18T11:55:16","modified_gmt":"2025-02-18T10:55:16","slug":"herbata-zielona-lisciasta-sencha-bio-100-g-ecoblik","status":"publish","type":"product","link":"https:\/\/wiejskieprzysmaki.estima.site\/en\/product\/herbata-zielona-lisciasta-sencha-bio-100-g-ecoblik\/","title":{"rendered":"HERBATA ZIELONA LI\u015aCIASTA SENCHA BIO 100 g &#8211; ECOBLIK"},"content":{"rendered":"<p>SK\u0141ADNIKI<br \/>herbata Sencha* 100 %. (*certyfikowany sk\u0142adnik ekologiczny)<\/p>\n<p>OPIS<br \/>Herbata Sencha obecnie jest najbardziej popularn\u0105 zielon\u0105 herbat\u0105 na \u015bwiecie. Jej nazwa w t\u0142umaczeniu oznacza herbat\u0119 duszon\u0105, co ma zwi\u0105zek ze sposobem jej produkcji. Li\u015bcie s\u0105 najpierw poddawane bardzo kr\u00f3tkiemu sparzeniu, a nast\u0119pnie suszy si\u0119 je strumieniem ciep\u0142ego powietrza. St\u0105d te\u017c nie s\u0105 one zmielone, a jedynie zwini\u0119te w pionowe ruloniki.<br \/>Sencha to herbata szlachetna, o bardzo przyjemnym i delikatnym smaku oraz mi\u0142ym, lekko trawiastym aromacie. Doskonale smakuje zar\u00f3wno na ciep\u0142o, jak i na zimno \u2013 dla orze\u017awienia.<\/p>\n<p>SPOS\u00d3B PRZYGOTOWANIA<br \/>Zielone herbaty, zw\u0142aszcza te japo\u0144skie, wymagaj\u0105 zaparzania w ni\u017cszej temperaturze i przez kr\u00f3tszy czas. Zaleca si\u0119 zalewanie li\u015bci wod\u0105 o temperaturze 65-70 \u2103 oraz parzenie nie d\u0142u\u017csze, ni\u017c 2 minuty.<br \/>Po tym czasie otrzymany zielono-\u017c\u00f3\u0142ty napar nale\u017cy odcedzi\u0107.<\/p>\n<p>ZALECANE WARUNKI PRZECHOWYWANIA<br \/>Przechowywa\u0107 w suchym miejscu.<\/p>","protected":false},"excerpt":{"rendered":"<p>SK\u0141ADNIKIherbata Sencha* 100 %. (*certyfikowany sk\u0142adnik ekologiczny) OPISHerbata Sencha obecnie jest najbardziej popularn\u0105 zielon\u0105 herbat\u0105 na \u015bwiecie. Jej nazwa w t\u0142umaczeniu oznacza herbat\u0119 duszon\u0105, co ma zwi\u0105zek ze sposobem jej produkcji. Li\u015bcie s\u0105 najpierw poddawane bardzo kr\u00f3tkiemu sparzeniu, a nast\u0119pnie suszy si\u0119 je strumieniem ciep\u0142ego powietrza. St\u0105d te\u017c nie s\u0105 one zmielone, a jedynie zwini\u0119te [&hellip;]<\/p>","protected":false},"featured_media":8393,"comment_status":"closed","ping_status":"open","template":"","meta":{"_acf_changed":false},"product_brand":[],"product_cat":[282,950],"product_tag":[],"class_list":{"0":"post-8392","1":"product","2":"type-product","3":"status-publish","4":"has-post-thumbnail","6":"product_cat-herbaty-i-ziola","7":"product_cat-zielone-w-tym-z-dodatkami","8":"pa_ean-matka-6483","9":"pa_gwarancja-przydatnosci-320","10":"pa_ilosc-w-opakowaniu-366","11":"pa_jednostka-podstawowa-szt","12":"pa_kod-cn-0902-10-00","13":"pa_kraj-pochodzenia-skladnikow-chiny","14":"pa_masa-netto-242","15":"pa_objetosc-brutto-4099","16":"pa_producent-ecoblik-herbatki","17":"pa_producent-nazwa-adres-medicaline-konrad-malitka-ostrowiec-150-05-480-karczew","18":"pa_tagi-bez-cukru-w-skladnikach","19":"pa_tagi-bez-glutenu-w-skladnikach","20":"pa_tagi-certyfikat-bio","21":"pa_tagi-weganski","22":"pa_tagi-wegetarianski","24":"first","25":"instock","26":"taxable","27":"shipping-taxable","28":"purchasable","29":"product-type-simple"},"acf":[],"_links":{"self":[{"href":"https:\/\/wiejskieprzysmaki.estima.site\/en\/wp-json\/wp\/v2\/product\/8392","targetHints":{"allow":["GET"]}}],"collection":[{"href":"https:\/\/wiejskieprzysmaki.estima.site\/en\/wp-json\/wp\/v2\/product"}],"about":[{"href":"https:\/\/wiejskieprzysmaki.estima.site\/en\/wp-json\/wp\/v2\/types\/product"}],"replies":[{"embeddable":true,"href":"https:\/\/wiejskieprzysmaki.estima.site\/en\/wp-json\/wp\/v2\/comments?post=8392"}],"wp:featuredmedia":[{"embeddable":true,"href":"https:\/\/wiejskieprzysmaki.estima.site\/en\/wp-json\/wp\/v2\/media\/8393"}],"wp:attachment":[{"href":"https:\/\/wiejskieprzysmaki.estima.site\/en\/wp-json\/wp\/v2\/media?parent=8392"}],"wp:term":[{"taxonomy":"product_brand","embeddable":true,"href":"https:\/\/wiejskieprzysmaki.estima.site\/en\/wp-json\/wp\/v2\/product_brand?post=8392"},{"taxonomy":"product_cat","embeddable":true,"href":"https:\/\/wiejskieprzysmaki.estima.site\/en\/wp-json\/wp\/v2\/product_cat?post=8392"},{"taxonomy":"product_tag","embeddable":true,"href":"https:\/\/wiejskieprzysmaki.estima.site\/en\/wp-json\/wp\/v2\/product_tag?post=8392"}],"curies":[{"name":"wp","href":"https:\/\/api.w.org\/{rel}","templated":true}]}}