{"id":8396,"date":"2025-02-18T11:55:20","date_gmt":"2025-02-18T10:55:20","guid":{"rendered":"https:\/\/wiejskieprzysmaki.estima.site\/produkt\/baton-daktylowy-jablko-cynamon-bez-dodatku-cukrow-35-g-dobra-kaloria\/"},"modified":"2025-02-18T11:55:20","modified_gmt":"2025-02-18T10:55:20","slug":"baton-daktylowy-jablko-cynamon-bez-dodatku-cukrow-35-g-dobra-kaloria","status":"publish","type":"product","link":"https:\/\/wiejskieprzysmaki.estima.site\/en\/product\/baton-daktylowy-jablko-cynamon-bez-dodatku-cukrow-35-g-dobra-kaloria\/","title":{"rendered":"BATON DAKTYLOWY JAB\u0141KO &#038; CYNAMON BEZ DODATKU CUKR\u00d3W 35 g &#8211;  DOBRA KALORIA"},"content":{"rendered":"<p>SK\u0141ADNIKI<br \/>daktyle suszone (62 %), jab\u0142ka suszone (15 %) (zawieraj\u0105 SIARCZYNY), ORZECHY NERKOWCA (11 %), rodzynki, chrupki zbo\u017cowe (m\u0105ka kukurydziana, m\u0105ka ry\u017cowa), cynamon (0,8 %).<\/p>\n<p>OPIS <br \/>Baton daktylowy z jab\u0142kami suszonymi, orzechami NERKOWCA i cynamonem. Bez dodatku cukr\u00f3w. Zawiera naturalnie wyst\u0119puj\u0105ce cukry. <\/p>\n<p>WARTO\u015a\u0106 OD\u017bYWCZA W 100 g<br \/>Warto\u015b\u0107 energetyczna: 1500 kJ\/355 kcal <br \/>T\u0142uszcz: 6,3 g <br \/>w tym kwasy t\u0142uszczowe nasycone: 1,2 g <br \/>W\u0119glowodany: 67 g <br \/>w tym cukry: 53 g <br \/>B\u0142onnik: 6,5 g<br \/>Bia\u0142ko: 4,7 g <br \/>S\u00f3l: 0,03 g <\/p>\n<p>INFORMACJA ALERGENNA<br \/>Mo\u017ce zawiera\u0107 inne ORZECHY, ORZESZKI ZIEMNE, NASIONA SEZAMU, zbo\u017ca zawieraj\u0105ce gluten.<\/p>\n<p>UWAGA<br \/>Produkt mo\u017ce zawiera\u0107 pestki owoc\u00f3w lub ich fragmenty. <\/p>\n<p>ZALECANE WARUNKI PRZECHOWYWANIA<br \/>Przechowywa\u0107 w suchym miejscu.<\/p>","protected":false},"excerpt":{"rendered":"<p>SK\u0141ADNIKIdaktyle suszone (62 %), jab\u0142ka suszone (15 %) (zawieraj\u0105 SIARCZYNY), ORZECHY NERKOWCA (11 %), rodzynki, chrupki zbo\u017cowe (m\u0105ka kukurydziana, m\u0105ka ry\u017cowa), cynamon (0,8 %). OPIS Baton daktylowy z jab\u0142kami suszonymi, orzechami NERKOWCA i cynamonem. Bez dodatku cukr\u00f3w. Zawiera naturalnie wyst\u0119puj\u0105ce cukry. WARTO\u015a\u0106 OD\u017bYWCZA W 100 gWarto\u015b\u0107 energetyczna: 1500 kJ\/355 kcal T\u0142uszcz: 6,3 g w tym [&hellip;]<\/p>","protected":false},"featured_media":8397,"comment_status":"closed","ping_status":"open","template":"","meta":{"_acf_changed":false},"product_brand":[],"product_cat":[465,139],"product_tag":[],"class_list":{"0":"post-8396","1":"product","2":"type-product","3":"status-publish","4":"has-post-thumbnail","6":"product_cat-batony-wafelki-sezamki","7":"product_cat-slodycze-i-przekaski","8":"pa_ean-matka-6488","9":"pa_gwarancja-przydatnosci-311","10":"pa_ilosc-w-opakowaniu-327","11":"pa_jednostka-podstawowa-szt","12":"pa_kod-cn-2008-97-98","13":"pa_kraj-pochodzenia-skladnikow-polska","14":"pa_masa-netto-1313","15":"pa_objetosc-brutto-6485","16":"pa_producent-dobra-kaloria-batony-produkty-sniad-i-wege","17":"pa_producent-nazwa-adres-kubara-spolka-z-ograniczona-odpowiedzialnoscia-bema-32-42-202-czestochowa","18":"pa_tagi-bez-cukru-w-skladnikach","19":"pa_tagi-bez-glutenu-w-skladnikach","20":"pa_tagi-weganski","21":"pa_tagi-wegetarianski","23":"first","24":"instock","25":"taxable","26":"shipping-taxable","27":"purchasable","28":"product-type-simple"},"acf":[],"_links":{"self":[{"href":"https:\/\/wiejskieprzysmaki.estima.site\/en\/wp-json\/wp\/v2\/product\/8396","targetHints":{"allow":["GET"]}}],"collection":[{"href":"https:\/\/wiejskieprzysmaki.estima.site\/en\/wp-json\/wp\/v2\/product"}],"about":[{"href":"https:\/\/wiejskieprzysmaki.estima.site\/en\/wp-json\/wp\/v2\/types\/product"}],"replies":[{"embeddable":true,"href":"https:\/\/wiejskieprzysmaki.estima.site\/en\/wp-json\/wp\/v2\/comments?post=8396"}],"wp:featuredmedia":[{"embeddable":true,"href":"https:\/\/wiejskieprzysmaki.estima.site\/en\/wp-json\/wp\/v2\/media\/8397"}],"wp:attachment":[{"href":"https:\/\/wiejskieprzysmaki.estima.site\/en\/wp-json\/wp\/v2\/media?parent=8396"}],"wp:term":[{"taxonomy":"product_brand","embeddable":true,"href":"https:\/\/wiejskieprzysmaki.estima.site\/en\/wp-json\/wp\/v2\/product_brand?post=8396"},{"taxonomy":"product_cat","embeddable":true,"href":"https:\/\/wiejskieprzysmaki.estima.site\/en\/wp-json\/wp\/v2\/product_cat?post=8396"},{"taxonomy":"product_tag","embeddable":true,"href":"https:\/\/wiejskieprzysmaki.estima.site\/en\/wp-json\/wp\/v2\/product_tag?post=8396"}],"curies":[{"name":"wp","href":"https:\/\/api.w.org\/{rel}","templated":true}]}}