{"id":8416,"date":"2025-02-18T11:55:35","date_gmt":"2025-02-18T10:55:35","guid":{"rendered":"https:\/\/wiejskieprzysmaki.estima.site\/produkt\/wafelki-z-kremem-kakaowym-bez-dodatku-cukrow-150-g-florbu\/"},"modified":"2025-02-18T11:55:35","modified_gmt":"2025-02-18T10:55:35","slug":"wafelki-z-kremem-kakaowym-bez-dodatku-cukrow-150-g-florbu","status":"publish","type":"product","link":"https:\/\/wiejskieprzysmaki.estima.site\/en\/product\/wafelki-z-kremem-kakaowym-bez-dodatku-cukrow-150-g-florbu\/","title":{"rendered":"WAFELKI Z KREMEM KAKAOWYM BEZ DODATKU CUKR\u00d3W 150 g &#8211; FLORBU"},"content":{"rendered":"<p>SK\u0141ADNIKI <br \/>m\u0105ka PSZENNA, t\u0142uszcz ro\u015blinny palmowy, substancja s\u0142odz\u0105ca (maltitol), odt\u0142uszczone kakao w proszku (3,2 %), m\u0105ka ry\u017cowa, b\u0142onnik ro\u015blinny, aromaty, substancje spulchniaj\u0105ce (w\u0119glany magnezu, wodorow\u0119glan sodu, w\u0119glan wapnia), barwnik (karoteny). <\/p>\n<p>OPIS <br \/>Produkt w swoim sk\u0142adzie zawiera wy\u0142\u0105cznie naturalnie wyst\u0119puj\u0105ce cukry, a ponadto charakteryzuje si\u0119 pysznym smakiem. <br \/>Wafelki nadziewane sprawdz\u0105 si\u0119 r\u00f3wnie\u017c jako s\u0142odka przek\u0105ska podczas d\u0142ugiej podr\u00f3\u017cy lub wyprawy w g\u00f3ry. <br \/>Zawiera substancje s\u0142odz\u0105ce.<br \/>Spo\u017cycie w nadmiernych ilo\u015bciach mo\u017ce mie\u0107 efekt przeczyszczaj\u0105cy. <\/p>\n<p>WARTO\u015a\u0106 OD\u017bYWCZA W 100 g<br \/>Warto\u015b\u0107 energetyczna: 2014 kJ\/483 kcal <br \/>T\u0142uszcz: 27 g <br \/>w tym kwasy t\u0142uszczowe nasycone: 13 g<br \/>W\u0119glowodany: 60 g<br \/>w tym cukry: 2,5 g<br \/>alkohole wielowodorotlenowe: 20 g<br \/>B\u0142onnik: 4,3 g<br \/>Bia\u0142ko: 5,9 g<br \/>S\u00f3l: 0,12 g<\/p>\n<p>INFORMACJA ALERGENNA<br \/>Mo\u017ce zawiera\u0107 MLEKO i ORZECHY <\/p>\n<p>ZALECANE WARUNKI PRZECHOWYWANIA<br \/>Przechowywa\u0107 w suchym i ch\u0142odnym miejscu.  <\/p>","protected":false},"excerpt":{"rendered":"<p>SK\u0141ADNIKI m\u0105ka PSZENNA, t\u0142uszcz ro\u015blinny palmowy, substancja s\u0142odz\u0105ca (maltitol), odt\u0142uszczone kakao w proszku (3,2 %), m\u0105ka ry\u017cowa, b\u0142onnik ro\u015blinny, aromaty, substancje spulchniaj\u0105ce (w\u0119glany magnezu, wodorow\u0119glan sodu, w\u0119glan wapnia), barwnik (karoteny). OPIS Produkt w swoim sk\u0142adzie zawiera wy\u0142\u0105cznie naturalnie wyst\u0119puj\u0105ce cukry, a ponadto charakteryzuje si\u0119 pysznym smakiem. Wafelki nadziewane sprawdz\u0105 si\u0119 r\u00f3wnie\u017c jako s\u0142odka przek\u0105ska podczas [&hellip;]<\/p>","protected":false},"featured_media":8417,"comment_status":"closed","ping_status":"open","template":"","meta":{"_acf_changed":false},"product_brand":[],"product_cat":[465,139],"product_tag":[],"class_list":{"0":"post-8416","1":"product","2":"type-product","3":"status-publish","4":"has-post-thumbnail","6":"product_cat-batony-wafelki-sezamki","7":"product_cat-slodycze-i-przekaski","8":"pa_ean-matka-6501","9":"pa_gwarancja-przydatnosci-311","10":"pa_ilosc-w-opakowaniu-372","11":"pa_jednostka-podstawowa-szt","12":"pa_kod-cn-1905-32-99","13":"pa_masa-netto-197","14":"pa_objetosc-brutto-521","15":"pa_producent-florbu-ciastka-bez-dodatku-cukru","16":"pa_producent-nazwa-adres-mercatare-michal-zbyszewski-skawinska-25-lok-5-31-066-krakow","17":"pa_tagi-bez-cukru-w-skladnikach","18":"pa_tagi-weganski","19":"pa_tagi-wegetarianski","21":"first","22":"instock","23":"taxable","24":"shipping-taxable","25":"purchasable","26":"product-type-simple"},"acf":[],"_links":{"self":[{"href":"https:\/\/wiejskieprzysmaki.estima.site\/en\/wp-json\/wp\/v2\/product\/8416","targetHints":{"allow":["GET"]}}],"collection":[{"href":"https:\/\/wiejskieprzysmaki.estima.site\/en\/wp-json\/wp\/v2\/product"}],"about":[{"href":"https:\/\/wiejskieprzysmaki.estima.site\/en\/wp-json\/wp\/v2\/types\/product"}],"replies":[{"embeddable":true,"href":"https:\/\/wiejskieprzysmaki.estima.site\/en\/wp-json\/wp\/v2\/comments?post=8416"}],"wp:featuredmedia":[{"embeddable":true,"href":"https:\/\/wiejskieprzysmaki.estima.site\/en\/wp-json\/wp\/v2\/media\/8417"}],"wp:attachment":[{"href":"https:\/\/wiejskieprzysmaki.estima.site\/en\/wp-json\/wp\/v2\/media?parent=8416"}],"wp:term":[{"taxonomy":"product_brand","embeddable":true,"href":"https:\/\/wiejskieprzysmaki.estima.site\/en\/wp-json\/wp\/v2\/product_brand?post=8416"},{"taxonomy":"product_cat","embeddable":true,"href":"https:\/\/wiejskieprzysmaki.estima.site\/en\/wp-json\/wp\/v2\/product_cat?post=8416"},{"taxonomy":"product_tag","embeddable":true,"href":"https:\/\/wiejskieprzysmaki.estima.site\/en\/wp-json\/wp\/v2\/product_tag?post=8416"}],"curies":[{"name":"wp","href":"https:\/\/api.w.org\/{rel}","templated":true}]}}