{"id":8450,"date":"2025-02-18T11:55:46","date_gmt":"2025-02-18T10:55:46","guid":{"rendered":"https:\/\/wiejskieprzysmaki.estima.site\/produkt\/buraczki-tarte-bezglutenowe-demeter-bio-480-g-kowalewski\/"},"modified":"2025-02-18T11:55:54","modified_gmt":"2025-02-18T10:55:54","slug":"buraczki-tarte-bezglutenowe-demeter-bio-480-g-kowalewski","status":"publish","type":"product","link":"https:\/\/wiejskieprzysmaki.estima.site\/en\/product\/buraczki-tarte-bezglutenowe-demeter-bio-480-g-kowalewski\/","title":{"rendered":"BURACZKI TARTE BEZGLUTENOWE DEMETER BIO 480 g &#8211; KOWALEWSKI"},"content":{"rendered":"<p>SK\u0141ADNIKI<br \/>ekologiczne buraki \u0107wik\u0142owe demeter* 89 %, sok z ekologicznych burak\u00f3w \u0107wik\u0142owych demeter* 8 %, ekologiczny ocet jab\u0142kowy, ekologiczne przyprawy. * z certyfikowanej ekologicznej produkcji biodynamicznej Demeter. <\/p>\n<p>OPIS<br \/>Produkt pasteryzowany. Do bezpo\u015bredniego spo\u017cycia. <\/p>\n<p>WARTO\u015a\u0106 OD\u017bYWCZA W 100 ml<br \/>Warto\u015b\u0107 energetyczna: 191 kJ\/45 kcal\u00a0 <br \/>T\u0142uszcz: <0,5 g <br \/>w tym kwasy t\u0142uszczowe nasycone: <0,1 g <br \/>W\u0119glowodany: 8,2 g <br \/>w tym cukry: 7,7 g <br \/>B\u0142onnik: 2,0 g<br \/>Bia\u0142ko: 1,7 g <br \/>S\u00f3l: 0,13 g <\/p>\n<p>ZALECANE WARUNKI PRZECHOWYWANIA<br \/>Przechowywa\u0107 w suchym, ch\u0142odnym i zacienionym miejscu. Po otwarciu przechowywa\u0107 w lod\u00f3wce w szczelnie zamkni\u0119tym oryginalnym opakowaniu i spo\u017cy\u0107 w ci\u0105gu 48 godzin. <\/p>","protected":false},"excerpt":{"rendered":"<p>SK\u0141ADNIKIekologiczne buraki \u0107wik\u0142owe demeter* 89 %, sok z ekologicznych burak\u00f3w \u0107wik\u0142owych demeter* 8 %, ekologiczny ocet jab\u0142kowy, ekologiczne przyprawy. * z certyfikowanej ekologicznej produkcji biodynamicznej Demeter. OPISProdukt pasteryzowany. Do bezpo\u015bredniego spo\u017cycia. WARTO\u015a\u0106 OD\u017bYWCZA W 100 mlWarto\u015b\u0107 energetyczna: 191 kJ\/45 kcal\u00a0 T\u0142uszcz:<\/p>","protected":false},"featured_media":8451,"comment_status":"closed","ping_status":"open","template":"","meta":{"_acf_changed":false},"product_brand":[],"product_cat":[1061,180],"product_tag":[],"class_list":{"0":"post-8450","1":"product","2":"type-product","3":"status-publish","4":"has-post-thumbnail","6":"product_cat-marynowane-kiszone","7":"product_cat-warzywa-i-grzyby-przetworzone","8":"pa_ean-matka-6523","9":"pa_gwarancja-przydatnosci-320","10":"pa_ilosc-w-opakowaniu-298","11":"pa_jednostka-podstawowa-szt","12":"pa_kod-cn-2005-99-80","13":"pa_masa-netto-2768","14":"pa_objetosc-brutto-3198","15":"pa_producent-kowalewski-przetwory-warzywne-dania-gotowe","16":"pa_producent-nazwa-adres-kowalewski-spolka-z-ograniczona-odpowiedzialnoscia-98-200-sieradz-stawiszcze-1a","17":"pa_tagi-bez-cukru-w-skladnikach","18":"pa_tagi-bez-glutenu-deklaracja","19":"pa_tagi-bez-glutenu-w-skladnikach","20":"pa_tagi-certyfikat-bio","21":"pa_tagi-weganski","22":"pa_tagi-wegetarianski","24":"first","25":"instock","26":"taxable","27":"shipping-taxable","28":"purchasable","29":"product-type-simple"},"acf":[],"_links":{"self":[{"href":"https:\/\/wiejskieprzysmaki.estima.site\/en\/wp-json\/wp\/v2\/product\/8450","targetHints":{"allow":["GET"]}}],"collection":[{"href":"https:\/\/wiejskieprzysmaki.estima.site\/en\/wp-json\/wp\/v2\/product"}],"about":[{"href":"https:\/\/wiejskieprzysmaki.estima.site\/en\/wp-json\/wp\/v2\/types\/product"}],"replies":[{"embeddable":true,"href":"https:\/\/wiejskieprzysmaki.estima.site\/en\/wp-json\/wp\/v2\/comments?post=8450"}],"wp:featuredmedia":[{"embeddable":true,"href":"https:\/\/wiejskieprzysmaki.estima.site\/en\/wp-json\/wp\/v2\/media\/8451"}],"wp:attachment":[{"href":"https:\/\/wiejskieprzysmaki.estima.site\/en\/wp-json\/wp\/v2\/media?parent=8450"}],"wp:term":[{"taxonomy":"product_brand","embeddable":true,"href":"https:\/\/wiejskieprzysmaki.estima.site\/en\/wp-json\/wp\/v2\/product_brand?post=8450"},{"taxonomy":"product_cat","embeddable":true,"href":"https:\/\/wiejskieprzysmaki.estima.site\/en\/wp-json\/wp\/v2\/product_cat?post=8450"},{"taxonomy":"product_tag","embeddable":true,"href":"https:\/\/wiejskieprzysmaki.estima.site\/en\/wp-json\/wp\/v2\/product_tag?post=8450"}],"curies":[{"name":"wp","href":"https:\/\/api.w.org\/{rel}","templated":true}]}}