{"id":846,"date":"2025-02-18T10:32:24","date_gmt":"2025-02-18T09:32:24","guid":{"rendered":"https:\/\/wiejskieprzysmaki.estima.site\/produkt\/zurawina-slodzona-sokiem-jablkowym-bio-400-g-bio-planet\/"},"modified":"2025-02-18T10:32:27","modified_gmt":"2025-02-18T09:32:27","slug":"zurawina-slodzona-sokiem-jablkowym-bio-400-g-bio-planet","status":"publish","type":"product","link":"https:\/\/wiejskieprzysmaki.estima.site\/en\/product\/zurawina-slodzona-sokiem-jablkowym-bio-400-g-bio-planet\/","title":{"rendered":"\u017bURAWINA S\u0141ODZONA SOKIEM JAB\u0141KOWYM BIO 400 g &#8211; BIO PLANET"},"content":{"rendered":"<p>SK\u0141ADNIKI<br \/>\u017curawina* (60 %), koncentrat soku jab\u0142kowego* (39 %), olej s\u0142onecznikowy* (*certyfikowany sk\u0142adnik ekologiczny).<\/p>\n<p>OPIS<br \/>Ekologiczna \u017curawina suszona ci\u0119ta s\u0142odzona sokiem jab\u0142kowym to doskona\u0142a i po\u017cywna samodzielna przek\u0105ska. Polecamy r\u00f3wnie\u017c jako dodatek do deser\u00f3w, p\u0142atk\u00f3w \u015bniadaniowych, ciast, lod\u00f3w oraz jako sk\u0142adnik sos\u00f3w i potraw mi\u0119snych. <\/p>\n<p>WARTO\u015a\u0106 OD\u017bYWCZA W 100 g<br \/>Warto\u015b\u0107 energetyczna \t1382 kJ\/326 kcal<br \/>T\u0142uszcz \t0,5 g<br \/>w tym kwasy t\u0142uszczowe nasycone \t0,1 g<br \/>W\u0119glowodany \t77 g<br \/>w tym cukry \t58 g<br \/>B\u0142onnik \t4,0 g<br \/>Bia\u0142ko \t1,5 g<br \/>S\u00f3l \t0,05 g<\/p>\n<p>ZALECANE WARUNKI PRZECHOWYWANIA<br \/>Przechowywa\u0107 w suchym i ch\u0142odnym miejscu.<\/p>","protected":false},"excerpt":{"rendered":"<p>SK\u0141ADNIKI\u017curawina* (60 %), koncentrat soku jab\u0142kowego* (39 %), olej s\u0142onecznikowy* (*certyfikowany sk\u0142adnik ekologiczny). OPISEkologiczna \u017curawina suszona ci\u0119ta s\u0142odzona sokiem jab\u0142kowym to doskona\u0142a i po\u017cywna samodzielna przek\u0105ska. Polecamy r\u00f3wnie\u017c jako dodatek do deser\u00f3w, p\u0142atk\u00f3w \u015bniadaniowych, ciast, lod\u00f3w oraz jako sk\u0142adnik sos\u00f3w i potraw mi\u0119snych. WARTO\u015a\u0106 OD\u017bYWCZA W 100 gWarto\u015b\u0107 energetyczna 1382 kJ\/326 kcalT\u0142uszcz 0,5 gw tym [&hellip;]<\/p>","protected":false},"featured_media":847,"comment_status":"closed","ping_status":"open","template":"","meta":{"_acf_changed":false},"product_brand":[],"product_cat":[830],"product_tag":[],"class_list":{"0":"post-846","1":"product","2":"type-product","3":"status-publish","4":"has-post-thumbnail","6":"product_cat-orzechy-i-owoce-suszone","7":"pa_ean-matka-849","8":"pa_ean-matka-850","9":"pa_gwarancja-przydatnosci-324","10":"pa_ilosc-w-opakowaniu-298","11":"pa_jednostka-podstawowa-szt","12":"pa_kod-cn-2006-00-38","13":"pa_kraj-pochodzenia-skladnikow-kanada","14":"pa_masa-netto-268","15":"pa_objetosc-brutto-204","16":"pa_producent-bio-planet-seria-fioletowa-owoce-suszone","17":"pa_producent-nazwa-adres-bio-planet-s-a-wilkowa-wies-7-05-084-leszno","18":"pa_tagi-bez-glutenu-w-skladnikach","19":"pa_tagi-certyfikat-bio","20":"pa_tagi-weganski","21":"pa_tagi-wegetarianski","23":"first","24":"instock","25":"taxable","26":"shipping-taxable","27":"purchasable","28":"product-type-simple"},"acf":[],"_links":{"self":[{"href":"https:\/\/wiejskieprzysmaki.estima.site\/en\/wp-json\/wp\/v2\/product\/846","targetHints":{"allow":["GET"]}}],"collection":[{"href":"https:\/\/wiejskieprzysmaki.estima.site\/en\/wp-json\/wp\/v2\/product"}],"about":[{"href":"https:\/\/wiejskieprzysmaki.estima.site\/en\/wp-json\/wp\/v2\/types\/product"}],"replies":[{"embeddable":true,"href":"https:\/\/wiejskieprzysmaki.estima.site\/en\/wp-json\/wp\/v2\/comments?post=846"}],"wp:featuredmedia":[{"embeddable":true,"href":"https:\/\/wiejskieprzysmaki.estima.site\/en\/wp-json\/wp\/v2\/media\/847"}],"wp:attachment":[{"href":"https:\/\/wiejskieprzysmaki.estima.site\/en\/wp-json\/wp\/v2\/media?parent=846"}],"wp:term":[{"taxonomy":"product_brand","embeddable":true,"href":"https:\/\/wiejskieprzysmaki.estima.site\/en\/wp-json\/wp\/v2\/product_brand?post=846"},{"taxonomy":"product_cat","embeddable":true,"href":"https:\/\/wiejskieprzysmaki.estima.site\/en\/wp-json\/wp\/v2\/product_cat?post=846"},{"taxonomy":"product_tag","embeddable":true,"href":"https:\/\/wiejskieprzysmaki.estima.site\/en\/wp-json\/wp\/v2\/product_tag?post=846"}],"curies":[{"name":"wp","href":"https:\/\/api.w.org\/{rel}","templated":true}]}}