{"id":8464,"date":"2025-02-18T11:55:57","date_gmt":"2025-02-18T10:55:57","guid":{"rendered":"https:\/\/wiejskieprzysmaki.estima.site\/produkt\/sezamki-slodzone-maltitolem-i-ksylitolem-27-g-santini\/"},"modified":"2025-02-18T11:56:00","modified_gmt":"2025-02-18T10:56:00","slug":"sezamki-slodzone-maltitolem-i-ksylitolem-27-g-santini","status":"publish","type":"product","link":"https:\/\/wiejskieprzysmaki.estima.site\/en\/product\/sezamki-slodzone-maltitolem-i-ksylitolem-27-g-santini\/","title":{"rendered":"SEZAMKI S\u0141ODZONE MALTITOLEM I KSYLITOLEM 27 g &#8211; SANTINI"},"content":{"rendered":"<p>SK\u0141ADNIKI<br \/>NASIONA SEZAMU 50 %, substancje s\u0142odz\u0105ce: syrop maltitolowy, ksylitol.  <\/p>\n<p>OPIS<br \/>To idealna propozycja przek\u0105ski do porannej kawy. \u015awietne w podr\u00f3\u017cy, pracy, a tak\u017ce w szkole.<br \/>Zawiera substancje s\u0142odz\u0105ce. Bez dodatku cuku. Zawiera naturalnie wyst\u0119puj\u0105ce cukry. <\/p>\n<p>WARTO\u015a\u0106 OD\u017bYWCZA W 100 g<br \/>Warto\u015b\u0107 energetyczna: 2083 kJ\/500 kcal <br \/>T\u0142uszcz: 31 g <br \/>w tym kwasy t\u0142uszczowe nasycone: 4,8 g  <br \/>W\u0119glowodany: 28 g <br \/>w tym cukry: 0,9 g <br \/>alkohole wielowodorotlenowe: 24 g<br \/>B\u0142onnik: 1,6 g<br \/>Bia\u0142ko: 13 g <br \/>S\u00f3l: 0,06 g <\/p>\n<p>UWAGA<br \/>Spo\u017cycie w nadmiernych ilo\u015bciach mo\u017ce mie\u0107 efekt przeczyszczaj\u0105cy.<\/p>\n<p>INFORMACJA ALERGENNA<br \/>Produkt mo\u017ce zawiera\u0107 ORZESZKI ZIEMNE i orzechy.<\/p>\n<p>ZALECANE WARUNKI PRZECHOWYWANIA<br \/>Przechowywa\u0107 w temperaturze max. 25 stopni Celsjusza i wilgotno\u015bci max. do 65 %. <\/p>","protected":false},"excerpt":{"rendered":"<p>SK\u0141ADNIKINASIONA SEZAMU 50 %, substancje s\u0142odz\u0105ce: syrop maltitolowy, ksylitol. OPISTo idealna propozycja przek\u0105ski do porannej kawy. \u015awietne w podr\u00f3\u017cy, pracy, a tak\u017ce w szkole.Zawiera substancje s\u0142odz\u0105ce. Bez dodatku cuku. Zawiera naturalnie wyst\u0119puj\u0105ce cukry. WARTO\u015a\u0106 OD\u017bYWCZA W 100 gWarto\u015b\u0107 energetyczna: 2083 kJ\/500 kcal T\u0142uszcz: 31 g w tym kwasy t\u0142uszczowe nasycone: 4,8 g W\u0119glowodany: 28 g [&hellip;]<\/p>","protected":false},"featured_media":8465,"comment_status":"closed","ping_status":"open","template":"","meta":{"_acf_changed":false},"product_brand":[],"product_cat":[465,139],"product_tag":[],"class_list":{"0":"post-8464","1":"product","2":"type-product","3":"status-publish","4":"has-post-thumbnail","6":"product_cat-batony-wafelki-sezamki","7":"product_cat-slodycze-i-przekaski","8":"pa_ean-matka-6533","9":"pa_gwarancja-przydatnosci-320","10":"pa_ilosc-w-opakowaniu-2428","11":"pa_jednostka-podstawowa-szt","12":"pa_kod-cn-1704-90-99","13":"pa_masa-netto-1373","14":"pa_objetosc-brutto-6532","15":"pa_producent-santini-ksylitol-gumy-do-zucia-spry","16":"pa_producent-nazwa-adres-santini-justyna-zjawinska-chlebowa-4-8-61-003-poznan","17":"pa_tagi-bez-cukru-w-skladnikach","18":"pa_tagi-bez-glutenu-w-skladnikach","19":"pa_tagi-weganski","20":"pa_tagi-wegetarianski","22":"first","23":"instock","24":"taxable","25":"shipping-taxable","26":"purchasable","27":"product-type-simple"},"acf":[],"_links":{"self":[{"href":"https:\/\/wiejskieprzysmaki.estima.site\/en\/wp-json\/wp\/v2\/product\/8464","targetHints":{"allow":["GET"]}}],"collection":[{"href":"https:\/\/wiejskieprzysmaki.estima.site\/en\/wp-json\/wp\/v2\/product"}],"about":[{"href":"https:\/\/wiejskieprzysmaki.estima.site\/en\/wp-json\/wp\/v2\/types\/product"}],"replies":[{"embeddable":true,"href":"https:\/\/wiejskieprzysmaki.estima.site\/en\/wp-json\/wp\/v2\/comments?post=8464"}],"wp:featuredmedia":[{"embeddable":true,"href":"https:\/\/wiejskieprzysmaki.estima.site\/en\/wp-json\/wp\/v2\/media\/8465"}],"wp:attachment":[{"href":"https:\/\/wiejskieprzysmaki.estima.site\/en\/wp-json\/wp\/v2\/media?parent=8464"}],"wp:term":[{"taxonomy":"product_brand","embeddable":true,"href":"https:\/\/wiejskieprzysmaki.estima.site\/en\/wp-json\/wp\/v2\/product_brand?post=8464"},{"taxonomy":"product_cat","embeddable":true,"href":"https:\/\/wiejskieprzysmaki.estima.site\/en\/wp-json\/wp\/v2\/product_cat?post=8464"},{"taxonomy":"product_tag","embeddable":true,"href":"https:\/\/wiejskieprzysmaki.estima.site\/en\/wp-json\/wp\/v2\/product_tag?post=8464"}],"curies":[{"name":"wp","href":"https:\/\/api.w.org\/{rel}","templated":true}]}}