{"id":8484,"date":"2025-02-18T11:56:06","date_gmt":"2025-02-18T10:56:06","guid":{"rendered":"https:\/\/wiejskieprzysmaki.estima.site\/produkt\/sliwki-w-occie-bezglutenowe-500-g-250-g-krokus\/"},"modified":"2025-02-18T11:56:14","modified_gmt":"2025-02-18T10:56:14","slug":"sliwki-w-occie-bezglutenowe-500-g-250-g-krokus","status":"publish","type":"product","link":"https:\/\/wiejskieprzysmaki.estima.site\/en\/product\/sliwki-w-occie-bezglutenowe-500-g-250-g-krokus\/","title":{"rendered":"\u015aLIWKI W OCCIE BEZGLUTENOWE 500 g (250 g) &#8211; KROKUS"},"content":{"rendered":"<p>SK\u0141ADNIKI<br \/>\u015bliwki, woda, cukier, ocet spirytusowy, cynamon, ziele angielskie, li\u015b\u0107 laurowy, go\u017adziki.<\/p>\n<p>OPIS<br \/>Produkt pasteryzowany.<\/p>\n<p>WARTO\u015a\u0106 OD\u017bYWCZA W 100 g <br \/>Warto\u015b\u0107 energetyczna: 401 kJ\/94 kcal  <br \/>T\u0142uszcz: 0 g  <br \/>w tym kwasy t\u0142uszczowe nasycone: 0 g  <br \/>W\u0119glowodany: 23 g  <br \/>w tym cukry: 22 g  <br \/>Bia\u0142ko: 0,6 g  <br \/>S\u00f3l: 0 g<\/p>\n<p>ZALECANE WARUNKI PRZECHOWYWANIA  <br \/>Przechowywa\u0107 w suchym i ch\u0142odnym miejscu. Po otwarciu przechowywa\u0107 w lod\u00f3wce.<\/p>","protected":false},"excerpt":{"rendered":"<p>SK\u0141ADNIKI\u015bliwki, woda, cukier, ocet spirytusowy, cynamon, ziele angielskie, li\u015b\u0107 laurowy, go\u017adziki. OPISProdukt pasteryzowany. WARTO\u015a\u0106 OD\u017bYWCZA W 100 g Warto\u015b\u0107 energetyczna: 401 kJ\/94 kcal T\u0142uszcz: 0 g w tym kwasy t\u0142uszczowe nasycone: 0 g W\u0119glowodany: 23 g w tym cukry: 22 g Bia\u0142ko: 0,6 g S\u00f3l: 0 g ZALECANE WARUNKI PRZECHOWYWANIA Przechowywa\u0107 w suchym i ch\u0142odnym [&hellip;]<\/p>","protected":false},"featured_media":8485,"comment_status":"closed","ping_status":"open","template":"","meta":{"_acf_changed":false},"product_brand":[],"product_cat":[1792,998],"product_tag":[],"class_list":{"0":"post-8484","1":"product","2":"type-product","3":"status-publish","4":"has-post-thumbnail","6":"product_cat-owoce-w-zalewie-kiszone","7":"product_cat-przetwory-warzywne-i-owocowe","8":"pa_ean-matka-6546","9":"pa_gwarancja-przydatnosci-311","10":"pa_ilosc-w-opakowaniu-298","11":"pa_jednostka-podstawowa-szt","12":"pa_kod-cn-2001-90-97","13":"pa_kraj-pochodzenia-skladnikow-polska","14":"pa_masa-netto-347","15":"pa_objetosc-brutto-916","16":"pa_producent-krokus-przetwory-owocowe-i-warzywne","17":"pa_producent-nazwa-adres-krokus-przetwornia-owocow-i-warzyw-czeslaw-caryk-sp-j-pajakow-25-b-26-704-przylek","18":"pa_tagi-bez-glutenu-deklaracja","19":"pa_tagi-bez-glutenu-w-skladnikach","20":"pa_tagi-weganski","21":"pa_tagi-wegetarianski","23":"first","24":"instock","25":"taxable","26":"shipping-taxable","27":"purchasable","28":"product-type-simple"},"acf":[],"_links":{"self":[{"href":"https:\/\/wiejskieprzysmaki.estima.site\/en\/wp-json\/wp\/v2\/product\/8484","targetHints":{"allow":["GET"]}}],"collection":[{"href":"https:\/\/wiejskieprzysmaki.estima.site\/en\/wp-json\/wp\/v2\/product"}],"about":[{"href":"https:\/\/wiejskieprzysmaki.estima.site\/en\/wp-json\/wp\/v2\/types\/product"}],"replies":[{"embeddable":true,"href":"https:\/\/wiejskieprzysmaki.estima.site\/en\/wp-json\/wp\/v2\/comments?post=8484"}],"wp:featuredmedia":[{"embeddable":true,"href":"https:\/\/wiejskieprzysmaki.estima.site\/en\/wp-json\/wp\/v2\/media\/8485"}],"wp:attachment":[{"href":"https:\/\/wiejskieprzysmaki.estima.site\/en\/wp-json\/wp\/v2\/media?parent=8484"}],"wp:term":[{"taxonomy":"product_brand","embeddable":true,"href":"https:\/\/wiejskieprzysmaki.estima.site\/en\/wp-json\/wp\/v2\/product_brand?post=8484"},{"taxonomy":"product_cat","embeddable":true,"href":"https:\/\/wiejskieprzysmaki.estima.site\/en\/wp-json\/wp\/v2\/product_cat?post=8484"},{"taxonomy":"product_tag","embeddable":true,"href":"https:\/\/wiejskieprzysmaki.estima.site\/en\/wp-json\/wp\/v2\/product_tag?post=8484"}],"curies":[{"name":"wp","href":"https:\/\/api.w.org\/{rel}","templated":true}]}}