{"id":8511,"date":"2025-02-18T11:56:19","date_gmt":"2025-02-18T10:56:19","guid":{"rendered":"https:\/\/wiejskieprzysmaki.estima.site\/produkt\/budyn-o-smaku-jagodowym-bezglutenowy-40-g-celiko\/"},"modified":"2025-02-18T11:56:27","modified_gmt":"2025-02-18T10:56:27","slug":"budyn-o-smaku-jagodowym-bezglutenowy-40-g-celiko","status":"publish","type":"product","link":"https:\/\/wiejskieprzysmaki.estima.site\/en\/product\/budyn-o-smaku-jagodowym-bezglutenowy-40-g-celiko\/","title":{"rendered":"BUDY\u0143 O SMAKU JAGODOWYM BEZGLUTENOWY 40 g &#8211; CELIKO"},"content":{"rendered":"<p>SK\u0141ADNIKI<br \/>skrobia kukurydziana, skrobia ziemniaczana, sok z buraka czerwonego w proszku, zag\u0119szczony sok jagodowy w proszku 0,6 % (maltodekstryna, sok jagodowy), aromat.  <\/p>\n<p>OPIS<br \/>Smaczny budy\u0144 jagodowy bez cukru. Charakteryzuje si\u0119 wyj\u0105tkow\u0105, puszyst\u0105 i kremow\u0105 konsystencj\u0105. Produkt odpowiedni dla WEGAN &#8211; mo\u017cesz przygotowa\u0107 r\u00f3wnie\u017c na napoju ro\u015blinnym. \u015awietnie nadaje si\u0119 do wypiek\u00f3w.<\/p>\n<p>SPOS\u00d3B PRZYGOTOWANIA<br \/>Z 0,5 l zimnego MLEKA odla\u0107 1\/2 szklanki, wsypa\u0107 zawarto\u015b\u0107 opakowania i dobrze rozmiesza\u0107. Do reszty MLEKA doda\u0107 dwie \u0142y\u017cki cukru (ok. 40 g) i zagotowa\u0107. Do gotuj\u0105cego si\u0119 MLEKA wla\u0107 rozprowadzony w MLEKU proszek, ci\u0105gle mieszaj\u0105c gotowa\u0107 jeszcze przez chwil\u0119. Do uprzednio wyp\u0142ukanych zimn\u0105 wod\u0105 salaterek wla\u0107 gotowy budy\u0144 i pozostawi\u0107 do st\u0119\u017cenia.<br \/>Do przyrz\u0105dzenia budyniu mo\u017cna r\u00f3wnie\u017c u\u017cy\u0107 napoju ro\u015blinnego wega\u0144skiego (kokosowego, ry\u017cowego).<\/p>\n<p>WARTO\u015a\u0106 OD\u017bYWCZA W 100 g<br \/>Warto\u015b\u0107 energetyczna: 1458 kJ \/ 348 kcal<br \/>T\u0142uszcz: 0,1 g<br \/>w tym kwasy t\u0142uszczowe nasycone: 0 g<br \/>W\u0119glowodany: 86,6 g<br \/>w tym cukry: 1,2 g<br \/>Bia\u0142ko: 0,3 g<br \/>S\u00f3l: 0,04 g<\/p>\n<p>ZALECANE WARUNKI PRZECHOWYWANIA<br \/>Przechowywa\u0107 w suchym i ch\u0142odnym miejscu.<\/p>","protected":false},"excerpt":{"rendered":"<p>SK\u0141ADNIKIskrobia kukurydziana, skrobia ziemniaczana, sok z buraka czerwonego w proszku, zag\u0119szczony sok jagodowy w proszku 0,6 % (maltodekstryna, sok jagodowy), aromat. OPISSmaczny budy\u0144 jagodowy bez cukru. Charakteryzuje si\u0119 wyj\u0105tkow\u0105, puszyst\u0105 i kremow\u0105 konsystencj\u0105. Produkt odpowiedni dla WEGAN &#8211; mo\u017cesz przygotowa\u0107 r\u00f3wnie\u017c na napoju ro\u015blinnym. \u015awietnie nadaje si\u0119 do wypiek\u00f3w. SPOS\u00d3B PRZYGOTOWANIAZ 0,5 l zimnego MLEKA [&hellip;]<\/p>","protected":false},"featured_media":8512,"comment_status":"closed","ping_status":"open","template":"","meta":{"_acf_changed":false},"product_brand":[],"product_cat":[396],"product_tag":[],"class_list":{"0":"post-8511","1":"product","2":"type-product","3":"status-publish","4":"has-post-thumbnail","6":"product_cat-budynie-galaretki-kisiele","7":"pa_ean-matka-6560","8":"pa_gwarancja-przydatnosci-311","9":"pa_ilosc-w-opakowaniu-310","10":"pa_jednostka-podstawowa-szt","11":"pa_kod-cn-1901-90-99","12":"pa_masa-netto-351","13":"pa_objetosc-brutto-3148","14":"pa_producent-celiko-batony-galaretki-mieszanki-do-wypiekow","15":"pa_producent-nazwa-adres-celiko-sa-ul-sw-antoniego-71-61-359-poznan","16":"pa_tagi-bez-cukru-w-skladnikach","17":"pa_tagi-bez-glutenu-deklaracja","18":"pa_tagi-bez-glutenu-w-skladnikach","19":"pa_tagi-weganski","20":"pa_tagi-wegetarianski","22":"first","23":"instock","24":"taxable","25":"shipping-taxable","26":"purchasable","27":"product-type-simple"},"acf":[],"_links":{"self":[{"href":"https:\/\/wiejskieprzysmaki.estima.site\/en\/wp-json\/wp\/v2\/product\/8511","targetHints":{"allow":["GET"]}}],"collection":[{"href":"https:\/\/wiejskieprzysmaki.estima.site\/en\/wp-json\/wp\/v2\/product"}],"about":[{"href":"https:\/\/wiejskieprzysmaki.estima.site\/en\/wp-json\/wp\/v2\/types\/product"}],"replies":[{"embeddable":true,"href":"https:\/\/wiejskieprzysmaki.estima.site\/en\/wp-json\/wp\/v2\/comments?post=8511"}],"wp:featuredmedia":[{"embeddable":true,"href":"https:\/\/wiejskieprzysmaki.estima.site\/en\/wp-json\/wp\/v2\/media\/8512"}],"wp:attachment":[{"href":"https:\/\/wiejskieprzysmaki.estima.site\/en\/wp-json\/wp\/v2\/media?parent=8511"}],"wp:term":[{"taxonomy":"product_brand","embeddable":true,"href":"https:\/\/wiejskieprzysmaki.estima.site\/en\/wp-json\/wp\/v2\/product_brand?post=8511"},{"taxonomy":"product_cat","embeddable":true,"href":"https:\/\/wiejskieprzysmaki.estima.site\/en\/wp-json\/wp\/v2\/product_cat?post=8511"},{"taxonomy":"product_tag","embeddable":true,"href":"https:\/\/wiejskieprzysmaki.estima.site\/en\/wp-json\/wp\/v2\/product_tag?post=8511"}],"curies":[{"name":"wp","href":"https:\/\/api.w.org\/{rel}","templated":true}]}}