{"id":8519,"date":"2025-02-18T11:56:31","date_gmt":"2025-02-18T10:56:31","guid":{"rendered":"https:\/\/wiejskieprzysmaki.estima.site\/produkt\/baton-brownie-bezglutenowy-50-g-baton-warszawski\/"},"modified":"2025-02-18T11:56:31","modified_gmt":"2025-02-18T10:56:31","slug":"baton-brownie-bezglutenowy-50-g-baton-warszawski","status":"publish","type":"product","link":"https:\/\/wiejskieprzysmaki.estima.site\/en\/product\/baton-brownie-bezglutenowy-50-g-baton-warszawski\/","title":{"rendered":"BATON BROWNIE BEZGLUTENOWY 50 g &#8211; BATON WARSZAWSKI"},"content":{"rendered":"<p>SK\u0141ADNIKI<br \/>m\u0105ka jaglana, olej kokosowy, daktyl suszony, siemi\u0119 lniane, czekolada gorzka bez dodatku cukru [miazga kakaowa, substancje s\u0142odz\u0105ce (erytrytol 29,5 %, glikozydy stewiolowe 0,027 %), masa kakaowa, inulina, odt\u0142uszczone kakao w proszku, emulgator: lecytyny (z SOI), aromat waniliowy], s\u0142onecznik, \u015bliwka suszona, wi\u00f3rki kokosowe, ksylitol (substancja s\u0142odz\u0105ca), kakao, s\u00f3l k\u0142odawska, wanilia, woda<\/p>\n<p>OPIS<br \/>Zawiera substancj\u0119 s\u0142odz\u0105c\u0105.<\/p>\n<p>WARTO\u015a\u0106 OD\u017bYWCZA W 100 g<br \/>Warto\u015b\u0107 energetyczna: 1850 kJ\/442 kcal<br \/>T\u0142uszcz: 29 g<br \/>w tym kwasy t\u0142uszczowe nasycone: 16,8 g<br \/>W\u0119glowodany: 37,2 g<br \/>w tym cukry: 11,5 g<br \/>B\u0142onnik: 12 g<br \/>Bia\u0142ko: 8,5 g<br \/>S\u00f3l: 0,22 g<\/p>\n<p>INFORMACJA ALERGENNA<br \/>Mo\u017ce zawiera\u0107 nasiona sezamu.<\/p>\n<p>UWAGA<br \/>Spo\u017cycie w nadmiernych ilo\u015bciach mo\u017ce mie\u0107 efekt przeczyszczaj\u0105cy.<\/p>\n<p>ZALECANE WARUNKI PRZECHOWYWANIA<br \/>Przechowywa\u0107 w suchym i ch\u0142odnym miejscu.<\/p>","protected":false},"excerpt":{"rendered":"<p>SK\u0141ADNIKIm\u0105ka jaglana, olej kokosowy, daktyl suszony, siemi\u0119 lniane, czekolada gorzka bez dodatku cukru [miazga kakaowa, substancje s\u0142odz\u0105ce (erytrytol 29,5 %, glikozydy stewiolowe 0,027 %), masa kakaowa, inulina, odt\u0142uszczone kakao w proszku, emulgator: lecytyny (z SOI), aromat waniliowy], s\u0142onecznik, \u015bliwka suszona, wi\u00f3rki kokosowe, ksylitol (substancja s\u0142odz\u0105ca), kakao, s\u00f3l k\u0142odawska, wanilia, woda OPISZawiera substancj\u0119 s\u0142odz\u0105c\u0105. WARTO\u015a\u0106 OD\u017bYWCZA [&hellip;]<\/p>","protected":false},"featured_media":8520,"comment_status":"closed","ping_status":"open","template":"","meta":{"_acf_changed":false},"product_brand":[],"product_cat":[465,139],"product_tag":[],"class_list":{"0":"post-8519","1":"product","2":"type-product","3":"status-publish","4":"has-post-thumbnail","6":"product_cat-batony-wafelki-sezamki","7":"product_cat-slodycze-i-przekaski","8":"pa_ean-matka-6565","9":"pa_gwarancja-przydatnosci-535","10":"pa_ilosc-w-opakowaniu-392","11":"pa_jednostka-podstawowa-szt","12":"pa_kod-cn-1905-90-80","13":"pa_kraj-pochodzenia-skladnikow-turcja","14":"pa_masa-netto-461","15":"pa_objetosc-brutto-6564","16":"pa_producent-baton-warszawski-batony-ciastka-kremy","17":"pa_producent-nazwa-adres-alicja-malicka-baton-warszawski-ul-pokretna-43-05-500-nowa-iwiczna","18":"pa_tagi-bez-cukru-w-skladnikach","19":"pa_tagi-bez-glutenu-deklaracja","20":"pa_tagi-bez-glutenu-w-skladnikach","21":"pa_tagi-weganski","22":"pa_tagi-wegetarianski","24":"first","25":"instock","26":"taxable","27":"shipping-taxable","28":"purchasable","29":"product-type-simple"},"acf":[],"_links":{"self":[{"href":"https:\/\/wiejskieprzysmaki.estima.site\/en\/wp-json\/wp\/v2\/product\/8519","targetHints":{"allow":["GET"]}}],"collection":[{"href":"https:\/\/wiejskieprzysmaki.estima.site\/en\/wp-json\/wp\/v2\/product"}],"about":[{"href":"https:\/\/wiejskieprzysmaki.estima.site\/en\/wp-json\/wp\/v2\/types\/product"}],"replies":[{"embeddable":true,"href":"https:\/\/wiejskieprzysmaki.estima.site\/en\/wp-json\/wp\/v2\/comments?post=8519"}],"wp:featuredmedia":[{"embeddable":true,"href":"https:\/\/wiejskieprzysmaki.estima.site\/en\/wp-json\/wp\/v2\/media\/8520"}],"wp:attachment":[{"href":"https:\/\/wiejskieprzysmaki.estima.site\/en\/wp-json\/wp\/v2\/media?parent=8519"}],"wp:term":[{"taxonomy":"product_brand","embeddable":true,"href":"https:\/\/wiejskieprzysmaki.estima.site\/en\/wp-json\/wp\/v2\/product_brand?post=8519"},{"taxonomy":"product_cat","embeddable":true,"href":"https:\/\/wiejskieprzysmaki.estima.site\/en\/wp-json\/wp\/v2\/product_cat?post=8519"},{"taxonomy":"product_tag","embeddable":true,"href":"https:\/\/wiejskieprzysmaki.estima.site\/en\/wp-json\/wp\/v2\/product_tag?post=8519"}],"curies":[{"name":"wp","href":"https:\/\/api.w.org\/{rel}","templated":true}]}}