{"id":8547,"date":"2025-02-18T11:56:50","date_gmt":"2025-02-18T10:56:50","guid":{"rendered":"https:\/\/wiejskieprzysmaki.estima.site\/produkt\/maka-pszenna-chlebowa-typ-750-bio-1-kg-probio-bioharmonie\/"},"modified":"2025-02-18T11:56:55","modified_gmt":"2025-02-18T10:56:55","slug":"maka-pszenna-chlebowa-typ-750-bio-1-kg-probio-bioharmonie","status":"publish","type":"product","link":"https:\/\/wiejskieprzysmaki.estima.site\/en\/product\/maka-pszenna-chlebowa-typ-750-bio-1-kg-probio-bioharmonie\/","title":{"rendered":"M\u0104KA PSZENNA CHLEBOWA TYP 750 BIO 1 kg &#8211; PROBIO (BIOHARMONIE)"},"content":{"rendered":"<p>SK\u0141ADNIKI<br \/>m\u0105ka PSZENNA* (*certyfikowany sk\u0142adnik ekologiczny)<\/p>\n<p>OPIS<br \/>M\u0105ka PSZENNA typ 750 Chlebowa znakomicie nadaje si\u0119 do przygotowania tradycyjnego zakwasu i domowego wypieku chleba na zakwasie.<\/p>\n<p>WARTO\u015a\u0106 OD\u017bYWCZA W 100 g<br \/>Warto\u015b\u0107 energetyczna: 1494 kJ \/ 353 kcal<br \/>T\u0142uszcz: 1,7 g<br \/>w tym kwasy t\u0142uszczowe nasycone: 0,2 g<br \/>W\u0119glowodany: 69 g<br \/>w tym cukry: 1,7 g<br \/>B\u0142onnik: 4,2 g<br \/>Bia\u0142ko: 13 g<br \/>S\u00f3l: 0 g<\/p>\n<p>ZALECANE WARUNKI PRZECHOWYWANIA<br \/>Przechowywa\u0107 w suchym miejscu w temperaturze do 25\u02daC<\/p>","protected":false},"excerpt":{"rendered":"<p>SK\u0141ADNIKIm\u0105ka PSZENNA* (*certyfikowany sk\u0142adnik ekologiczny) OPISM\u0105ka PSZENNA typ 750 Chlebowa znakomicie nadaje si\u0119 do przygotowania tradycyjnego zakwasu i domowego wypieku chleba na zakwasie. WARTO\u015a\u0106 OD\u017bYWCZA W 100 gWarto\u015b\u0107 energetyczna: 1494 kJ \/ 353 kcalT\u0142uszcz: 1,7 gw tym kwasy t\u0142uszczowe nasycone: 0,2 gW\u0119glowodany: 69 gw tym cukry: 1,7 gB\u0142onnik: 4,2 gBia\u0142ko: 13 gS\u00f3l: 0 g ZALECANE [&hellip;]<\/p>","protected":false},"featured_media":8548,"comment_status":"closed","ping_status":"open","template":"","meta":{"_acf_changed":false},"product_brand":[],"product_cat":[99,106],"product_tag":[],"class_list":{"0":"post-8547","1":"product","2":"type-product","3":"status-publish","4":"has-post-thumbnail","6":"product_cat-maki-i-skrobie","7":"product_cat-maki-zbozowe-z-glutenem","8":"pa_ean-matka-6589","9":"pa_gwarancja-przydatnosci-324","10":"pa_ilosc-w-opakowaniu-298","11":"pa_jednostka-podstawowa-szt","12":"pa_kod-cn-1101-00-15","13":"pa_masa-netto-209","14":"pa_objetosc-brutto-4630","15":"pa_producent-probio-mieszanki-do-wypiekow-maki","16":"pa_producent-nazwa-adres-pro-bio-spol-s-r-o-lipova-40-78832-stare-mesto-p-sneznikem","17":"pa_tagi-bez-cukru-w-skladnikach","18":"pa_tagi-certyfikat-bio","19":"pa_tagi-weganski","20":"pa_tagi-wegetarianski","22":"first","23":"instock","24":"taxable","25":"shipping-taxable","26":"purchasable","27":"product-type-simple"},"acf":[],"_links":{"self":[{"href":"https:\/\/wiejskieprzysmaki.estima.site\/en\/wp-json\/wp\/v2\/product\/8547","targetHints":{"allow":["GET"]}}],"collection":[{"href":"https:\/\/wiejskieprzysmaki.estima.site\/en\/wp-json\/wp\/v2\/product"}],"about":[{"href":"https:\/\/wiejskieprzysmaki.estima.site\/en\/wp-json\/wp\/v2\/types\/product"}],"replies":[{"embeddable":true,"href":"https:\/\/wiejskieprzysmaki.estima.site\/en\/wp-json\/wp\/v2\/comments?post=8547"}],"wp:featuredmedia":[{"embeddable":true,"href":"https:\/\/wiejskieprzysmaki.estima.site\/en\/wp-json\/wp\/v2\/media\/8548"}],"wp:attachment":[{"href":"https:\/\/wiejskieprzysmaki.estima.site\/en\/wp-json\/wp\/v2\/media?parent=8547"}],"wp:term":[{"taxonomy":"product_brand","embeddable":true,"href":"https:\/\/wiejskieprzysmaki.estima.site\/en\/wp-json\/wp\/v2\/product_brand?post=8547"},{"taxonomy":"product_cat","embeddable":true,"href":"https:\/\/wiejskieprzysmaki.estima.site\/en\/wp-json\/wp\/v2\/product_cat?post=8547"},{"taxonomy":"product_tag","embeddable":true,"href":"https:\/\/wiejskieprzysmaki.estima.site\/en\/wp-json\/wp\/v2\/product_tag?post=8547"}],"curies":[{"name":"wp","href":"https:\/\/api.w.org\/{rel}","templated":true}]}}