{"id":8561,"date":"2025-02-18T11:57:02","date_gmt":"2025-02-18T10:57:02","guid":{"rendered":"https:\/\/wiejskieprzysmaki.estima.site\/produkt\/ekstrakty-w-kroplach-adaptogeny-bezglutenowe-30-ml-pharmovit-clean-label\/"},"modified":"2025-02-20T15:12:03","modified_gmt":"2025-02-20T14:12:03","slug":"ekstrakty-w-kroplach-adaptogeny-bezglutenowe-30-ml-pharmovit-clean-label","status":"publish","type":"product","link":"https:\/\/wiejskieprzysmaki.estima.site\/en\/product\/ekstrakty-w-kroplach-adaptogeny-bezglutenowe-30-ml-pharmovit-clean-label\/","title":{"rendered":"EKSTRAKTY W KROPLACH ADAPTOGENY BEZGLUTENOWE 30 ml &#8211; PHARMOVIT (CLEAN LABEL)"},"content":{"rendered":"<p>SK\u0141ADNIKI<br \/>Ekstrakt z korzenia traganka b\u0142oniastego, ekstrakt z korzenia \u017ce\u0144-szenia syberyjskiego, ekstrakt z korzenia r\u00f3\u017ce\u0144ca g\u00f3rskiego.<\/p>\n<p>Sk\u0142adniki w porcji dziennej &#8211; 9 kropli<br \/>Ekstrakt z korzenia traganka b\u0142oniastego &#8211; 300 mg<br \/>Ekstrakt z korzenia \u017ce\u0144-szenia syberyjskiego &#8211; 170 mg <br \/>Ekstrakt z korzenia r\u00f3\u017ce\u0144ca g\u00f3rskiego &#8211; 130 mg<\/p>\n<p>OPIS<br \/>Suplement diety.<br \/>Ekstrakty w kroplach Adaptogeny to kompozycja 3 ekstrakt\u00f3w ro\u015blinnych (glicerynowo &#8211; wodnych) w kroplach. <br \/>Traganek wykazuje aktywno\u015b\u0107 adaptogenn\u0105 oraz wspiera fizjologiczn\u0105 odporno\u015b\u0107 organizmu w przypadku trudnych warunk\u00f3w otoczenia. <br \/>\u017be\u0144-sze\u0144 syberyjski wspiera prawid\u0142owe kr\u0105\u017cenie krwi, co przyczynia si\u0119 do optymalnej aktywno\u015bci umys\u0142owej i poznawczej, a tak\u017ce wspomaga organizm w stanach przem\u0119czenia i rekonwalescencji. <br \/>R\u00f3\u017ceniec g\u00f3rski pomaga przystosowa\u0107 si\u0119 do emocjonalnego stresu, wspomaga uk\u0142ad nerwowy, przyczynia si\u0119 do pobudzenia i poprawy stanu umys\u0142u oraz wykazuje korzystne dzia\u0142anie w trudno\u015bciach przy zasypianiu i spadku wydajno\u015bci w pracy.<br \/>Produkt nie zawiera konserwant\u00f3w, aromat\u00f3w i barwnik\u00f3w.<\/p>\n<p>ZALECANE SPO\u017bYCIE I INNE UWAGI<br \/>Zalecana porcja produktu do spo\u017cycia w ci\u0105gu dnia niezb\u0119dna do uzyskania korzystnego dzia\u0142ania produktu: Spo\u017cywa\u0107 doustnie 9 kropli dziennie, popi\u0107 szklank\u0105 wody. Przed ka\u017cdym u\u017cyciem wstrz\u0105sn\u0105\u0107. Zalecana porcja dzienna to 9 kropli.<br \/>Nie nale\u017cy przekracza\u0107 zalecanej porcji do spo\u017cycia w ci\u0105gu dnia. Nie stosowa\u0107 w przypadku uczulenia na kt\u00f3rykolwiek ze sk\u0142adnik\u00f3w.<br \/>Ze wzgl\u0119du na obecno\u015b\u0107 \u017ce\u0144-szenia syberyjskiego stosowa\u0107 nie d\u0142u\u017cej ni\u017c 3 miesi\u0105ce.<br \/>Produkt dla doros\u0142ych. Spo\u017cywania produktu nie zaleca si\u0119 kobietom w ci\u0105\u017cy i karmi\u0105cym piersi\u0105.<br \/>Produkt nie mo\u017ce by\u0107 stosowany jako substytut zr\u00f3\u017cnicowanej diety. Wa\u017cne jest prowadzenie zdrowego trybu \u017cycia i zr\u00f3wnowa\u017conego sposobu \u017cywienia.<\/p>\n<p>ZALECANE WARUNKI PRZECHOWYWANIA  <br \/>Chroni\u0107 przed \u015bwiat\u0142em. Przechowywa\u0107 w szczelnie zamkni\u0119tym opakowaniu, w temperaturze pokojowej, w suchym miejscu, w spos\u00f3b niedost\u0119pny dla ma\u0142ych dzieci.<\/p>","protected":false},"excerpt":{"rendered":"<p>SK\u0141ADNIKIEkstrakt z korzenia traganka b\u0142oniastego, ekstrakt z korzenia \u017ce\u0144-szenia syberyjskiego, ekstrakt z korzenia r\u00f3\u017ce\u0144ca g\u00f3rskiego. Sk\u0142adniki w porcji dziennej &#8211; 9 kropliEkstrakt z korzenia traganka b\u0142oniastego &#8211; 300 mgEkstrakt z korzenia \u017ce\u0144-szenia syberyjskiego &#8211; 170 mg Ekstrakt z korzenia r\u00f3\u017ce\u0144ca g\u00f3rskiego &#8211; 130 mg OPISSuplement diety.Ekstrakty w kroplach Adaptogeny to kompozycja 3 ekstrakt\u00f3w ro\u015blinnych (glicerynowo [&hellip;]<\/p>","protected":false},"featured_media":8562,"comment_status":"closed","ping_status":"open","template":"","meta":{"_acf_changed":false},"product_brand":[],"product_cat":[3711,9057],"product_tag":[],"class_list":{"0":"post-8561","1":"product","2":"type-product","3":"status-publish","4":"has-post-thumbnail","6":"product_cat-produkty-w-plynie","7":"product_cat-suplementy-diety","8":"pa_ean-matka-6600","9":"pa_gwarancja-przydatnosci-320","10":"pa_ilosc-w-opakowaniu-435","11":"pa_jednostka-podstawowa-szt","12":"pa_kod-cn-2106-90-92","13":"pa_objetosc-brutto-5291","14":"pa_objetosc-netto-3709","15":"pa_producent-pharmovit-suplementy-diety","16":"pa_producent-nazwa-adres-pharmovit-dystrybucja-sp-z-o-o-ul-kostrogaj-9d-09-400-plock","17":"pa_tagi-bez-cukru-w-skladnikach","18":"pa_tagi-bez-glutenu-deklaracja","19":"pa_tagi-bez-glutenu-w-skladnikach","20":"pa_tagi-weganski","21":"pa_tagi-wegetarianski","23":"first","24":"instock","25":"taxable","26":"shipping-taxable","27":"purchasable","28":"product-type-simple"},"acf":[],"_links":{"self":[{"href":"https:\/\/wiejskieprzysmaki.estima.site\/en\/wp-json\/wp\/v2\/product\/8561","targetHints":{"allow":["GET"]}}],"collection":[{"href":"https:\/\/wiejskieprzysmaki.estima.site\/en\/wp-json\/wp\/v2\/product"}],"about":[{"href":"https:\/\/wiejskieprzysmaki.estima.site\/en\/wp-json\/wp\/v2\/types\/product"}],"replies":[{"embeddable":true,"href":"https:\/\/wiejskieprzysmaki.estima.site\/en\/wp-json\/wp\/v2\/comments?post=8561"}],"wp:featuredmedia":[{"embeddable":true,"href":"https:\/\/wiejskieprzysmaki.estima.site\/en\/wp-json\/wp\/v2\/media\/8562"}],"wp:attachment":[{"href":"https:\/\/wiejskieprzysmaki.estima.site\/en\/wp-json\/wp\/v2\/media?parent=8561"}],"wp:term":[{"taxonomy":"product_brand","embeddable":true,"href":"https:\/\/wiejskieprzysmaki.estima.site\/en\/wp-json\/wp\/v2\/product_brand?post=8561"},{"taxonomy":"product_cat","embeddable":true,"href":"https:\/\/wiejskieprzysmaki.estima.site\/en\/wp-json\/wp\/v2\/product_cat?post=8561"},{"taxonomy":"product_tag","embeddable":true,"href":"https:\/\/wiejskieprzysmaki.estima.site\/en\/wp-json\/wp\/v2\/product_tag?post=8561"}],"curies":[{"name":"wp","href":"https:\/\/api.w.org\/{rel}","templated":true}]}}