{"id":8563,"date":"2025-02-18T11:57:02","date_gmt":"2025-02-18T10:57:02","guid":{"rendered":"https:\/\/wiejskieprzysmaki.estima.site\/produkt\/kolagen-z-dzikiego-dorsza-witamina-c-bezglutenowy-90-kapsulek-pharmovit-classic\/"},"modified":"2025-02-20T15:12:03","modified_gmt":"2025-02-20T14:12:03","slug":"kolagen-z-dzikiego-dorsza-witamina-c-bezglutenowy-90-kapsulek-pharmovit-classic","status":"publish","type":"product","link":"https:\/\/wiejskieprzysmaki.estima.site\/en\/product\/kolagen-z-dzikiego-dorsza-witamina-c-bezglutenowy-90-kapsulek-pharmovit-classic\/","title":{"rendered":"KOLAGEN Z DZIKIEGO DORSZA + WITAMINA C BEZGLUTENOWY 90 KAPSU\u0141EK &#8211; PHARMOVIT (CLASSIC)"},"content":{"rendered":"<p>SK\u0141ADNIKI<br \/>Hydrolizowany kolagen morski ze sk\u00f3ry dzikiego DORSZA atlantyckiego (RYBY), otoczka kapsu\u0142ki: \u017celatyna, witamina C (kwas L-askorbinowy). <\/p>\n<p>Sk\u0142adniki w porcji dziennej &#8211; 3 kapsu\u0142ki<br \/>Hydrolizowany kolagen morski ze sk\u00f3ry dzikiego DORSZA (Gadus morhua) &#8211; 810 mg <br \/>Witamina C &#8211; 90 mg (113 % RWS**)<br \/>RWS &#8211; referencyjna warto\u015b\u0107 spo\u017cycia<\/p>\n<p>OPIS<br \/>Suplement diety. <br \/>Kolagen jest bia\u0142kiem wyst\u0119puj\u0105cym w ludzkim organizmie. Stanowi g\u0142\u00f3wny sk\u0142adnik tkanki \u0142\u0105cznej. Wchodzi w sk\u0142ad nie tylko sk\u00f3ry, ale r\u00f3wnie\u017c \u015bci\u0119gien, w\u0142os\u00f3w, ko\u015bci, paznokci i staw\u00f3w. Witamina C pomaga w prawid\u0142owej produkcji kolagenu w celu zapewnienia prawid\u0142owego funkcjonowania: ko\u015bci, chrz\u0105stki, sk\u00f3ry.<br \/>Produkt nie zawiera substancji wype\u0142niaj\u0105cych, przeciwzbrylaj\u0105cych, barwnik\u00f3w.<\/p>\n<p>ZALECANE SPO\u017bYCIE I INNE UWAGI<br \/>Zalecana porcja produktu do spo\u017cycia w ci\u0105gu dnia niezb\u0119dna do uzyskania korzystnego dzia\u0142ania produktu: Spo\u017cywa\u0107 3 kapsu\u0142ki raz dziennie. Popi\u0107 wod\u0105 (250 ml). Zalecana porcja dzienna to 3 kapsu\u0142ki.<br \/>Nie nale\u017cy przekracza\u0107 zalecanej porcji do spo\u017cycia w ci\u0105gu dnia. Nie stosowa\u0107 w przypadku uczulenia na kt\u00f3rykolwiek ze sk\u0142adnik\u00f3w. Nie stosowa\u0107 u dzieci, kobiet w ci\u0105\u017cy i w trakcie laktacji. <br \/>Produkt nie mo\u017ce by\u0107 stosowany jako substytut zr\u00f3\u017cnicowanej diety. Wa\u017cne jest prowadzenie zdrowego trybu \u017cycia i zr\u00f3wnowa\u017conego sposobu \u017cywienia.<br \/>Nie stosowa\u0107 u os\u00f3b maj\u0105cych predyspozycje do tworzenia kamieni nerkowych lub choruj\u0105cych na kamic\u0119 nerkow\u0105.<\/p>\n<p>ZALECANE WARUNKI PRZECHOWYWANIA<br \/>Chroni\u0107 przed \u015bwiat\u0142em. Przechowywa\u0107 w szczelnie zamkni\u0119tym opakowaniu, w temperaturze pokojowej, w suchym miejscu, w spos\u00f3b niedost\u0119pny dla ma\u0142ych dzieci.<\/p>","protected":false},"excerpt":{"rendered":"<p>SK\u0141ADNIKIHydrolizowany kolagen morski ze sk\u00f3ry dzikiego DORSZA atlantyckiego (RYBY), otoczka kapsu\u0142ki: \u017celatyna, witamina C (kwas L-askorbinowy). Sk\u0142adniki w porcji dziennej &#8211; 3 kapsu\u0142kiHydrolizowany kolagen morski ze sk\u00f3ry dzikiego DORSZA (Gadus morhua) &#8211; 810 mg Witamina C &#8211; 90 mg (113 % RWS**)RWS &#8211; referencyjna warto\u015b\u0107 spo\u017cycia OPISSuplement diety. Kolagen jest bia\u0142kiem wyst\u0119puj\u0105cym w ludzkim organizmie. [&hellip;]<\/p>","protected":false},"featured_media":8564,"comment_status":"closed","ping_status":"open","template":"","meta":{"_acf_changed":false},"product_brand":[],"product_cat":[1497,9057],"product_tag":[],"class_list":{"0":"post-8563","1":"product","2":"type-product","3":"status-publish","4":"has-post-thumbnail","6":"product_cat-kapsulki-tabletki","7":"product_cat-suplementy-diety","8":"pa_ean-matka-6601","9":"pa_gwarancja-przydatnosci-320","10":"pa_ilosc-w-opakowaniu-454","11":"pa_jednostka-podstawowa-szt","12":"pa_kod-cn-2106-90-92","13":"pa_masa-netto-1492","14":"pa_objetosc-brutto-5200","15":"pa_producent-pharmovit-suplementy-diety","16":"pa_producent-nazwa-adres-pharmovit-dystrybucja-sp-z-o-o-ul-kostrogaj-9d-09-400-plock","17":"pa_tagi-bez-cukru-w-skladnikach","18":"pa_tagi-bez-glutenu-deklaracja","19":"pa_tagi-bez-glutenu-w-skladnikach","21":"first","22":"instock","23":"taxable","24":"shipping-taxable","25":"purchasable","26":"product-type-simple"},"acf":[],"_links":{"self":[{"href":"https:\/\/wiejskieprzysmaki.estima.site\/en\/wp-json\/wp\/v2\/product\/8563","targetHints":{"allow":["GET"]}}],"collection":[{"href":"https:\/\/wiejskieprzysmaki.estima.site\/en\/wp-json\/wp\/v2\/product"}],"about":[{"href":"https:\/\/wiejskieprzysmaki.estima.site\/en\/wp-json\/wp\/v2\/types\/product"}],"replies":[{"embeddable":true,"href":"https:\/\/wiejskieprzysmaki.estima.site\/en\/wp-json\/wp\/v2\/comments?post=8563"}],"wp:featuredmedia":[{"embeddable":true,"href":"https:\/\/wiejskieprzysmaki.estima.site\/en\/wp-json\/wp\/v2\/media\/8564"}],"wp:attachment":[{"href":"https:\/\/wiejskieprzysmaki.estima.site\/en\/wp-json\/wp\/v2\/media?parent=8563"}],"wp:term":[{"taxonomy":"product_brand","embeddable":true,"href":"https:\/\/wiejskieprzysmaki.estima.site\/en\/wp-json\/wp\/v2\/product_brand?post=8563"},{"taxonomy":"product_cat","embeddable":true,"href":"https:\/\/wiejskieprzysmaki.estima.site\/en\/wp-json\/wp\/v2\/product_cat?post=8563"},{"taxonomy":"product_tag","embeddable":true,"href":"https:\/\/wiejskieprzysmaki.estima.site\/en\/wp-json\/wp\/v2\/product_tag?post=8563"}],"curies":[{"name":"wp","href":"https:\/\/api.w.org\/{rel}","templated":true}]}}