{"id":8567,"date":"2025-02-18T11:57:02","date_gmt":"2025-02-18T10:57:02","guid":{"rendered":"https:\/\/wiejskieprzysmaki.estima.site\/produkt\/cytrynian-magnezu-proszek-bezglutenowy-150-g-pharmovit-classic\/"},"modified":"2025-02-20T15:12:04","modified_gmt":"2025-02-20T14:12:04","slug":"cytrynian-magnezu-proszek-bezglutenowy-150-g-pharmovit-classic","status":"publish","type":"product","link":"https:\/\/wiejskieprzysmaki.estima.site\/en\/product\/cytrynian-magnezu-proszek-bezglutenowy-150-g-pharmovit-classic\/","title":{"rendered":"CYTRYNIAN MAGNEZU PROSZEK BEZGLUTENOWY 150 g &#8211; PHARMOVIT (CLASSIC)"},"content":{"rendered":"<p>SK\u0141ADNIKI<br \/>Magnez (sole magnezowe kwasu cytrynowego).<\/p>\n<p>Sk\u0142adniki w porcji dziennej<br \/>sole magnezowe kwasu cytrynowego &#8211; 2500 mg <br \/>w tym magnez &#8211; 375 mg (100 %)**<\/p>\n<p>** &#8211; referencyjne warto\u015bci spo\u017cycia<\/p>\n<p>OPIS<br \/>Suplement diety. <br \/>Magnez:<br \/>&#8211; pomaga w prawid\u0142owym funkcjonowaniu mi\u0119\u015bni, <br \/>&#8211; pomaga w prawid\u0142owym funkcjonowaniu uk\u0142adu nerwowego,<br \/>&#8211; pomaga w utrzymaniu prawid\u0142owych funkcji psychologicznych, <br \/>&#8211; pomaga w utrzymaniu zdrowych ko\u015bci, <br \/>&#8211; pomaga w utrzymaniu zdrowych z\u0119b\u00f3w,<br \/>&#8211; pomaga w utrzymaniu r\u00f3wnowagi elektrolitowej,<br \/>&#8211; przyczynia si\u0119 do zmniejszenia uczucia zm\u0119czenia i znu\u017cenia.<\/p>\n<p>Produkt nie zawiera substancji wype\u0142niaj\u0105cych, przeciwzbrylaj\u0105cych, barwnik\u00f3w.<\/p>\n<p>ZALECANE SPO\u017bYCIE I INNE UWAGI<br \/>Zalecana porcja produktu do spo\u017cycia w ci\u0105gu dnia niezb\u0119dna do uzyskania korzystnego dzia\u0142ania produktu: 1 porcja proszku (2,5 g) = 1 \u0142y\u017ceczka do herbaty.<br \/>Wymiesza\u0107 jedn\u0105 porcj\u0119 proszku (1 \u0142y\u017ceczka do herbaty) w szklance wody. Spo\u017cy\u0107 bezpo\u015brednio po przygotowaniu raz dzienne w trakcie posi\u0142ku.<br \/>Nie nale\u017cy przekracza\u0107 zalecanej porcji do spo\u017cycia w ci\u0105gu dnia. Nie stosowa\u0107 w przypadku uczulenia na kt\u00f3rykolwiek ze sk\u0142adnik\u00f3w. Nie stosowa\u0107 u dzieci, kobiet w ci\u0105\u017cy i w trakcie laktacji. Produkt nie mo\u017ce by\u0107 stosowany jako substytut zr\u00f3\u017cnicowanej diety. Wa\u017cne jest prowadzenie zdrowego trybu \u017cycia i zr\u00f3wnowa\u017conego sposobu \u017cywienia.<\/p>\n<p>ZALECANE WARUNKI PRZECHOWYWANIA<br \/>Chroni\u0107 przed \u015bwiat\u0142em. Przechowywa\u0107 w szczelnie zamkni\u0119tym opakowaniu, w temperaturze pokojowej, w suchym miejscu, w spos\u00f3b niedost\u0119pny dla ma\u0142ych dzieci.<\/p>","protected":false},"excerpt":{"rendered":"<p>SK\u0141ADNIKIMagnez (sole magnezowe kwasu cytrynowego). Sk\u0142adniki w porcji dziennejsole magnezowe kwasu cytrynowego &#8211; 2500 mg w tym magnez &#8211; 375 mg (100 %)** ** &#8211; referencyjne warto\u015bci spo\u017cycia OPISSuplement diety. Magnez:&#8211; pomaga w prawid\u0142owym funkcjonowaniu mi\u0119\u015bni, &#8211; pomaga w prawid\u0142owym funkcjonowaniu uk\u0142adu nerwowego,&#8211; pomaga w utrzymaniu prawid\u0142owych funkcji psychologicznych, &#8211; pomaga w utrzymaniu zdrowych ko\u015bci, [&hellip;]<\/p>","protected":false},"featured_media":8568,"comment_status":"closed","ping_status":"open","template":"","meta":{"_acf_changed":false},"product_brand":[],"product_cat":[290,9057],"product_tag":[],"class_list":{"0":"post-8567","1":"product","2":"type-product","3":"status-publish","4":"has-post-thumbnail","6":"product_cat-produkty-sproszkowane","7":"product_cat-suplementy-diety","8":"pa_ean-matka-6605","9":"pa_gwarancja-przydatnosci-320","10":"pa_ilosc-w-opakowaniu-374","11":"pa_jednostka-podstawowa-szt","12":"pa_kod-cn-2106-90-92","13":"pa_masa-netto-197","14":"pa_objetosc-brutto-6603","15":"pa_producent-pharmovit-suplementy-diety","16":"pa_producent-nazwa-adres-pharmovit-dystrybucja-sp-z-o-o-ul-kostrogaj-9d-09-400-plock","17":"pa_tagi-bez-cukru-w-skladnikach","18":"pa_tagi-bez-glutenu-deklaracja","19":"pa_tagi-bez-glutenu-w-skladnikach","20":"pa_tagi-weganski","21":"pa_tagi-wegetarianski","23":"first","24":"instock","25":"taxable","26":"shipping-taxable","27":"purchasable","28":"product-type-simple"},"acf":[],"_links":{"self":[{"href":"https:\/\/wiejskieprzysmaki.estima.site\/en\/wp-json\/wp\/v2\/product\/8567","targetHints":{"allow":["GET"]}}],"collection":[{"href":"https:\/\/wiejskieprzysmaki.estima.site\/en\/wp-json\/wp\/v2\/product"}],"about":[{"href":"https:\/\/wiejskieprzysmaki.estima.site\/en\/wp-json\/wp\/v2\/types\/product"}],"replies":[{"embeddable":true,"href":"https:\/\/wiejskieprzysmaki.estima.site\/en\/wp-json\/wp\/v2\/comments?post=8567"}],"wp:featuredmedia":[{"embeddable":true,"href":"https:\/\/wiejskieprzysmaki.estima.site\/en\/wp-json\/wp\/v2\/media\/8568"}],"wp:attachment":[{"href":"https:\/\/wiejskieprzysmaki.estima.site\/en\/wp-json\/wp\/v2\/media?parent=8567"}],"wp:term":[{"taxonomy":"product_brand","embeddable":true,"href":"https:\/\/wiejskieprzysmaki.estima.site\/en\/wp-json\/wp\/v2\/product_brand?post=8567"},{"taxonomy":"product_cat","embeddable":true,"href":"https:\/\/wiejskieprzysmaki.estima.site\/en\/wp-json\/wp\/v2\/product_cat?post=8567"},{"taxonomy":"product_tag","embeddable":true,"href":"https:\/\/wiejskieprzysmaki.estima.site\/en\/wp-json\/wp\/v2\/product_tag?post=8567"}],"curies":[{"name":"wp","href":"https:\/\/api.w.org\/{rel}","templated":true}]}}