{"id":8569,"date":"2025-02-18T11:57:02","date_gmt":"2025-02-18T10:57:02","guid":{"rendered":"https:\/\/wiejskieprzysmaki.estima.site\/produkt\/herbatka-owocowo-ziolowa-mix-5-smakow-bio-20-x-19-g-38-g-clipper\/"},"modified":"2025-02-18T11:57:10","modified_gmt":"2025-02-18T10:57:10","slug":"herbatka-owocowo-ziolowa-mix-5-smakow-bio-20-x-19-g-38-g-clipper","status":"publish","type":"product","link":"https:\/\/wiejskieprzysmaki.estima.site\/en\/product\/herbatka-owocowo-ziolowa-mix-5-smakow-bio-20-x-19-g-38-g-clipper\/","title":{"rendered":"HERBATKA OWOCOWO &#8211; ZIO\u0141OWA MIX 5 SMAK\u00d3W BIO (20 x 1,9 g) 38 g &#8211; CLIPPER"},"content":{"rendered":"<p>SK\u0141ADNIKI<br \/>Liquorice and peppermint &#8211; Herbatka z lukrecj\u0105 i mi\u0119t\u0105 pieprzow\u0105. <br \/>Sk\u0142adniki: korze\u0144 lukrecji* (60 %), mi\u0119ta pieprzowa* (40 %). (*certyfikowany sk\u0142adnik ekologiczny)<\/p>\n<p>Lemon and ginger &#8211; Herbatka o smaku cytryny i imbiru.<br \/>Sk\u0142adniki: trawa cytrynowa*, korze\u0144 imbiru* (15,5 %), korze\u0144 lukrecji*, naturalny aromat cytrynowy* (5 %), sk\u00f3rka z cytryny* (4 %), sk\u00f3rka z pomara\u0144czy*, bia\u0142y hibiskus*, naturalny aromat imbirowy (1,5 %). (*certyfikowany sk\u0142adnik ekologiczny)<\/p>\n<p>Berry burst &#8211; Herbatka o smaku czarnej porzeczki i maliny. <br \/>Sk\u0142adniki: hibiskus*, dzika r\u00f3\u017ca*, korze\u0144 lukrecji*, pokrzywa*, sk\u00f3rka z pomara\u0144czy*, naturalny aromat czarnej porzeczki (4 %), cykoria*, naturalny aromat malinowy* (1,5 %), czarna porzeczka* (1 %), malina* (1 %), naturalny aromat cytrynowy*. (*certyfikowany sk\u0142adnik ekologiczny)<\/p>\n<p>Snore and peace &#8211; Herbatka z rumiankiem, melis\u0105 i lawend\u0105.<br \/>Sk\u0142adniki: rumianek* (30 %), melisa* (15 %), lawenda* (14 %), trawa cytrynowa*, nasiona kopru*, dzika r\u00f3\u017ca*, mi\u0119ta zielona*. (*certyfikowany sk\u0142adnik ekologiczny)<\/p>\n<p>Chamomile and peach &#8211; Herbatka rumiankowa o smaku brzoskwiniowym.<br \/>Sk\u0142adniki: rumianek* (76 %), dzika r\u00f3\u017ca*, naturalny aromat brzoskwini* (6,5 %), sk\u00f3rka z pomara\u0144czy*, naturalny aromat mango*, naturalny aromat pomara\u0144czy. (*certyfikowany sk\u0142adnik ekologiczny)<\/p>\n<p>OPIS<br \/>Mix 5 r\u00f3\u017cnych herbatek.<\/p>\n<p>SPOS\u00d3B PRZYGOTOWANIA<br \/>Saszetk\u0119 zala\u0107 250 ml wrz\u0105cej wody i zaparza\u0107 przez 2-5 minut.<\/p>\n<p>UWAGA<br \/>Zawiera lukrecj\u0119 &#8211; chorzy na nadci\u015bnienie powinni unika\u0107 nadmiernego spo\u017cycia. <\/p>\n<p>ZALECANE WARUNKI PRZECHOWYWANIA<br \/>Przechowywa\u0107 w suchym i ch\u0142odnym miejscu.<\/p>","protected":false},"excerpt":{"rendered":"<p>SK\u0141ADNIKILiquorice and peppermint &#8211; Herbatka z lukrecj\u0105 i mi\u0119t\u0105 pieprzow\u0105. Sk\u0142adniki: korze\u0144 lukrecji* (60 %), mi\u0119ta pieprzowa* (40 %). (*certyfikowany sk\u0142adnik ekologiczny) Lemon and ginger &#8211; Herbatka o smaku cytryny i imbiru.Sk\u0142adniki: trawa cytrynowa*, korze\u0144 imbiru* (15,5 %), korze\u0144 lukrecji*, naturalny aromat cytrynowy* (5 %), sk\u00f3rka z cytryny* (4 %), sk\u00f3rka z pomara\u0144czy*, bia\u0142y hibiskus*, [&hellip;]<\/p>","protected":false},"featured_media":8570,"comment_status":"closed","ping_status":"open","template":"","meta":{"_acf_changed":false},"product_brand":[],"product_cat":[282,1315],"product_tag":[],"class_list":{"0":"post-8569","1":"product","2":"type-product","3":"status-publish","4":"has-post-thumbnail","6":"product_cat-herbaty-i-ziola","7":"product_cat-zestawy-kalendarze","8":"pa_ean-matka-6606","9":"pa_gwarancja-przydatnosci-311","10":"pa_ilosc-w-opakowaniu-543","11":"pa_jednostka-podstawowa-szt","12":"pa_kod-cn-2106-90-98","13":"pa_masa-netto-393","14":"pa_objetosc-brutto-4644","15":"pa_producent-clipper-herbaty-i-herbatki","16":"pa_producent-nazwa-adres-2-river-view-meadows-business-park-station-approach-blackwater-camberley-surrey-gu17-9ab-great-britain","17":"pa_tagi-bez-cukru-w-skladnikach","18":"pa_tagi-bez-glutenu-w-skladnikach","19":"pa_tagi-certyfikat-bio","20":"pa_tagi-weganski","21":"pa_tagi-wegetarianski","23":"first","24":"instock","25":"taxable","26":"shipping-taxable","27":"purchasable","28":"product-type-simple"},"acf":[],"_links":{"self":[{"href":"https:\/\/wiejskieprzysmaki.estima.site\/en\/wp-json\/wp\/v2\/product\/8569","targetHints":{"allow":["GET"]}}],"collection":[{"href":"https:\/\/wiejskieprzysmaki.estima.site\/en\/wp-json\/wp\/v2\/product"}],"about":[{"href":"https:\/\/wiejskieprzysmaki.estima.site\/en\/wp-json\/wp\/v2\/types\/product"}],"replies":[{"embeddable":true,"href":"https:\/\/wiejskieprzysmaki.estima.site\/en\/wp-json\/wp\/v2\/comments?post=8569"}],"wp:featuredmedia":[{"embeddable":true,"href":"https:\/\/wiejskieprzysmaki.estima.site\/en\/wp-json\/wp\/v2\/media\/8570"}],"wp:attachment":[{"href":"https:\/\/wiejskieprzysmaki.estima.site\/en\/wp-json\/wp\/v2\/media?parent=8569"}],"wp:term":[{"taxonomy":"product_brand","embeddable":true,"href":"https:\/\/wiejskieprzysmaki.estima.site\/en\/wp-json\/wp\/v2\/product_brand?post=8569"},{"taxonomy":"product_cat","embeddable":true,"href":"https:\/\/wiejskieprzysmaki.estima.site\/en\/wp-json\/wp\/v2\/product_cat?post=8569"},{"taxonomy":"product_tag","embeddable":true,"href":"https:\/\/wiejskieprzysmaki.estima.site\/en\/wp-json\/wp\/v2\/product_tag?post=8569"}],"curies":[{"name":"wp","href":"https:\/\/api.w.org\/{rel}","templated":true}]}}