{"id":857,"date":"2025-02-18T10:32:24","date_gmt":"2025-02-18T09:32:24","guid":{"rendered":"https:\/\/wiejskieprzysmaki.estima.site\/produkt\/sos-sojowy-tamari-mocny-bezglutenowy-bio-145-ml-lima\/"},"modified":"2025-02-18T10:32:31","modified_gmt":"2025-02-18T09:32:31","slug":"sos-sojowy-tamari-mocny-bezglutenowy-bio-145-ml-lima","status":"publish","type":"product","link":"https:\/\/wiejskieprzysmaki.estima.site\/en\/product\/sos-sojowy-tamari-mocny-bezglutenowy-bio-145-ml-lima\/","title":{"rendered":"SOS SOJOWY TAMARI MOCNY BEZGLUTENOWY BIO 145 ml &#8211; LIMA"},"content":{"rendered":"<p>SK\u0141ADNIKI <br \/>woda, SOJA*, s\u00f3l morska, alkohol*, Aspergillus oryzae. (*certyfikowany sk\u0142adnik ekologiczny)<\/p>\n<p>OPIS <br \/>Sos SOJOWY tamari mocny to klasyczny sos SOJOWY wytwarzany wed\u0142ug tradycyjnej japo\u0144skiej receptury. Dzi\u0119ki swojej&nbsp;ostrej nucie smakowej&nbsp;idealnie pasuje do szerokiego wachlarza da\u0144, od dressing\u00f3w po marynaty. Jest to produkt&nbsp;organiczny, co oznacza, \u017ce sk\u0142adniki u\u017cyte do jego produkcji pochodz\u0105 z certyfikowanych upraw ekologicznych. Ten uniwersalny sos to niezb\u0119dnik w kuchni, szczeg\u00f3lnie je\u015bli lubisz podkre\u015bla\u0107 smak potraw. \u015awietnie sprawdzi si\u0119 w po\u0142\u0105czeniu z warzywami stir-fry, daniami z&nbsp;wo\u0142owiny, np.&nbsp;brisket, lub jako dodatek do sushi.<\/p>\n<p>WARTO\u015a\u0106 OD\u017bYWCZA W 100 g <br \/>Warto\u015b\u0107 energetyczna &#8211; 346 kJ\/82 kcal <br \/>T\u0142uszcz &#8211; 0,2 g <br \/>w tym kwasy t\u0142uszczowe nasycone &#8211; 0 g <br \/>W\u0119glowodany &#8211; 5,8 g <br \/>w tym cukry &#8211; 1,7 g <br \/>B\u0142onnik &#8211; 0,9 g <br \/>Bia\u0142ko &#8211; 10,3 g <br \/>S\u00f3l &#8211; 13 g<\/p>\n<p>ZALECANE WARUNKI PRZECHOWYWANIA <br \/>Przechowywa\u0107 w suchym miejscu. <\/p>","protected":false},"excerpt":{"rendered":"<p>SK\u0141ADNIKI woda, SOJA*, s\u00f3l morska, alkohol*, Aspergillus oryzae. (*certyfikowany sk\u0142adnik ekologiczny) OPIS Sos SOJOWY tamari mocny to klasyczny sos SOJOWY wytwarzany wed\u0142ug tradycyjnej japo\u0144skiej receptury. Dzi\u0119ki swojej&nbsp;ostrej nucie smakowej&nbsp;idealnie pasuje do szerokiego wachlarza da\u0144, od dressing\u00f3w po marynaty. Jest to produkt&nbsp;organiczny, co oznacza, \u017ce sk\u0142adniki u\u017cyte do jego produkcji pochodz\u0105 z certyfikowanych upraw ekologicznych. Ten [&hellip;]<\/p>","protected":false},"featured_media":858,"comment_status":"closed","ping_status":"open","template":"","meta":{"_acf_changed":false},"product_brand":[],"product_cat":[871,94],"product_tag":[],"class_list":{"0":"post-857","1":"product","2":"type-product","3":"status-publish","4":"has-post-thumbnail","6":"product_cat-sojowe-i-zamienniki","7":"product_cat-sosy","8":"pa_ean-matka-872","9":"pa_gwarancja-przydatnosci-324","10":"pa_ilosc-w-opakowaniu-298","11":"pa_jednostka-podstawowa-szt","12":"pa_kod-cn-2103-10-00","13":"pa_kraj-pochodzenia-skladnikow-turcja","14":"pa_objetosc-brutto-868","15":"pa_objetosc-netto-866","16":"pa_producent-lima-sosy-sojowe-kawy-zbozowe","17":"pa_producent-nazwa-adres-lima-n-v-groendreef-101-9880-aalter","18":"pa_tagi-bez-cukru-w-skladnikach","19":"pa_tagi-bez-glutenu-deklaracja","20":"pa_tagi-bez-glutenu-w-skladnikach","21":"pa_tagi-certyfikat-bio","22":"pa_tagi-weganski","23":"pa_tagi-wegetarianski","25":"first","26":"instock","27":"taxable","28":"shipping-taxable","29":"purchasable","30":"product-type-simple"},"acf":[],"_links":{"self":[{"href":"https:\/\/wiejskieprzysmaki.estima.site\/en\/wp-json\/wp\/v2\/product\/857","targetHints":{"allow":["GET"]}}],"collection":[{"href":"https:\/\/wiejskieprzysmaki.estima.site\/en\/wp-json\/wp\/v2\/product"}],"about":[{"href":"https:\/\/wiejskieprzysmaki.estima.site\/en\/wp-json\/wp\/v2\/types\/product"}],"replies":[{"embeddable":true,"href":"https:\/\/wiejskieprzysmaki.estima.site\/en\/wp-json\/wp\/v2\/comments?post=857"}],"wp:featuredmedia":[{"embeddable":true,"href":"https:\/\/wiejskieprzysmaki.estima.site\/en\/wp-json\/wp\/v2\/media\/858"}],"wp:attachment":[{"href":"https:\/\/wiejskieprzysmaki.estima.site\/en\/wp-json\/wp\/v2\/media?parent=857"}],"wp:term":[{"taxonomy":"product_brand","embeddable":true,"href":"https:\/\/wiejskieprzysmaki.estima.site\/en\/wp-json\/wp\/v2\/product_brand?post=857"},{"taxonomy":"product_cat","embeddable":true,"href":"https:\/\/wiejskieprzysmaki.estima.site\/en\/wp-json\/wp\/v2\/product_cat?post=857"},{"taxonomy":"product_tag","embeddable":true,"href":"https:\/\/wiejskieprzysmaki.estima.site\/en\/wp-json\/wp\/v2\/product_tag?post=857"}],"curies":[{"name":"wp","href":"https:\/\/api.w.org\/{rel}","templated":true}]}}