{"id":8576,"date":"2025-02-18T11:57:02","date_gmt":"2025-02-18T10:57:02","guid":{"rendered":"https:\/\/wiejskieprzysmaki.estima.site\/produkt\/baton-ananas-i-kokos-bezglutenowy-50-g-baton-warszawski\/"},"modified":"2025-02-18T11:57:14","modified_gmt":"2025-02-18T10:57:14","slug":"baton-ananas-i-kokos-bezglutenowy-50-g-baton-warszawski","status":"publish","type":"product","link":"https:\/\/wiejskieprzysmaki.estima.site\/en\/product\/baton-ananas-i-kokos-bezglutenowy-50-g-baton-warszawski\/","title":{"rendered":"BATON ANANAS I KOKOS BEZGLUTENOWY 50 g &#8211; BATON WARSZAWSKI"},"content":{"rendered":"<p>SK\u0141ADNIKI<br \/>wi\u00f3rki kokosowe 22,5 %, m\u0105ka jaglana, rodzynki, ksylitol (substancja s\u0142odz\u0105ca), siemi\u0119 lniane, olej kokosowy, ananas liofilizowany 6,7 %, s\u0142onecznik, daktyle suszone, acerola, s\u00f3l k\u0142odawska, woda.<\/p>\n<p>OPIS<br \/>Bezkompromisowa, dietetyczna s\u0142odycz. Ma tyle cukru, co jab\u0142ko, wi\u0119c daje energie na d\u0142ugo. To zbilansowany baton, kt\u00f3ry mo\u017cesz mie\u0107 zawsze przy sobie.<br \/>Zawiera substancj\u0119 s\u0142odz\u0105c\u0105.<\/p>\n<p>WARTO\u015a\u0106 OD\u017bYWCZA W 100 g<br \/>Warto\u015b\u0107 energetyczna: 1991 kJ\/476 kcal<br \/>T\u0142uszcz: 32 g<br \/>w tym kwasy t\u0142uszczowe nasycone: 22,5 g<br \/>W\u0119glowodany: 37,7 g<br \/>w tym cukry: 14,7 g<br \/>B\u0142onnik: 9,3 g<br \/>Bia\u0142ko: 6,8 g<br \/>S\u00f3l: 0,08 g<\/p>\n<p>INFORMACJA ALERGENNA<br \/>Mo\u017ce zawiera\u0107 nasiona sezamu.<\/p>\n<p>UWAGA<br \/>Spo\u017cycie w nadmiernych ilo\u015bciach mo\u017ce mie\u0107 efekt przeczyszczaj\u0105cy.<\/p>\n<p>ZALECANE WARUNKI PRZECHOWYWANIA<br \/>Przechowywa\u0107 w suchym i ch\u0142odnym miejscu.<\/p>","protected":false},"excerpt":{"rendered":"<p>SK\u0141ADNIKIwi\u00f3rki kokosowe 22,5 %, m\u0105ka jaglana, rodzynki, ksylitol (substancja s\u0142odz\u0105ca), siemi\u0119 lniane, olej kokosowy, ananas liofilizowany 6,7 %, s\u0142onecznik, daktyle suszone, acerola, s\u00f3l k\u0142odawska, woda. OPISBezkompromisowa, dietetyczna s\u0142odycz. Ma tyle cukru, co jab\u0142ko, wi\u0119c daje energie na d\u0142ugo. To zbilansowany baton, kt\u00f3ry mo\u017cesz mie\u0107 zawsze przy sobie.Zawiera substancj\u0119 s\u0142odz\u0105c\u0105. WARTO\u015a\u0106 OD\u017bYWCZA W 100 gWarto\u015b\u0107 energetyczna: [&hellip;]<\/p>","protected":false},"featured_media":8577,"comment_status":"closed","ping_status":"open","template":"","meta":{"_acf_changed":false},"product_brand":[],"product_cat":[465,139],"product_tag":[],"class_list":{"0":"post-8576","1":"product","2":"type-product","3":"status-publish","4":"has-post-thumbnail","6":"product_cat-batony-wafelki-sezamki","7":"product_cat-slodycze-i-przekaski","8":"pa_ean-matka-6613","9":"pa_gwarancja-przydatnosci-535","10":"pa_ilosc-w-opakowaniu-392","11":"pa_jednostka-podstawowa-szt","12":"pa_kod-cn-1905-90-80","13":"pa_kraj-pochodzenia-skladnikow-turcja","14":"pa_masa-netto-461","15":"pa_objetosc-brutto-6612","16":"pa_producent-baton-warszawski-batony-ciastka-kremy","17":"pa_producent-nazwa-adres-alicja-malicka-baton-warszawski-ul-pokretna-43-05-500-nowa-iwiczna","18":"pa_tagi-bez-cukru-w-skladnikach","19":"pa_tagi-bez-glutenu-deklaracja","20":"pa_tagi-bez-glutenu-w-skladnikach","21":"pa_tagi-weganski","22":"pa_tagi-wegetarianski","24":"first","25":"instock","26":"taxable","27":"shipping-taxable","28":"purchasable","29":"product-type-simple"},"acf":[],"_links":{"self":[{"href":"https:\/\/wiejskieprzysmaki.estima.site\/en\/wp-json\/wp\/v2\/product\/8576","targetHints":{"allow":["GET"]}}],"collection":[{"href":"https:\/\/wiejskieprzysmaki.estima.site\/en\/wp-json\/wp\/v2\/product"}],"about":[{"href":"https:\/\/wiejskieprzysmaki.estima.site\/en\/wp-json\/wp\/v2\/types\/product"}],"replies":[{"embeddable":true,"href":"https:\/\/wiejskieprzysmaki.estima.site\/en\/wp-json\/wp\/v2\/comments?post=8576"}],"wp:featuredmedia":[{"embeddable":true,"href":"https:\/\/wiejskieprzysmaki.estima.site\/en\/wp-json\/wp\/v2\/media\/8577"}],"wp:attachment":[{"href":"https:\/\/wiejskieprzysmaki.estima.site\/en\/wp-json\/wp\/v2\/media?parent=8576"}],"wp:term":[{"taxonomy":"product_brand","embeddable":true,"href":"https:\/\/wiejskieprzysmaki.estima.site\/en\/wp-json\/wp\/v2\/product_brand?post=8576"},{"taxonomy":"product_cat","embeddable":true,"href":"https:\/\/wiejskieprzysmaki.estima.site\/en\/wp-json\/wp\/v2\/product_cat?post=8576"},{"taxonomy":"product_tag","embeddable":true,"href":"https:\/\/wiejskieprzysmaki.estima.site\/en\/wp-json\/wp\/v2\/product_tag?post=8576"}],"curies":[{"name":"wp","href":"https:\/\/api.w.org\/{rel}","templated":true}]}}