{"id":8598,"date":"2025-02-18T11:57:26","date_gmt":"2025-02-18T10:57:26","guid":{"rendered":"https:\/\/wiejskieprzysmaki.estima.site\/produkt\/zur-na-zakwasie-niepasteryzowany-500-ml-krokus\/"},"modified":"2025-02-18T11:57:26","modified_gmt":"2025-02-18T10:57:26","slug":"zur-na-zakwasie-niepasteryzowany-500-ml-krokus","status":"publish","type":"product","link":"https:\/\/wiejskieprzysmaki.estima.site\/en\/product\/zur-na-zakwasie-niepasteryzowany-500-ml-krokus\/","title":{"rendered":"\u017bUR NA ZAKWASIE NIEPASTERYZOWANY 500 ml &#8211; KROKUS"},"content":{"rendered":"<p>SK\u0141ADNIKI<br \/>woda, zakwas chlebowy (m\u0105ka \u017bYTNIA, woda) &#8211; 11,7 %, m\u0105ka \u017bYTNIA razowa, m\u0105ka PSZENNA graham, czosnek.<\/p>\n<p>OPIS<br \/>Do produkcji \u017curu wykorzystano jedynie naturalne sk\u0142adniki umiej\u0119tnie po\u0142\u0105czone z zakwasem chlebowym. \u017bur nie zawiera substancji konserwuj\u0105cych, sztucznych aromat\u00f3w, barwnik\u00f3w.<br \/>Produkt niepasteryzowany w ci\u0105g\u0142ej fermentacji. Podczas otwierania mo\u017ce ulec wzburzeniu. <\/p>\n<p>SPOS\u00d3B PRZYGOTOWANIA<br \/>Przygotuj 2 &#8211; 2,5 litra wywaru (warzywnego lub mi\u0119snego). Starannie przeced\u017a. Doprowad\u017a wywar do wrzenia i dodaj zawarto\u015b\u0107 butelki po jej uprzednim wstrz\u0105\u015bni\u0119ciu. Gotuj na ma\u0142ym ogniu, mieszaj\u0105c 2 &#8211; 3 minuty. Podawaj z gotowanymi ziemniakami, \u0107wiartkami jajka na twardo lub bia\u0142\u0105 kie\u0142bas\u0105. <\/p>\n<p>WARTO\u015a\u0106 OD\u017bYWCZA W 100 ml<br \/>Warto\u015b\u0107 energetyczna: 273 kJ\/64 kcal <br \/>T\u0142uszcz: 0 g <br \/>w tym kwasy t\u0142uszczowe nasycone: 0 g <br \/>W\u0119glowodany: 14 g <br \/>w tym cukry: 0 g <br \/>Bia\u0142ko: 1,6 g <br \/>S\u00f3l: 0 g<\/p>\n<p>ZALECANE WARUNKI PRZECHOWYWANIA<br \/>Zamkni\u0119t\u0105 butelk\u0119 przechowuj w temperaturze pokojowej w zaciemnionym miejscu. Po otwarciu zu\u017cyj w ca\u0142o\u015bci. Produkt nie zosta\u0142 poddany pasteryzacji, przez co pozostaje w procesie ci\u0105g\u0142ej fermentacji. Podczas otwierania mo\u017ce ulec wzburzeniu. <\/p>","protected":false},"excerpt":{"rendered":"<p>SK\u0141ADNIKIwoda, zakwas chlebowy (m\u0105ka \u017bYTNIA, woda) &#8211; 11,7 %, m\u0105ka \u017bYTNIA razowa, m\u0105ka PSZENNA graham, czosnek. OPISDo produkcji \u017curu wykorzystano jedynie naturalne sk\u0142adniki umiej\u0119tnie po\u0142\u0105czone z zakwasem chlebowym. \u017bur nie zawiera substancji konserwuj\u0105cych, sztucznych aromat\u00f3w, barwnik\u00f3w.Produkt niepasteryzowany w ci\u0105g\u0142ej fermentacji. Podczas otwierania mo\u017ce ulec wzburzeniu. SPOS\u00d3B PRZYGOTOWANIAPrzygotuj 2 &#8211; 2,5 litra wywaru (warzywnego lub mi\u0119snego). [&hellip;]<\/p>","protected":false},"featured_media":8599,"comment_status":"closed","ping_status":"open","template":"","meta":{"_acf_changed":false},"product_brand":[],"product_cat":[1139],"product_tag":[],"class_list":{"0":"post-8598","1":"product","2":"type-product","3":"status-publish","4":"has-post-thumbnail","6":"product_cat-dania-gotowe","7":"pa_ean-matka-6633","8":"pa_gwarancja-przydatnosci-324","9":"pa_ilosc-w-opakowaniu-374","10":"pa_jednostka-podstawowa-szt","11":"pa_kod-cn-2104-10-00","12":"pa_kraj-pochodzenia-skladnikow-polska","13":"pa_objetosc-brutto-6632","14":"pa_objetosc-netto-376","15":"pa_producent-krokus-przetwory-owocowe-i-warzywne","16":"pa_producent-nazwa-adres-krokus-przetwornia-owocow-i-warzyw-czeslaw-caryk-sp-j-pajakow-25-b-26-704-przylek","17":"pa_tagi-bez-cukru-w-skladnikach","18":"pa_tagi-weganski","19":"pa_tagi-wegetarianski","21":"first","22":"instock","23":"taxable","24":"shipping-taxable","25":"purchasable","26":"product-type-simple"},"acf":[],"_links":{"self":[{"href":"https:\/\/wiejskieprzysmaki.estima.site\/en\/wp-json\/wp\/v2\/product\/8598","targetHints":{"allow":["GET"]}}],"collection":[{"href":"https:\/\/wiejskieprzysmaki.estima.site\/en\/wp-json\/wp\/v2\/product"}],"about":[{"href":"https:\/\/wiejskieprzysmaki.estima.site\/en\/wp-json\/wp\/v2\/types\/product"}],"replies":[{"embeddable":true,"href":"https:\/\/wiejskieprzysmaki.estima.site\/en\/wp-json\/wp\/v2\/comments?post=8598"}],"wp:featuredmedia":[{"embeddable":true,"href":"https:\/\/wiejskieprzysmaki.estima.site\/en\/wp-json\/wp\/v2\/media\/8599"}],"wp:attachment":[{"href":"https:\/\/wiejskieprzysmaki.estima.site\/en\/wp-json\/wp\/v2\/media?parent=8598"}],"wp:term":[{"taxonomy":"product_brand","embeddable":true,"href":"https:\/\/wiejskieprzysmaki.estima.site\/en\/wp-json\/wp\/v2\/product_brand?post=8598"},{"taxonomy":"product_cat","embeddable":true,"href":"https:\/\/wiejskieprzysmaki.estima.site\/en\/wp-json\/wp\/v2\/product_cat?post=8598"},{"taxonomy":"product_tag","embeddable":true,"href":"https:\/\/wiejskieprzysmaki.estima.site\/en\/wp-json\/wp\/v2\/product_tag?post=8598"}],"curies":[{"name":"wp","href":"https:\/\/api.w.org\/{rel}","templated":true}]}}