{"id":8600,"date":"2025-02-18T11:57:26","date_gmt":"2025-02-18T10:57:26","guid":{"rendered":"https:\/\/wiejskieprzysmaki.estima.site\/produkt\/barszcz-bialy-na-zakwasie-niepasteryzowany-480-ml-krokus\/"},"modified":"2025-02-18T11:57:30","modified_gmt":"2025-02-18T10:57:30","slug":"barszcz-bialy-na-zakwasie-niepasteryzowany-480-ml-krokus","status":"publish","type":"product","link":"https:\/\/wiejskieprzysmaki.estima.site\/en\/product\/barszcz-bialy-na-zakwasie-niepasteryzowany-480-ml-krokus\/","title":{"rendered":"BARSZCZ BIA\u0141Y NA ZAKWASIE NIEPASTERYZOWANY 480 ml &#8211; KROKUS"},"content":{"rendered":"<p>SK\u0141ADNIKI<br \/>woda, m\u0105ka PSZENNA, zakwas PSZENNY (woda, m\u0105ka PSZENNA, m\u0105ka \u017bYTNIA razowa) &#8211; 3,88 %, m\u0105ka PSZENNA graham, czosnek, majeranek, ziele angielskie, li\u015b\u0107 laurowy.<\/p>\n<p>OPIS<br \/>Barszcz bia\u0142y zosta\u0142 przygotowany na zakwasie pszennym. Dzi\u0119ki temu jest delikatnie kwa\u015bny, co jest charakterystyczne dla tego rodzaju produktu. Barszcz bia\u0142y na zakwasie to tradycyjna zupa na Wielkanoc oraz ka\u017cd\u0105 inn\u0105 okazj\u0119. <br \/>Produkt niepasteryzowany w ci\u0105g\u0142ej fermentacji. Podczas otwierania mo\u017ce ulec wzburzeniu. <\/p>\n<p>SPOS\u00d3B PRZYGOTOWANIA<br \/>Zawarto\u015b\u0107 butelki dodaj do ok. 2 l wywaru jarzynowego i zagotuj. Podawaj z ziemniakami, bia\u0142\u0105 kie\u0142bas\u0105 i jajkiem. <\/p>\n<p>WARTO\u015a\u0106 OD\u017bYWCZA W 100 ml<br \/>Warto\u015b\u0107 energetyczna: 218 kJ\/51 kcal  <br \/>T\u0142uszcz: 0 g  <br \/>w tym kwasy t\u0142uszczowe nasycone: 0 g  <br \/>W\u0119glowodany: 11 g  <br \/>w tym cukry: 0 g  <br \/>Bia\u0142ko: 1,8 g  <br \/>S\u00f3l: 0,1 g<\/p>\n<p>ZALECANE WARUNKI PRZECHOWYWANIA<br \/>Przechowywa\u0107 w temperaturze pokojowej w zaciemnionym miejscu. Po otwarciu zu\u017cy\u0107 w ca\u0142o\u015bci. <\/p>","protected":false},"excerpt":{"rendered":"<p>SK\u0141ADNIKIwoda, m\u0105ka PSZENNA, zakwas PSZENNY (woda, m\u0105ka PSZENNA, m\u0105ka \u017bYTNIA razowa) &#8211; 3,88 %, m\u0105ka PSZENNA graham, czosnek, majeranek, ziele angielskie, li\u015b\u0107 laurowy. OPISBarszcz bia\u0142y zosta\u0142 przygotowany na zakwasie pszennym. Dzi\u0119ki temu jest delikatnie kwa\u015bny, co jest charakterystyczne dla tego rodzaju produktu. Barszcz bia\u0142y na zakwasie to tradycyjna zupa na Wielkanoc oraz ka\u017cd\u0105 inn\u0105 okazj\u0119. [&hellip;]<\/p>","protected":false},"featured_media":8601,"comment_status":"closed","ping_status":"open","template":"","meta":{"_acf_changed":false},"product_brand":[],"product_cat":[1139],"product_tag":[],"class_list":{"0":"post-8600","1":"product","2":"type-product","3":"status-publish","4":"has-post-thumbnail","6":"product_cat-dania-gotowe","7":"pa_ean-matka-6635","8":"pa_gwarancja-przydatnosci-324","9":"pa_ilosc-w-opakowaniu-374","10":"pa_jednostka-podstawowa-szt","11":"pa_kod-cn-2104-10-00","12":"pa_kraj-pochodzenia-skladnikow-polska","13":"pa_objetosc-brutto-6632","14":"pa_objetosc-netto-6634","15":"pa_producent-krokus-przetwory-owocowe-i-warzywne","16":"pa_producent-nazwa-adres-krokus-przetwornia-owocow-i-warzyw-czeslaw-caryk-sp-j-pajakow-25-b-26-704-przylek","17":"pa_tagi-bez-cukru-w-skladnikach","18":"pa_tagi-weganski","19":"pa_tagi-wegetarianski","21":"first","22":"instock","23":"taxable","24":"shipping-taxable","25":"purchasable","26":"product-type-simple"},"acf":[],"_links":{"self":[{"href":"https:\/\/wiejskieprzysmaki.estima.site\/en\/wp-json\/wp\/v2\/product\/8600","targetHints":{"allow":["GET"]}}],"collection":[{"href":"https:\/\/wiejskieprzysmaki.estima.site\/en\/wp-json\/wp\/v2\/product"}],"about":[{"href":"https:\/\/wiejskieprzysmaki.estima.site\/en\/wp-json\/wp\/v2\/types\/product"}],"replies":[{"embeddable":true,"href":"https:\/\/wiejskieprzysmaki.estima.site\/en\/wp-json\/wp\/v2\/comments?post=8600"}],"wp:featuredmedia":[{"embeddable":true,"href":"https:\/\/wiejskieprzysmaki.estima.site\/en\/wp-json\/wp\/v2\/media\/8601"}],"wp:attachment":[{"href":"https:\/\/wiejskieprzysmaki.estima.site\/en\/wp-json\/wp\/v2\/media?parent=8600"}],"wp:term":[{"taxonomy":"product_brand","embeddable":true,"href":"https:\/\/wiejskieprzysmaki.estima.site\/en\/wp-json\/wp\/v2\/product_brand?post=8600"},{"taxonomy":"product_cat","embeddable":true,"href":"https:\/\/wiejskieprzysmaki.estima.site\/en\/wp-json\/wp\/v2\/product_cat?post=8600"},{"taxonomy":"product_tag","embeddable":true,"href":"https:\/\/wiejskieprzysmaki.estima.site\/en\/wp-json\/wp\/v2\/product_tag?post=8600"}],"curies":[{"name":"wp","href":"https:\/\/api.w.org\/{rel}","templated":true}]}}