{"id":8606,"date":"2025-02-18T11:57:26","date_gmt":"2025-02-18T10:57:26","guid":{"rendered":"https:\/\/wiejskieprzysmaki.estima.site\/produkt\/chrupki-kukurydziane-misie-bio-80-g-granex\/"},"modified":"2025-02-18T11:57:34","modified_gmt":"2025-02-18T10:57:34","slug":"chrupki-kukurydziane-misie-bio-80-g-granex","status":"publish","type":"product","link":"https:\/\/wiejskieprzysmaki.estima.site\/en\/product\/chrupki-kukurydziane-misie-bio-80-g-granex\/","title":{"rendered":"CHRUPKI KUKURYDZIANE MISIE BIO 80 g &#8211; GRANEX"},"content":{"rendered":"<p>SK\u0141ADNIKI<br \/>grys kukurydziany*, m\u0105ka kukurydziana*, s\u00f3l morska (*certyfikowany sk\u0142adnik ekologiczny) <\/p>\n<p>OPIS <br \/>Ka\u017cdy z nas zna chrupki kukurydziane. Teraz jest czas, by zacz\u0105\u0107 zabaw\u0119 z wyj\u0105tkowymi i niestandardowymi kszta\u0142tami przek\u0105sek. Weso\u0142e misie, zwariowane krokodyle czy urocze kwiatuszki wywo\u0142uj\u0105 u\u015bmiech na twarzy dziecka i nie tylko, bo chrupki kukurydziane to nie tylko przek\u0105ska dla dzieci. Poza unikalnymi kszta\u0142tami nasze chrupki kukurydziane wyr\u00f3\u017cnia r\u00f3wnie\u017c smak i sk\u0142ad. Wyselekcjonowane ziarna kukurydzy najwy\u017cszej jako\u015bci s\u0105 gwarancj\u0105 dobrego smaku. O jako\u015bci produkt\u00f3w \u015bwiadczy r\u00f3wnie\u017c to, \u017ce s\u0105 to produkty ekologiczne. Kwiatki, misie i krokodylki kukurydziane produkowane przez firm\u0119 Granex wyr\u00f3\u017cniaj\u0105 si\u0119 nie tylko ciekawymi kszta\u0142tami, ale r\u00f3wnie\u017c nisk\u0105 warto\u015bci\u0105 kaloryczn\u0105 dla tego typu produkt\u00f3w, kt\u00f3r\u0105 zawdzi\u0119czaj\u0105 naszym wyj\u0105tkowym sk\u0142adom. Jest to produkt jak najbardziej dla vegan i fan\u00f3w zdrowych przek\u0105sek, ale nie tylko.<\/p>\n<p>WARTO\u015a\u0106 OD\u017bYWCZA W 100 g<br \/>Warto\u015b\u0107 energetyczna: 1057 kJ\/249 kcal <br \/>T\u0142uszcz: 1,2 g <br \/>w tym kwasy t\u0142uszczowe nasycone: 0,2 g <br \/>W\u0119glowodany: 52 g <br \/>w tym cukry: 1,7 g <br \/>B\u0142onnik: 2,3 g<br \/>Bia\u0142ko: 6,5 g <br \/>S\u00f3l: 0,75 g <\/p>\n<p>INFORMACJA ALERGENNA<br \/>Mo\u017ce zawiera\u0107 ZBO\u017bA ZAWIERAJ\u0104CE GLUTEN, NASIONA SEZAMU, SOJ\u0118, ORZECHY, MLEKO (\u0142\u0105cznie z laktoz\u0105).  <\/p>\n<p>ZALECANE WARUNKI PRZECHOWYWANIA<br \/>Przechowywa\u0107 w suchym i ch\u0142odnym miejscu<\/p>","protected":false},"excerpt":{"rendered":"<p>SK\u0141ADNIKIgrys kukurydziany*, m\u0105ka kukurydziana*, s\u00f3l morska (*certyfikowany sk\u0142adnik ekologiczny) OPIS Ka\u017cdy z nas zna chrupki kukurydziane. Teraz jest czas, by zacz\u0105\u0107 zabaw\u0119 z wyj\u0105tkowymi i niestandardowymi kszta\u0142tami przek\u0105sek. Weso\u0142e misie, zwariowane krokodyle czy urocze kwiatuszki wywo\u0142uj\u0105 u\u015bmiech na twarzy dziecka i nie tylko, bo chrupki kukurydziane to nie tylko przek\u0105ska dla dzieci. Poza unikalnymi kszta\u0142tami [&hellip;]<\/p>","protected":false},"featured_media":8607,"comment_status":"closed","ping_status":"open","template":"","meta":{"_acf_changed":false},"product_brand":[],"product_cat":[422,139],"product_tag":[],"class_list":{"0":"post-8606","1":"product","2":"type-product","3":"status-publish","4":"has-post-thumbnail","6":"product_cat-chipsy-chrupki-popcorn","7":"product_cat-slodycze-i-przekaski","8":"pa_ean-matka-6643","9":"pa_gwarancja-przydatnosci-311","10":"pa_ilosc-w-opakowaniu-4991","11":"pa_jednostka-podstawowa-szt","12":"pa_kod-cn-1904-10-10","13":"pa_kraj-pochodzenia-skladnikow-turcja","14":"pa_masa-netto-1271","15":"pa_objetosc-brutto-6642","16":"pa_producent-granex-chrupki-kukurydziane","17":"pa_producent-nazwa-adres-granex-sp-z-o-o-95-006-brojce","18":"pa_tagi-bez-cukru-w-skladnikach","19":"pa_tagi-bez-glutenu-w-skladnikach","20":"pa_tagi-certyfikat-bio","21":"pa_tagi-weganski","22":"pa_tagi-wegetarianski","24":"first","25":"instock","26":"taxable","27":"shipping-taxable","28":"purchasable","29":"product-type-simple"},"acf":[],"_links":{"self":[{"href":"https:\/\/wiejskieprzysmaki.estima.site\/en\/wp-json\/wp\/v2\/product\/8606","targetHints":{"allow":["GET"]}}],"collection":[{"href":"https:\/\/wiejskieprzysmaki.estima.site\/en\/wp-json\/wp\/v2\/product"}],"about":[{"href":"https:\/\/wiejskieprzysmaki.estima.site\/en\/wp-json\/wp\/v2\/types\/product"}],"replies":[{"embeddable":true,"href":"https:\/\/wiejskieprzysmaki.estima.site\/en\/wp-json\/wp\/v2\/comments?post=8606"}],"wp:featuredmedia":[{"embeddable":true,"href":"https:\/\/wiejskieprzysmaki.estima.site\/en\/wp-json\/wp\/v2\/media\/8607"}],"wp:attachment":[{"href":"https:\/\/wiejskieprzysmaki.estima.site\/en\/wp-json\/wp\/v2\/media?parent=8606"}],"wp:term":[{"taxonomy":"product_brand","embeddable":true,"href":"https:\/\/wiejskieprzysmaki.estima.site\/en\/wp-json\/wp\/v2\/product_brand?post=8606"},{"taxonomy":"product_cat","embeddable":true,"href":"https:\/\/wiejskieprzysmaki.estima.site\/en\/wp-json\/wp\/v2\/product_cat?post=8606"},{"taxonomy":"product_tag","embeddable":true,"href":"https:\/\/wiejskieprzysmaki.estima.site\/en\/wp-json\/wp\/v2\/product_tag?post=8606"}],"curies":[{"name":"wp","href":"https:\/\/api.w.org\/{rel}","templated":true}]}}