{"id":8612,"date":"2025-02-18T11:57:26","date_gmt":"2025-02-18T10:57:26","guid":{"rendered":"https:\/\/wiejskieprzysmaki.estima.site\/produkt\/platki-daktylowe-bio-150-g-bio-planet\/"},"modified":"2025-02-18T11:57:38","modified_gmt":"2025-02-18T10:57:38","slug":"platki-daktylowe-bio-150-g-bio-planet","status":"publish","type":"product","link":"https:\/\/wiejskieprzysmaki.estima.site\/en\/product\/platki-daktylowe-bio-150-g-bio-planet\/","title":{"rendered":"P\u0141ATKI DAKTYLOWE BIO 150 g &#8211; BIO PLANET"},"content":{"rendered":"<p>SK\u0141ADNIKI  <br \/>ekologiczne daktyle 100 %.<\/p>\n<p>P\u0142atki daktylowe charakteryzuj\u0105 si\u0119 s\u0142odkim smakiem z nutk\u0105 toffi. Polecamy jako samodzielna przek\u0105ska lub jako dodatek do owsianek, wypiek\u00f3w i deser\u00f3w. <\/p>\n<p>WARTO\u015a\u0106 OD\u017bYWCZA W 100 g  <br \/>Warto\u015b\u0107 energetyczna \t1523 kJ\/360 kcal<br \/>T\u0142uszcz \t0,4 g<br \/>w tym kwasy t\u0142uszczowe nasycone \t0,2 g<br \/>W\u0119glowodany \t81 g<br \/>w tym cukry \t75 g<br \/>B\u0142onnik \t11 g<br \/>Bia\u0142ko \t3,0 g<br \/>S\u00f3l \t0,06 g<\/p>\n<p>ZALECANE WARUNKI PRZECHOWYWANIA  <br \/>Przechowywa\u0107 w suchym i ch\u0142odnym miejscu.  <\/p>","protected":false},"excerpt":{"rendered":"<p>SK\u0141ADNIKI ekologiczne daktyle 100 %. P\u0142atki daktylowe charakteryzuj\u0105 si\u0119 s\u0142odkim smakiem z nutk\u0105 toffi. Polecamy jako samodzielna przek\u0105ska lub jako dodatek do owsianek, wypiek\u00f3w i deser\u00f3w. WARTO\u015a\u0106 OD\u017bYWCZA W 100 g Warto\u015b\u0107 energetyczna 1523 kJ\/360 kcalT\u0142uszcz 0,4 gw tym kwasy t\u0142uszczowe nasycone 0,2 gW\u0119glowodany 81 gw tym cukry 75 gB\u0142onnik 11 gBia\u0142ko 3,0 gS\u00f3l 0,06 [&hellip;]<\/p>","protected":false},"featured_media":8613,"comment_status":"closed","ping_status":"open","template":"","meta":{"_acf_changed":false},"product_brand":[],"product_cat":[796,265],"product_tag":[],"class_list":{"0":"post-8612","1":"product","2":"type-product","3":"status-publish","4":"has-post-thumbnail","6":"product_cat-platki","7":"product_cat-sniadaniowe","8":"pa_ean-matka-6645","9":"pa_gwarancja-przydatnosci-324","10":"pa_ilosc-w-opakowaniu-298","11":"pa_jednostka-podstawowa-szt","12":"pa_kod-cn-0804-10-00","13":"pa_kraj-pochodzenia-skladnikow-tunezja","14":"pa_masa-netto-197","15":"pa_objetosc-brutto-521","16":"pa_producent-bio-planet-seria-rozowa-platki-otreby-musli","17":"pa_producent-nazwa-adres-bio-planet-s-a-wilkowa-wies-7-05-084-leszno","18":"pa_tagi-bez-cukru-w-skladnikach","19":"pa_tagi-bez-glutenu-w-skladnikach","20":"pa_tagi-certyfikat-bio","21":"pa_tagi-weganski","22":"pa_tagi-wegetarianski","24":"first","25":"instock","26":"taxable","27":"shipping-taxable","28":"purchasable","29":"product-type-simple"},"acf":[],"_links":{"self":[{"href":"https:\/\/wiejskieprzysmaki.estima.site\/en\/wp-json\/wp\/v2\/product\/8612","targetHints":{"allow":["GET"]}}],"collection":[{"href":"https:\/\/wiejskieprzysmaki.estima.site\/en\/wp-json\/wp\/v2\/product"}],"about":[{"href":"https:\/\/wiejskieprzysmaki.estima.site\/en\/wp-json\/wp\/v2\/types\/product"}],"replies":[{"embeddable":true,"href":"https:\/\/wiejskieprzysmaki.estima.site\/en\/wp-json\/wp\/v2\/comments?post=8612"}],"wp:featuredmedia":[{"embeddable":true,"href":"https:\/\/wiejskieprzysmaki.estima.site\/en\/wp-json\/wp\/v2\/media\/8613"}],"wp:attachment":[{"href":"https:\/\/wiejskieprzysmaki.estima.site\/en\/wp-json\/wp\/v2\/media?parent=8612"}],"wp:term":[{"taxonomy":"product_brand","embeddable":true,"href":"https:\/\/wiejskieprzysmaki.estima.site\/en\/wp-json\/wp\/v2\/product_brand?post=8612"},{"taxonomy":"product_cat","embeddable":true,"href":"https:\/\/wiejskieprzysmaki.estima.site\/en\/wp-json\/wp\/v2\/product_cat?post=8612"},{"taxonomy":"product_tag","embeddable":true,"href":"https:\/\/wiejskieprzysmaki.estima.site\/en\/wp-json\/wp\/v2\/product_tag?post=8612"}],"curies":[{"name":"wp","href":"https:\/\/api.w.org\/{rel}","templated":true}]}}