{"id":862,"date":"2025-02-18T10:32:24","date_gmt":"2025-02-18T09:32:24","guid":{"rendered":"https:\/\/wiejskieprzysmaki.estima.site\/produkt\/wiorki-kokosowe-bezglutenowe-bio-500-g-bio-planet\/"},"modified":"2025-02-20T15:20:47","modified_gmt":"2025-02-20T14:20:47","slug":"wiorki-kokosowe-bezglutenowe-bio-500-g-bio-planet","status":"publish","type":"product","link":"https:\/\/wiejskieprzysmaki.estima.site\/en\/product\/wiorki-kokosowe-bezglutenowe-bio-500-g-bio-planet\/","title":{"rendered":"WI\u00d3RKI KOKOSOWE BEZGLUTENOWE BIO 500 g &#8211; BIO PLANET"},"content":{"rendered":"<p>SK\u0141ADNIKI<br \/>ekologiczne wi\u00f3rki kokosowe 100 %.<\/p>\n<p>OPIS<br \/>Ekologiczne wi\u00f3rki kokosowe uzyskiwane s\u0105 z wysuszonego i startego mi\u0105\u017cszu orzecha kokosowego. <br \/>Wi\u00f3rki kokosowe polecamy g\u0142\u00f3wnie do wypiek\u00f3w cukierniczych, jako posypk\u0119 do deser\u00f3w, sa\u0142atek owocowych i lod\u00f3w.<\/p>\n<p>WARTO\u015a\u0106 OD\u017bYWCZA W 100 g<br \/>Warto\u015b\u0107 energetyczna &#8211; 3093 kJ \/ 749 kcal<br \/>T\u0142uszcz &#8211; 69 g<br \/>w tym kwasy t\u0142uszczowe nasycone &#8211; 65 g<br \/>W\u0119glowodany &#8211; 18 g<br \/>w tym cukry &#8211; 7,2 g<br \/>B\u0142onnik &#8211; 9,8 g<br \/>Bia\u0142ko &#8211; 8,3 g<br \/>S\u00f3l &#8211; 0,04 g<\/p>\n<p>ZALECANE WARUNKI PRZECHOWYWANIA<br \/>Przechowywa\u0107 w suchym i ch\u0142odnym miejscu.<\/p>","protected":false},"excerpt":{"rendered":"<p>SK\u0141ADNIKIekologiczne wi\u00f3rki kokosowe 100 %. OPISEkologiczne wi\u00f3rki kokosowe uzyskiwane s\u0105 z wysuszonego i startego mi\u0105\u017cszu orzecha kokosowego. Wi\u00f3rki kokosowe polecamy g\u0142\u00f3wnie do wypiek\u00f3w cukierniczych, jako posypk\u0119 do deser\u00f3w, sa\u0142atek owocowych i lod\u00f3w. WARTO\u015a\u0106 OD\u017bYWCZA W 100 gWarto\u015b\u0107 energetyczna &#8211; 3093 kJ \/ 749 kcalT\u0142uszcz &#8211; 69 gw tym kwasy t\u0142uszczowe nasycone &#8211; 65 gW\u0119glowodany &#8211; [&hellip;]<\/p>","protected":false},"featured_media":863,"comment_status":"closed","ping_status":"open","template":"","meta":{"_acf_changed":false},"product_brand":[],"product_cat":[830,810],"product_tag":[],"class_list":{"0":"post-862","1":"product","2":"type-product","3":"status-publish","4":"has-post-thumbnail","6":"product_cat-orzechy-i-owoce-suszone","7":"product_cat-orzechy-kasztany-wiorki-kokosowe","8":"pa_ean-matka-874","9":"pa_gwarancja-przydatnosci-324","10":"pa_ilosc-w-opakowaniu-298","11":"pa_jednostka-podstawowa-szt","12":"pa_kod-cn-0801-11-00","13":"pa_kraj-pochodzenia-skladnikow-indonezja","14":"pa_masa-netto-347","15":"pa_objetosc-brutto-507","16":"pa_producent-bio-planet-seria-brazowa-orzechy-i-pestki","17":"pa_producent-nazwa-adres-bio-planet-s-a-wilkowa-wies-7-05-084-leszno","18":"pa_tagi-bez-cukru-w-skladnikach","19":"pa_tagi-bez-glutenu-deklaracja","20":"pa_tagi-bez-glutenu-w-skladnikach","21":"pa_tagi-certyfikat-bio","22":"pa_tagi-weganski","23":"pa_tagi-wegetarianski","25":"first","26":"instock","27":"taxable","28":"shipping-taxable","29":"purchasable","30":"product-type-simple"},"acf":[],"_links":{"self":[{"href":"https:\/\/wiejskieprzysmaki.estima.site\/en\/wp-json\/wp\/v2\/product\/862","targetHints":{"allow":["GET"]}}],"collection":[{"href":"https:\/\/wiejskieprzysmaki.estima.site\/en\/wp-json\/wp\/v2\/product"}],"about":[{"href":"https:\/\/wiejskieprzysmaki.estima.site\/en\/wp-json\/wp\/v2\/types\/product"}],"replies":[{"embeddable":true,"href":"https:\/\/wiejskieprzysmaki.estima.site\/en\/wp-json\/wp\/v2\/comments?post=862"}],"wp:featuredmedia":[{"embeddable":true,"href":"https:\/\/wiejskieprzysmaki.estima.site\/en\/wp-json\/wp\/v2\/media\/863"}],"wp:attachment":[{"href":"https:\/\/wiejskieprzysmaki.estima.site\/en\/wp-json\/wp\/v2\/media?parent=862"}],"wp:term":[{"taxonomy":"product_brand","embeddable":true,"href":"https:\/\/wiejskieprzysmaki.estima.site\/en\/wp-json\/wp\/v2\/product_brand?post=862"},{"taxonomy":"product_cat","embeddable":true,"href":"https:\/\/wiejskieprzysmaki.estima.site\/en\/wp-json\/wp\/v2\/product_cat?post=862"},{"taxonomy":"product_tag","embeddable":true,"href":"https:\/\/wiejskieprzysmaki.estima.site\/en\/wp-json\/wp\/v2\/product_tag?post=862"}],"curies":[{"name":"wp","href":"https:\/\/api.w.org\/{rel}","templated":true}]}}