{"id":8628,"date":"2025-02-18T11:57:41","date_gmt":"2025-02-18T10:57:41","guid":{"rendered":"https:\/\/wiejskieprzysmaki.estima.site\/produkt\/herbatka-na-pomoc-lasom-deszczowym-happy-nature-bio-17-x-19-g-323-g-yogi-tea\/"},"modified":"2025-02-18T11:57:45","modified_gmt":"2025-02-18T10:57:45","slug":"herbatka-na-pomoc-lasom-deszczowym-happy-nature-bio-17-x-19-g-323-g-yogi-tea","status":"publish","type":"product","link":"https:\/\/wiejskieprzysmaki.estima.site\/en\/product\/herbatka-na-pomoc-lasom-deszczowym-happy-nature-bio-17-x-19-g-323-g-yogi-tea\/","title":{"rendered":"HERBATKA NA POMOC LASOM DESZCZOWYM (HAPPY NATURE) BIO (17 x 1,9 g) 32,3 g &#8211; YOGI TEA"},"content":{"rendered":"<p>SK\u0141ADNIKI<br \/>cynamon*, lukrecja*, imbir*, hibiskus*, korze\u0144 kurkumy*, jab\u0142ko*, hibiskus bia\u0142y*, \u0142uski kakao*, sk\u00f3rka pomara\u0144czy*, olejek pomara\u0144czowy*, pieprz czarny*, wanilia* (1,5 %), mango* (1,5 %), sk\u00f3rka cytrynowa*, ekstrakt z wanilii* (1,2 %), olejek cytrynowy*, go\u017adziki*, olejek tangerynkowy* (0,5 %), olejek mandarynkowy*, owoc baobabu*, kardamon*. (*certyfikowany sk\u0142adnik ekologiczny)<\/p>\n<p>OPIS<br \/>Ajurwedyjska herbatka z przypraw korzennych i owoc\u00f3w. <br \/>Madagaskar &#8211; wyj\u0105tkowe miejsce. Ojczyzna wielu endemicznych gatunk\u00f3w zwierz\u0105t i ro\u015blin oraz niekt\u00f3rych sk\u0142adnik\u00f3w naszych pysznych herbat. Madagaskar jest regionem \u015bwiata, kt\u00f3ry niezwykle cierpi wskutek wyr\u0119bu las\u00f3w, wsp\u00f3lnie z naszym partnerem JACARANDAS aktywnie dzia\u0142amy na rzecz ponownego zalesiania tych teren\u00f3w. <br \/>Kupuj\u0105c t\u0119 herbatk\u0119, wspierasz jednego z 3000 farmer\u00f3w w zr\u00f3wnowa\u017conej, uczciwej uprawie i finansujesz sadzenie nowych ro\u015blin.<br \/>Zawiera lukrecj\u0119 \u2013 chorzy na nadci\u015bnienie powinni unika\u0107 nadmiernego spo\u017cycia.<\/p>\n<p>SPOS\u00d3B PRZYGOTOWANIA<br \/>Zalej torebk\u0119 250 ml \u015bwie\u017co przegotowanej wody i pozostaw do zaparzenia na oko\u0142o 7 minut lub d\u0142u\u017cej &#8211; dla uzyskania g\u0142\u0119bszego aromatu.<\/p>\n<p>ZALECANE WARUNKI PRZECHOWYWANIA<br \/>Przechowywa\u0107 w suchym i ch\u0142odnym miejscu. <\/p>","protected":false},"excerpt":{"rendered":"<p>SK\u0141ADNIKIcynamon*, lukrecja*, imbir*, hibiskus*, korze\u0144 kurkumy*, jab\u0142ko*, hibiskus bia\u0142y*, \u0142uski kakao*, sk\u00f3rka pomara\u0144czy*, olejek pomara\u0144czowy*, pieprz czarny*, wanilia* (1,5 %), mango* (1,5 %), sk\u00f3rka cytrynowa*, ekstrakt z wanilii* (1,2 %), olejek cytrynowy*, go\u017adziki*, olejek tangerynkowy* (0,5 %), olejek mandarynkowy*, owoc baobabu*, kardamon*. (*certyfikowany sk\u0142adnik ekologiczny) OPISAjurwedyjska herbatka z przypraw korzennych i owoc\u00f3w. Madagaskar &#8211; wyj\u0105tkowe [&hellip;]<\/p>","protected":false},"featured_media":8629,"comment_status":"closed","ping_status":"open","template":"","meta":{"_acf_changed":false},"product_brand":[],"product_cat":[282,478],"product_tag":[],"class_list":{"0":"post-8628","1":"product","2":"type-product","3":"status-publish","4":"has-post-thumbnail","6":"product_cat-herbaty-i-ziola","7":"product_cat-ziolowe-owocowe-mieszanki","8":"pa_ean-matka-6656","9":"pa_gwarancja-przydatnosci-522","10":"pa_ilosc-w-opakowaniu-298","11":"pa_jednostka-podstawowa-szt","12":"pa_kod-cn-2106-90-98","13":"pa_masa-netto-2302","14":"pa_objetosc-brutto-1264","15":"pa_producent-yogi-tea-herbaty-i-herbatki","16":"pa_producent-nazwa-adres-yogi-tea-gmbh-burchardstrase-24-20095-hamburg","17":"pa_tagi-bez-cukru-w-skladnikach","18":"pa_tagi-bez-glutenu-w-skladnikach","19":"pa_tagi-certyfikat-bio","20":"pa_tagi-weganski","21":"pa_tagi-wegetarianski","23":"first","24":"instock","25":"taxable","26":"shipping-taxable","27":"purchasable","28":"product-type-simple"},"acf":[],"_links":{"self":[{"href":"https:\/\/wiejskieprzysmaki.estima.site\/en\/wp-json\/wp\/v2\/product\/8628","targetHints":{"allow":["GET"]}}],"collection":[{"href":"https:\/\/wiejskieprzysmaki.estima.site\/en\/wp-json\/wp\/v2\/product"}],"about":[{"href":"https:\/\/wiejskieprzysmaki.estima.site\/en\/wp-json\/wp\/v2\/types\/product"}],"replies":[{"embeddable":true,"href":"https:\/\/wiejskieprzysmaki.estima.site\/en\/wp-json\/wp\/v2\/comments?post=8628"}],"wp:featuredmedia":[{"embeddable":true,"href":"https:\/\/wiejskieprzysmaki.estima.site\/en\/wp-json\/wp\/v2\/media\/8629"}],"wp:attachment":[{"href":"https:\/\/wiejskieprzysmaki.estima.site\/en\/wp-json\/wp\/v2\/media?parent=8628"}],"wp:term":[{"taxonomy":"product_brand","embeddable":true,"href":"https:\/\/wiejskieprzysmaki.estima.site\/en\/wp-json\/wp\/v2\/product_brand?post=8628"},{"taxonomy":"product_cat","embeddable":true,"href":"https:\/\/wiejskieprzysmaki.estima.site\/en\/wp-json\/wp\/v2\/product_cat?post=8628"},{"taxonomy":"product_tag","embeddable":true,"href":"https:\/\/wiejskieprzysmaki.estima.site\/en\/wp-json\/wp\/v2\/product_tag?post=8628"}],"curies":[{"name":"wp","href":"https:\/\/api.w.org\/{rel}","templated":true}]}}