{"id":864,"date":"2025-02-18T10:32:24","date_gmt":"2025-02-18T09:32:24","guid":{"rendered":"https:\/\/wiejskieprzysmaki.estima.site\/produkt\/gryka-ekspandowana-bezglutenowa-bio-100-g-bio-planet\/"},"modified":"2025-02-18T10:32:35","modified_gmt":"2025-02-18T09:32:35","slug":"gryka-ekspandowana-bezglutenowa-bio-100-g-bio-planet","status":"publish","type":"product","link":"https:\/\/wiejskieprzysmaki.estima.site\/en\/product\/gryka-ekspandowana-bezglutenowa-bio-100-g-bio-planet\/","title":{"rendered":"GRYKA EKSPANDOWANA BEZGLUTENOWA BIO 100 g &#8211; BIO PLANET"},"content":{"rendered":"<p>SK\u0141ADNIKI<br \/>ekologiczna gryka ekspandowana 100 %.<\/p>\n<p>OPIS<br \/>Ekologiczna gryka ekspandowana to znakomita przek\u0105ska, przeznaczona do bezpo\u015bredniego spo\u017cycia. Doskonale sprawdza si\u0119 jako dodatek do jogurt\u00f3w, musli, sa\u0142atek, wypiek\u00f3w oraz deser\u00f3w.<\/p>\n<p>WARTO\u015a\u0106 OD\u017bYWCZA W 100 g<br \/>Warto\u015b\u0107 energetyczna &#8211; 1594 kJ \/376 kcal<br \/>T\u0142uszcz &#8211; 1,3 g<br \/>w tym kwasy t\u0142uszczowe nasycone &#8211; 0,3 g<br \/>W\u0119glowodany &#8211; 84 g<br \/>w tym cukry &#8211; 0,5 g<br \/>B\u0142onnik &#8211; 2,8 g<br \/>Bia\u0142ko &#8211; 5,6 g<br \/>S\u00f3l <0,01 g\n\nZALECANE WARUNKI PRZECHOWYWANIA<br \/>Przechowywa\u0107 w suchym i ch\u0142odnym miejscu.<\/p>","protected":false},"excerpt":{"rendered":"<p>SK\u0141ADNIKIekologiczna gryka ekspandowana 100 %. OPISEkologiczna gryka ekspandowana to znakomita przek\u0105ska, przeznaczona do bezpo\u015bredniego spo\u017cycia. Doskonale sprawdza si\u0119 jako dodatek do jogurt\u00f3w, musli, sa\u0142atek, wypiek\u00f3w oraz deser\u00f3w. WARTO\u015a\u0106 OD\u017bYWCZA W 100 gWarto\u015b\u0107 energetyczna &#8211; 1594 kJ \/376 kcalT\u0142uszcz &#8211; 1,3 gw tym kwasy t\u0142uszczowe nasycone &#8211; 0,3 gW\u0119glowodany &#8211; 84 gw tym cukry &#8211; 0,5 [&hellip;]<\/p>","protected":false},"featured_media":865,"comment_status":"closed","ping_status":"open","template":"","meta":{"_acf_changed":false},"product_brand":[],"product_cat":[266,265],"product_tag":[],"class_list":{"0":"post-864","1":"product","2":"type-product","3":"status-publish","4":"has-post-thumbnail","6":"product_cat-nasiona-ekspandowane","7":"product_cat-sniadaniowe","8":"pa_ean-matka-875","9":"pa_gwarancja-przydatnosci-324","10":"pa_ilosc-w-opakowaniu-298","11":"pa_jednostka-podstawowa-szt","12":"pa_kod-cn-1904-10-90","13":"pa_kraj-pochodzenia-skladnikow-polska","14":"pa_masa-netto-242","15":"pa_objetosc-brutto-210","16":"pa_producent-bio-planet-seria-rozowa-platki-otreby-musli","17":"pa_producent-nazwa-adres-bio-planet-s-a-wilkowa-wies-7-05-084-leszno","18":"pa_tagi-bez-cukru-w-skladnikach","19":"pa_tagi-bez-glutenu-deklaracja","20":"pa_tagi-bez-glutenu-w-skladnikach","21":"pa_tagi-certyfikat-bio","22":"pa_tagi-weganski","23":"pa_tagi-wegetarianski","25":"first","26":"instock","27":"taxable","28":"shipping-taxable","29":"purchasable","30":"product-type-simple"},"acf":[],"_links":{"self":[{"href":"https:\/\/wiejskieprzysmaki.estima.site\/en\/wp-json\/wp\/v2\/product\/864","targetHints":{"allow":["GET"]}}],"collection":[{"href":"https:\/\/wiejskieprzysmaki.estima.site\/en\/wp-json\/wp\/v2\/product"}],"about":[{"href":"https:\/\/wiejskieprzysmaki.estima.site\/en\/wp-json\/wp\/v2\/types\/product"}],"replies":[{"embeddable":true,"href":"https:\/\/wiejskieprzysmaki.estima.site\/en\/wp-json\/wp\/v2\/comments?post=864"}],"wp:featuredmedia":[{"embeddable":true,"href":"https:\/\/wiejskieprzysmaki.estima.site\/en\/wp-json\/wp\/v2\/media\/865"}],"wp:attachment":[{"href":"https:\/\/wiejskieprzysmaki.estima.site\/en\/wp-json\/wp\/v2\/media?parent=864"}],"wp:term":[{"taxonomy":"product_brand","embeddable":true,"href":"https:\/\/wiejskieprzysmaki.estima.site\/en\/wp-json\/wp\/v2\/product_brand?post=864"},{"taxonomy":"product_cat","embeddable":true,"href":"https:\/\/wiejskieprzysmaki.estima.site\/en\/wp-json\/wp\/v2\/product_cat?post=864"},{"taxonomy":"product_tag","embeddable":true,"href":"https:\/\/wiejskieprzysmaki.estima.site\/en\/wp-json\/wp\/v2\/product_tag?post=864"}],"curies":[{"name":"wp","href":"https:\/\/api.w.org\/{rel}","templated":true}]}}