{"id":8642,"date":"2025-02-18T11:57:49","date_gmt":"2025-02-18T10:57:49","guid":{"rendered":"https:\/\/wiejskieprzysmaki.estima.site\/produkt\/naturalna-woda-mineralna-sredniozmineralizowana-lekko-gazowana-330-ml-szklo-java\/"},"modified":"2025-02-18T11:57:53","modified_gmt":"2025-02-18T10:57:53","slug":"naturalna-woda-mineralna-sredniozmineralizowana-lekko-gazowana-330-ml-szklo-java","status":"publish","type":"product","link":"https:\/\/wiejskieprzysmaki.estima.site\/en\/product\/naturalna-woda-mineralna-sredniozmineralizowana-lekko-gazowana-330-ml-szklo-java\/","title":{"rendered":"NATURALNA WODA MINERALNA \u015aREDNIOZMINERALIZOWANA LEKKO GAZOWANA 330 ml (SZK\u0141O) &#8211; JAVA"},"content":{"rendered":"<p>Zawarto\u015b\u0107 sk\u0142adnik\u00f3w mineralnych w litrze wody (mg\/L)<br \/>KATIONY <br \/>S\u00f3d Na+  [322,4]<br \/>Wap\u0144 Ca2+ [2]<br \/>Potas K+ [1,4]<br \/>Magnez Mg2+ [1,22]<\/p>\n<p>ANIONY <br \/>Wodorow\u0119glany HCO-3 [562]<br \/>W\u0119glany CO2-3 [105,2]<br \/>Chlorki Cl- [36,1]<br \/>Siarczany SO2-4 [10,8]<br \/>H2SiO3 [8,4]<\/p>\n<p>Og\u00f3lna mineralizacja wody: 1050 mg\/l.<\/p>\n<p>OPIS<br \/>Woda \u015bredniozmineralizowana napowietrzana, filtrowana, w procesie rozlewania niskonasycona dwutlenkiem w\u0119gla. <br \/>Nazwa otworu: Humniska, po\u0142o\u017cona we wsi Humniska, gmina Brzoz\u00f3w.<br \/>Osad jest zjawiskiem naturalnym.<\/p>\n<p>ZALECANE WARUNKI PRZECHOWYWANIA<br \/>Przechowywa\u0107 w ch\u0142odnym i zacienionym miejscu.<\/p>","protected":false},"excerpt":{"rendered":"<p>Zawarto\u015b\u0107 sk\u0142adnik\u00f3w mineralnych w litrze wody (mg\/L)KATIONY S\u00f3d Na+ [322,4]Wap\u0144 Ca2+ [2]Potas K+ [1,4]Magnez Mg2+ [1,22] ANIONY Wodorow\u0119glany HCO-3 [562]W\u0119glany CO2-3 [105,2]Chlorki Cl- [36,1]Siarczany SO2-4 [10,8]H2SiO3 [8,4] Og\u00f3lna mineralizacja wody: 1050 mg\/l. OPISWoda \u015bredniozmineralizowana napowietrzana, filtrowana, w procesie rozlewania niskonasycona dwutlenkiem w\u0119gla. Nazwa otworu: Humniska, po\u0142o\u017cona we wsi Humniska, gmina Brzoz\u00f3w.Osad jest zjawiskiem naturalnym. ZALECANE [&hellip;]<\/p>","protected":false},"featured_media":8643,"comment_status":"closed","ping_status":"open","template":"","meta":{"_acf_changed":false},"product_brand":[],"product_cat":[134,379],"product_tag":[],"class_list":{"0":"post-8642","1":"product","2":"type-product","3":"status-publish","4":"has-post-thumbnail","6":"product_cat-napoje","7":"product_cat-wody-mineralne-zrodlane-i-smakowe","8":"pa_ean-matka-6665","9":"pa_gwarancja-przydatnosci-324","10":"pa_ilosc-w-opakowaniu-327","11":"pa_jednostka-podstawowa-szt","12":"pa_kod-cn-2201-10-11","13":"pa_kraj-pochodzenia-skladnikow-polska","14":"pa_objetosc-brutto-532","15":"pa_objetosc-netto-1012","16":"pa_producent-java-wody-alkaliczne","17":"pa_producent-nazwa-adres-java-sp-zo-o-36-206-humniska-439a","18":"pa_tagi-bez-cukru-w-skladnikach","19":"pa_tagi-bez-glutenu-w-skladnikach","20":"pa_tagi-weganski","21":"pa_tagi-wegetarianski","23":"first","24":"instock","25":"taxable","26":"shipping-taxable","27":"purchasable","28":"product-type-simple"},"acf":[],"_links":{"self":[{"href":"https:\/\/wiejskieprzysmaki.estima.site\/en\/wp-json\/wp\/v2\/product\/8642","targetHints":{"allow":["GET"]}}],"collection":[{"href":"https:\/\/wiejskieprzysmaki.estima.site\/en\/wp-json\/wp\/v2\/product"}],"about":[{"href":"https:\/\/wiejskieprzysmaki.estima.site\/en\/wp-json\/wp\/v2\/types\/product"}],"replies":[{"embeddable":true,"href":"https:\/\/wiejskieprzysmaki.estima.site\/en\/wp-json\/wp\/v2\/comments?post=8642"}],"wp:featuredmedia":[{"embeddable":true,"href":"https:\/\/wiejskieprzysmaki.estima.site\/en\/wp-json\/wp\/v2\/media\/8643"}],"wp:attachment":[{"href":"https:\/\/wiejskieprzysmaki.estima.site\/en\/wp-json\/wp\/v2\/media?parent=8642"}],"wp:term":[{"taxonomy":"product_brand","embeddable":true,"href":"https:\/\/wiejskieprzysmaki.estima.site\/en\/wp-json\/wp\/v2\/product_brand?post=8642"},{"taxonomy":"product_cat","embeddable":true,"href":"https:\/\/wiejskieprzysmaki.estima.site\/en\/wp-json\/wp\/v2\/product_cat?post=8642"},{"taxonomy":"product_tag","embeddable":true,"href":"https:\/\/wiejskieprzysmaki.estima.site\/en\/wp-json\/wp\/v2\/product_tag?post=8642"}],"curies":[{"name":"wp","href":"https:\/\/api.w.org\/{rel}","templated":true}]}}