{"id":8656,"date":"2025-02-18T11:57:49","date_gmt":"2025-02-18T10:57:49","guid":{"rendered":"https:\/\/wiejskieprzysmaki.estima.site\/produkt\/pierogi-z-kapusta-i-grzybami-bezglutenowe-275-g-mama-vege\/"},"modified":"2025-02-18T11:58:03","modified_gmt":"2025-02-18T10:58:03","slug":"pierogi-z-kapusta-i-grzybami-bezglutenowe-275-g-mama-vege","status":"publish","type":"product","link":"https:\/\/wiejskieprzysmaki.estima.site\/en\/product\/pierogi-z-kapusta-i-grzybami-bezglutenowe-275-g-mama-vege\/","title":{"rendered":"PIEROGI Z KAPUST\u0104 I GRZYBAMI BEZGLUTENOWE 275 g &#8211; MAMA VEGE"},"content":{"rendered":"<p>SK\u0141ADNIKI<br \/>kapusta kiszona 22 %, woda, m\u0105ki (ry\u017cowa, gryczana), cebula sma\u017cona 10 %, skrobia kukurydziana, skrobia ziemniaczana, grzyby le\u015bne 8,7 % (borowik, podgrzybek, ma\u015blak, ko\u017alarz), skrobia tapiokowa, olej rzepakowy, substancje zag\u0119szczaj\u0105ce: guma ksantanowa, guma guar, s\u00f3l, pieprz, b\u0142onniki ro\u015blinne.<\/p>\n<p>OPIS<br \/>Produkt wega\u0144ski. Nie zawiera konserwant\u00f3w. Nie zawiera sztucznych barwnik\u00f3w. Produkt niskobia\u0142kowy. <\/p>\n<p>SPOS\u00d3B PRZYGOTOWANIA<br \/>Garnek &#8211; gotowa\u0107 3 minuty.<br \/>Patelnia &#8211; sma\u017cy\u0107 4 minuty.<\/p>\n<p>WARTO\u015a\u0106 OD\u017bYWCZA W 100 g<br \/>Warto\u015b\u0107 energetyczna: 639 kJ\/152 kcal<br \/>T\u0142uszcz: 4,9 g<br \/>w tym kwasy t\u0142uszczowe nasycone: 0,5 g<br \/>W\u0119glowodany: 27,4 g<br \/>w tym cukry: 1,6 g<br \/>B\u0142onnik: 4,1 g<br \/>Bia\u0142ko: 1,8 g<br \/>S\u00f3l: 0,8 g<\/p>\n<p>ZALECANE WARUNKI PRZECHOWYWANIA<br \/>Przechowywa\u0107 w temperaturze od +2 do +8\u00b0C. Po otwarciu spo\u017cy\u0107 w ci\u0105gu 24 godzin.<\/p>","protected":false},"excerpt":{"rendered":"<p>SK\u0141ADNIKIkapusta kiszona 22 %, woda, m\u0105ki (ry\u017cowa, gryczana), cebula sma\u017cona 10 %, skrobia kukurydziana, skrobia ziemniaczana, grzyby le\u015bne 8,7 % (borowik, podgrzybek, ma\u015blak, ko\u017alarz), skrobia tapiokowa, olej rzepakowy, substancje zag\u0119szczaj\u0105ce: guma ksantanowa, guma guar, s\u00f3l, pieprz, b\u0142onniki ro\u015blinne. OPISProdukt wega\u0144ski. Nie zawiera konserwant\u00f3w. Nie zawiera sztucznych barwnik\u00f3w. Produkt niskobia\u0142kowy. SPOS\u00d3B PRZYGOTOWANIAGarnek &#8211; gotowa\u0107 3 minuty.Patelnia [&hellip;]<\/p>","protected":false},"featured_media":8657,"comment_status":"closed","ping_status":"open","template":"","meta":{"_acf_changed":false},"product_brand":[],"product_cat":[459,274],"product_tag":[],"class_list":{"0":"post-8656","1":"product","2":"type-product","3":"status-publish","4":"has-post-thumbnail","6":"product_cat-dania-gotowe-chlodnicze","7":"product_cat-lodowka-inne","8":"pa_ean-matka-6675","9":"pa_gwarancja-przydatnosci-4052","10":"pa_ilosc-w-opakowaniu-454","11":"pa_jednostka-podstawowa-szt","12":"pa_kod-cn-1902-20-91","13":"pa_masa-netto-455","14":"pa_objetosc-brutto-458","15":"pa_producent-mama-vege-wyroby-garmazeryjne","16":"pa_producent-nazwa-adres-gf-food-sp-z-o-o-sp-k-ul-ebro-45-01-490-warszawa","17":"pa_tagi-bez-cukru-w-skladnikach","18":"pa_tagi-bez-glutenu-deklaracja","19":"pa_tagi-bez-glutenu-w-skladnikach","20":"pa_tagi-weganski","21":"pa_tagi-wegetarianski","23":"first","24":"instock","25":"taxable","26":"shipping-taxable","27":"purchasable","28":"product-type-simple"},"acf":[],"_links":{"self":[{"href":"https:\/\/wiejskieprzysmaki.estima.site\/en\/wp-json\/wp\/v2\/product\/8656","targetHints":{"allow":["GET"]}}],"collection":[{"href":"https:\/\/wiejskieprzysmaki.estima.site\/en\/wp-json\/wp\/v2\/product"}],"about":[{"href":"https:\/\/wiejskieprzysmaki.estima.site\/en\/wp-json\/wp\/v2\/types\/product"}],"replies":[{"embeddable":true,"href":"https:\/\/wiejskieprzysmaki.estima.site\/en\/wp-json\/wp\/v2\/comments?post=8656"}],"wp:featuredmedia":[{"embeddable":true,"href":"https:\/\/wiejskieprzysmaki.estima.site\/en\/wp-json\/wp\/v2\/media\/8657"}],"wp:attachment":[{"href":"https:\/\/wiejskieprzysmaki.estima.site\/en\/wp-json\/wp\/v2\/media?parent=8656"}],"wp:term":[{"taxonomy":"product_brand","embeddable":true,"href":"https:\/\/wiejskieprzysmaki.estima.site\/en\/wp-json\/wp\/v2\/product_brand?post=8656"},{"taxonomy":"product_cat","embeddable":true,"href":"https:\/\/wiejskieprzysmaki.estima.site\/en\/wp-json\/wp\/v2\/product_cat?post=8656"},{"taxonomy":"product_tag","embeddable":true,"href":"https:\/\/wiejskieprzysmaki.estima.site\/en\/wp-json\/wp\/v2\/product_tag?post=8656"}],"curies":[{"name":"wp","href":"https:\/\/api.w.org\/{rel}","templated":true}]}}