{"id":8680,"date":"2025-02-18T11:58:15","date_gmt":"2025-02-18T10:58:15","guid":{"rendered":"https:\/\/wiejskieprzysmaki.estima.site\/produkt\/makrela-filety-w-bio-oliwie-z-oliwek-extra-virgin-190-g-125-g-sloik-emperatriz\/"},"modified":"2025-02-18T11:58:16","modified_gmt":"2025-02-18T10:58:16","slug":"makrela-filety-w-bio-oliwie-z-oliwek-extra-virgin-190-g-125-g-sloik-emperatriz","status":"publish","type":"product","link":"https:\/\/wiejskieprzysmaki.estima.site\/en\/product\/makrela-filety-w-bio-oliwie-z-oliwek-extra-virgin-190-g-125-g-sloik-emperatriz\/","title":{"rendered":"MAKRELA FILETY W BIO OLIWIE Z OLIWEK EXTRA VIRGIN 190 g (125 g) (S\u0141OIK) &#8211; EMPERATRIZ"},"content":{"rendered":"<p>SK\u0141ADNIKI<br \/>MAKRELA atlantycka (Scomber scombrus), ekologiczna oliwa z oliwek extra virgin, s\u00f3l. <\/p>\n<p>OPIS<br \/>Pyszne filety z makreli z oliw\u0105 z oliwek extra virgin. Mo\u017cna doda\u0107 je do sa\u0142atki, kanapki, pizzy, da\u0144 z warzywami i makaronem lub poda\u0107 jako przek\u0105sk\u0119.<br \/>Produkt sterylizowany. Obszar FAO 87 &#8211; Po\u0142udniowo-wschodni Pacyfik.<\/p>\n<p>WARTO\u015a\u0106 OD\u017bYWCZA W 100 g <br \/>Warto\u015b\u0107 energetyczna: 1151 kJ\/277 kcal <br \/>T\u0142uszcz: 21 g<br \/>w tym kwasy t\u0142uszczowe nasycone: 2,3 g<br \/>W\u0119glowodany: 0 g <br \/>w tym cukry: 0 g<br \/>B\u0142onnik: 0 g<br \/>Bia\u0142ko: 22 g <br \/>S\u00f3l: 1,2 g<\/p>\n<p>ZALECANE WARUNKI PRZECHOWYWANIA<br \/>Po otwarciu przechowywa\u0107 w lod\u00f3wce i spo\u017cy\u0107 w ci\u0105gu 4 dni.<\/p>","protected":false},"excerpt":{"rendered":"<p>SK\u0141ADNIKIMAKRELA atlantycka (Scomber scombrus), ekologiczna oliwa z oliwek extra virgin, s\u00f3l. OPISPyszne filety z makreli z oliw\u0105 z oliwek extra virgin. Mo\u017cna doda\u0107 je do sa\u0142atki, kanapki, pizzy, da\u0144 z warzywami i makaronem lub poda\u0107 jako przek\u0105sk\u0119.Produkt sterylizowany. Obszar FAO 87 &#8211; Po\u0142udniowo-wschodni Pacyfik. WARTO\u015a\u0106 OD\u017bYWCZA W 100 g Warto\u015b\u0107 energetyczna: 1151 kJ\/277 kcal T\u0142uszcz: [&hellip;]<\/p>","protected":false},"featured_media":8681,"comment_status":"closed","ping_status":"open","template":"","meta":{"_acf_changed":false},"product_brand":[],"product_cat":[1567],"product_tag":[],"class_list":{"0":"post-8680","1":"product","2":"type-product","3":"status-publish","4":"has-post-thumbnail","6":"product_cat-wedliny","7":"pa_ean-matka-6693","8":"pa_gwarancja-przydatnosci-301","9":"pa_ilosc-w-opakowaniu-374","10":"pa_jednostka-podstawowa-szt","11":"pa_kod-cn-1604-15-90","12":"pa_kraj-pochodzenia-skladnikow-hiszpania","13":"pa_masa-netto-1057","14":"pa_objetosc-brutto-4869","15":"pa_producent-emperatriz-tunczyk-sardynki-makrela","16":"pa_producent-nazwa-adres-alberto-de-miguel-s-a-ctra-lr-115-km-35-26560-autol-la-rioja-hiszpania","17":"pa_tagi-bez-cukru-w-skladnikach","18":"pa_tagi-bez-glutenu-w-skladnikach","19":"pa_tagi-certyfikat-bio","21":"first","22":"instock","23":"taxable","24":"shipping-taxable","25":"purchasable","26":"product-type-simple"},"acf":[],"_links":{"self":[{"href":"https:\/\/wiejskieprzysmaki.estima.site\/en\/wp-json\/wp\/v2\/product\/8680","targetHints":{"allow":["GET"]}}],"collection":[{"href":"https:\/\/wiejskieprzysmaki.estima.site\/en\/wp-json\/wp\/v2\/product"}],"about":[{"href":"https:\/\/wiejskieprzysmaki.estima.site\/en\/wp-json\/wp\/v2\/types\/product"}],"replies":[{"embeddable":true,"href":"https:\/\/wiejskieprzysmaki.estima.site\/en\/wp-json\/wp\/v2\/comments?post=8680"}],"wp:featuredmedia":[{"embeddable":true,"href":"https:\/\/wiejskieprzysmaki.estima.site\/en\/wp-json\/wp\/v2\/media\/8681"}],"wp:attachment":[{"href":"https:\/\/wiejskieprzysmaki.estima.site\/en\/wp-json\/wp\/v2\/media?parent=8680"}],"wp:term":[{"taxonomy":"product_brand","embeddable":true,"href":"https:\/\/wiejskieprzysmaki.estima.site\/en\/wp-json\/wp\/v2\/product_brand?post=8680"},{"taxonomy":"product_cat","embeddable":true,"href":"https:\/\/wiejskieprzysmaki.estima.site\/en\/wp-json\/wp\/v2\/product_cat?post=8680"},{"taxonomy":"product_tag","embeddable":true,"href":"https:\/\/wiejskieprzysmaki.estima.site\/en\/wp-json\/wp\/v2\/product_tag?post=8680"}],"curies":[{"name":"wp","href":"https:\/\/api.w.org\/{rel}","templated":true}]}}