{"id":8688,"date":"2025-02-18T11:58:15","date_gmt":"2025-02-18T10:58:15","guid":{"rendered":"https:\/\/wiejskieprzysmaki.estima.site\/produkt\/hummus-czosnek-niedzwiedzi-200-g-lavica-food\/"},"modified":"2025-02-18T11:58:20","modified_gmt":"2025-02-18T10:58:20","slug":"hummus-czosnek-niedzwiedzi-200-g-lavica-food","status":"publish","type":"product","link":"https:\/\/wiejskieprzysmaki.estima.site\/en\/product\/hummus-czosnek-niedzwiedzi-200-g-lavica-food\/","title":{"rendered":"HUMMUS CZOSNEK NIED\u0179WIEDZI 200 g &#8211; LAVICA FOOD"},"content":{"rendered":"<p>SK\u0141ADNIKI<br \/>55 % ciecierzyca gotowana (ciecierzyca, woda), olej rzepakowy, woda, pasta SEZAMOWA Tahini, zag\u0119szczony sok z cytryny, s\u00f3l, suszony czosnek nied\u017awiedzi 1 %, czosnek suszony, kmin rzymski.<\/p>\n<p>OPIS<br \/>Pasta z ciecierzycy i tahini z czosnkiem nied\u017awiedzim.<br \/>Zapakowano w atmosferze ochronnej.<\/p>\n<p>WARTO\u015a\u0106 OD\u017bYWCZA W 100 g<br \/>Warto\u015b\u0107 energetyczna: 809 kJ\/195 kcal<br \/>T\u0142uszcz: 14 g<br \/>w tym kwasy nasycone: 1,1 g<br \/>W\u0119glowodany: 8,9 g<br \/>w tym cukry: 1,3 g<br \/>B\u0142onnik: 7,2 g<br \/>Bia\u0142ko: 4,7 g<br \/>S\u00f3l: 1,2 g<\/p>\n<p>ZALECANE WARUNKI PRZECHOWYWANIA<br \/>Przechowywa\u0107 w temperaturze od +1 do +7\u00b0C. Po otwarciu nale\u017cy spo\u017cy\u0107 w ci\u0105gu 2 dni.<\/p>","protected":false},"excerpt":{"rendered":"<p>SK\u0141ADNIKI55 % ciecierzyca gotowana (ciecierzyca, woda), olej rzepakowy, woda, pasta SEZAMOWA Tahini, zag\u0119szczony sok z cytryny, s\u00f3l, suszony czosnek nied\u017awiedzi 1 %, czosnek suszony, kmin rzymski. OPISPasta z ciecierzycy i tahini z czosnkiem nied\u017awiedzim.Zapakowano w atmosferze ochronnej. WARTO\u015a\u0106 OD\u017bYWCZA W 100 gWarto\u015b\u0107 energetyczna: 809 kJ\/195 kcalT\u0142uszcz: 14 gw tym kwasy nasycone: 1,1 gW\u0119glowodany: 8,9 gw [&hellip;]<\/p>","protected":false},"featured_media":8689,"comment_status":"closed","ping_status":"open","template":"","meta":{"_acf_changed":false},"product_brand":[],"product_cat":[274,753],"product_tag":[],"class_list":{"0":"post-8688","1":"product","2":"type-product","3":"status-publish","4":"has-post-thumbnail","6":"product_cat-lodowka-inne","7":"product_cat-majonezy-hummusy-sosy-pasty","8":"pa_ean-matka-6701","9":"pa_gwarancja-przydatnosci-681","10":"pa_ilosc-w-opakowaniu-374","11":"pa_jednostka-podstawowa-szt","12":"pa_kod-cn-2005-99-80","13":"pa_masa-netto-354","14":"pa_objetosc-brutto-4037","15":"pa_producent-lavica-food-hummusy-zupy","16":"pa_producent-nazwa-adres-lavica-food-denitsa-witkowski-ul-puszkina-47-62-063-lubon","17":"pa_tagi-bez-cukru-w-skladnikach","18":"pa_tagi-bez-glutenu-w-skladnikach","19":"pa_tagi-weganski","20":"pa_tagi-wegetarianski","22":"first","23":"instock","24":"taxable","25":"shipping-taxable","26":"purchasable","27":"product-type-simple"},"acf":[],"_links":{"self":[{"href":"https:\/\/wiejskieprzysmaki.estima.site\/en\/wp-json\/wp\/v2\/product\/8688","targetHints":{"allow":["GET"]}}],"collection":[{"href":"https:\/\/wiejskieprzysmaki.estima.site\/en\/wp-json\/wp\/v2\/product"}],"about":[{"href":"https:\/\/wiejskieprzysmaki.estima.site\/en\/wp-json\/wp\/v2\/types\/product"}],"replies":[{"embeddable":true,"href":"https:\/\/wiejskieprzysmaki.estima.site\/en\/wp-json\/wp\/v2\/comments?post=8688"}],"wp:featuredmedia":[{"embeddable":true,"href":"https:\/\/wiejskieprzysmaki.estima.site\/en\/wp-json\/wp\/v2\/media\/8689"}],"wp:attachment":[{"href":"https:\/\/wiejskieprzysmaki.estima.site\/en\/wp-json\/wp\/v2\/media?parent=8688"}],"wp:term":[{"taxonomy":"product_brand","embeddable":true,"href":"https:\/\/wiejskieprzysmaki.estima.site\/en\/wp-json\/wp\/v2\/product_brand?post=8688"},{"taxonomy":"product_cat","embeddable":true,"href":"https:\/\/wiejskieprzysmaki.estima.site\/en\/wp-json\/wp\/v2\/product_cat?post=8688"},{"taxonomy":"product_tag","embeddable":true,"href":"https:\/\/wiejskieprzysmaki.estima.site\/en\/wp-json\/wp\/v2\/product_tag?post=8688"}],"curies":[{"name":"wp","href":"https:\/\/api.w.org\/{rel}","templated":true}]}}