{"id":8700,"date":"2025-02-18T11:58:26","date_gmt":"2025-02-18T10:58:26","guid":{"rendered":"https:\/\/wiejskieprzysmaki.estima.site\/produkt\/chrupki-kukurydziane-o-smaku-truskawkowym-bezglutenowe-bio-55-g-biopont\/"},"modified":"2025-02-18T11:58:28","modified_gmt":"2025-02-18T10:58:28","slug":"chrupki-kukurydziane-o-smaku-truskawkowym-bezglutenowe-bio-55-g-biopont","status":"publish","type":"product","link":"https:\/\/wiejskieprzysmaki.estima.site\/en\/product\/chrupki-kukurydziane-o-smaku-truskawkowym-bezglutenowe-bio-55-g-biopont\/","title":{"rendered":"CHRUPKI KUKURYDZIANE O SMAKU TRUSKAWKOWYM BEZGLUTENOWE BIO 55 g &#8211; BIOPONT"},"content":{"rendered":"<p>SK\u0141ADNIKI<br \/>kasza kukurydziana*, cukier trzcinowy*, olej s\u0142onecznikowy*, maltodekstryna*, proszek buraczany*, proszek truskawkowy* (0,5 %), regulator kwasowo\u015bci: kwas cytrynowy*, naturalny aromat truskawkowy. (*certyfikowany sk\u0142adnik ekologiczny)<\/p>\n<p>OPIS<br \/>Idealne na ka\u017cd\u0105 okazj\u0119, niezale\u017cnie od tego, czy chodzi o imprez\u0119, spotkanie z przyjaci\u00f3\u0142mi, wiecz\u00f3r filmowy, czy mecz z kolegami.<br \/>Niska zawarto\u015b\u0107 t\u0142uszcz\u00f3w nasyconych. \u0179r\u00f3d\u0142o b\u0142onnika pokarmowego. Niska zawarto\u015b\u0107 cukru. Niesma\u017cone. <br \/>Pakowano w atmosferze ochronnej.<\/p>\n<p>WARTO\u015a\u0106 OD\u017bYWCZA W 100 g<br \/>Warto\u015b\u0107 energetyczna &#8211; 1887 kJ\/450 kcal<br \/>T\u0142uszcz &#8211; 18 g<br \/>w tym kwasy t\u0142uszczowe nasycone &#8211; 1,4 g<br \/>W\u0119glowodany &#8211; 64 g<br \/>w tym cukry &#8211; 6,1 g<br \/>B\u0142onnik &#8211; 3,6 g<br \/>Bia\u0142ko &#8211; 6,1 g<br \/>S\u00f3l &#8211; 0,05 g<\/p>\n<p>INFORMACJA ALERGENNA<br \/>Mo\u017ce zawiera\u0107 orzeszki ziemne.<\/p>\n<p>ZALECANE WARUNKI PRZECHOWYWANIA<br \/>Przechowywa\u0107 w suchym i ch\u0142odnym miejscu.<\/p>","protected":false},"excerpt":{"rendered":"<p>SK\u0141ADNIKIkasza kukurydziana*, cukier trzcinowy*, olej s\u0142onecznikowy*, maltodekstryna*, proszek buraczany*, proszek truskawkowy* (0,5 %), regulator kwasowo\u015bci: kwas cytrynowy*, naturalny aromat truskawkowy. (*certyfikowany sk\u0142adnik ekologiczny) OPISIdealne na ka\u017cd\u0105 okazj\u0119, niezale\u017cnie od tego, czy chodzi o imprez\u0119, spotkanie z przyjaci\u00f3\u0142mi, wiecz\u00f3r filmowy, czy mecz z kolegami.Niska zawarto\u015b\u0107 t\u0142uszcz\u00f3w nasyconych. \u0179r\u00f3d\u0142o b\u0142onnika pokarmowego. Niska zawarto\u015b\u0107 cukru. Niesma\u017cone. Pakowano w [&hellip;]<\/p>","protected":false},"featured_media":8701,"comment_status":"closed","ping_status":"open","template":"","meta":{"_acf_changed":false},"product_brand":[],"product_cat":[422,139],"product_tag":[],"class_list":{"0":"post-8700","1":"product","2":"type-product","3":"status-publish","4":"has-post-thumbnail","6":"product_cat-chipsy-chrupki-popcorn","7":"product_cat-slodycze-i-przekaski","8":"pa_ean-matka-6711","9":"pa_gwarancja-przydatnosci-535","10":"pa_ilosc-w-opakowaniu-374","11":"pa_jednostka-podstawowa-szt","12":"pa_kod-cn-1904-10-10","13":"pa_masa-netto-3767","14":"pa_objetosc-brutto-3791","15":"pa_producent-biopont-chrupki-bezglutenowe","16":"pa_producent-nazwa-adres-biopont-kft-h-2451-ercsi-biopont-u-1","17":"pa_tagi-bez-glutenu-deklaracja","18":"pa_tagi-bez-glutenu-w-skladnikach","19":"pa_tagi-certyfikat-bio","20":"pa_tagi-weganski","21":"pa_tagi-wegetarianski","23":"first","24":"instock","25":"taxable","26":"shipping-taxable","27":"purchasable","28":"product-type-simple"},"acf":[],"_links":{"self":[{"href":"https:\/\/wiejskieprzysmaki.estima.site\/en\/wp-json\/wp\/v2\/product\/8700","targetHints":{"allow":["GET"]}}],"collection":[{"href":"https:\/\/wiejskieprzysmaki.estima.site\/en\/wp-json\/wp\/v2\/product"}],"about":[{"href":"https:\/\/wiejskieprzysmaki.estima.site\/en\/wp-json\/wp\/v2\/types\/product"}],"replies":[{"embeddable":true,"href":"https:\/\/wiejskieprzysmaki.estima.site\/en\/wp-json\/wp\/v2\/comments?post=8700"}],"wp:featuredmedia":[{"embeddable":true,"href":"https:\/\/wiejskieprzysmaki.estima.site\/en\/wp-json\/wp\/v2\/media\/8701"}],"wp:attachment":[{"href":"https:\/\/wiejskieprzysmaki.estima.site\/en\/wp-json\/wp\/v2\/media?parent=8700"}],"wp:term":[{"taxonomy":"product_brand","embeddable":true,"href":"https:\/\/wiejskieprzysmaki.estima.site\/en\/wp-json\/wp\/v2\/product_brand?post=8700"},{"taxonomy":"product_cat","embeddable":true,"href":"https:\/\/wiejskieprzysmaki.estima.site\/en\/wp-json\/wp\/v2\/product_cat?post=8700"},{"taxonomy":"product_tag","embeddable":true,"href":"https:\/\/wiejskieprzysmaki.estima.site\/en\/wp-json\/wp\/v2\/product_tag?post=8700"}],"curies":[{"name":"wp","href":"https:\/\/api.w.org\/{rel}","templated":true}]}}