{"id":873,"date":"2025-02-18T10:32:24","date_gmt":"2025-02-18T09:32:24","guid":{"rendered":"https:\/\/wiejskieprzysmaki.estima.site\/produkt\/sezam-czarny-nieluskany-bio-1-kg-bio-planet\/"},"modified":"2025-02-18T10:32:39","modified_gmt":"2025-02-18T09:32:39","slug":"sezam-czarny-nieluskany-bio-1-kg-bio-planet","status":"publish","type":"product","link":"https:\/\/wiejskieprzysmaki.estima.site\/en\/product\/sezam-czarny-nieluskany-bio-1-kg-bio-planet\/","title":{"rendered":"SEZAM CZARNY NIE\u0141USKANY BIO 1 kg &#8211; BIO PLANET"},"content":{"rendered":"<p>SK\u0141ADNIKI<br \/>ekologiczne NASIONA SEZAMU czarnego nie\u0142uskanego 100 %. <\/p>\n<p>OPIS<br \/>Charakteryzuje si\u0119 wyrazistym, lekko s\u0142odkim i orzechowym aromatem. Polecamy jako dodatek do owsianki, deser\u00f3w, sa\u0142atek oraz da\u0144 kuchni azjatyckiej.\t<\/p>\n<p>WARTO\u015a\u0106 OD\u017bYWCZA W 100 g<br \/>Warto\u015b\u0107 energetyczna \t2465 kJ\/596 kcal<br \/>T\u0142uszcz \t50 g<br \/>w tym kwasy t\u0142uszczowe nasycone \t7,7 g<br \/>W\u0119glowodany \t10 g<br \/>w tym cukry \t0,2 g<br \/>B\u0142onnik \t11 g<br \/>Bia\u0142ko \t21 g<br \/>S\u00f3l \t0,11 g<\/p>\n<p>INFORMACJA ALERGENNA<br \/>Produkt mo\u017ce zawiera\u0107: ZBO\u017bA ZAWIERAJ\u0104CE GLUTEN, ORZESZKI ZIEMNE, ORZECHY, SOJ\u0118.<\/p>\n<p>ZALECANE WARUNKI PRZECHOWYWANIA<br \/>Przechowywa\u0107 w suchym i ch\u0142odnym miejscu.<\/p>","protected":false},"excerpt":{"rendered":"<p>SK\u0141ADNIKIekologiczne NASIONA SEZAMU czarnego nie\u0142uskanego 100 %. OPISCharakteryzuje si\u0119 wyrazistym, lekko s\u0142odkim i orzechowym aromatem. Polecamy jako dodatek do owsianki, deser\u00f3w, sa\u0142atek oraz da\u0144 kuchni azjatyckiej. WARTO\u015a\u0106 OD\u017bYWCZA W 100 gWarto\u015b\u0107 energetyczna 2465 kJ\/596 kcalT\u0142uszcz 50 gw tym kwasy t\u0142uszczowe nasycone 7,7 gW\u0119glowodany 10 gw tym cukry 0,2 gB\u0142onnik 11 gBia\u0142ko 21 gS\u00f3l 0,11 g [&hellip;]<\/p>","protected":false},"featured_media":497,"comment_status":"closed","ping_status":"open","template":"","meta":{"_acf_changed":false},"product_brand":[],"product_cat":[151],"product_tag":[],"class_list":{"0":"post-873","1":"product","2":"type-product","3":"status-publish","4":"has-post-thumbnail","6":"product_cat-nasiona-i-ziarna","7":"pa_ean-matka-557","8":"pa_ean-matka-594","9":"pa_gwarancja-przydatnosci-324","10":"pa_ilosc-w-opakowaniu-298","11":"pa_jednostka-podstawowa-szt","12":"pa_kod-cn-1207-40-90","13":"pa_kraj-pochodzenia-skladnikow-boliwia","14":"pa_masa-netto-209","15":"pa_objetosc-brutto-513","16":"pa_producent-bio-planet-seria-niebieska-ryze-kasze-ziarna","17":"pa_producent-nazwa-adres-bio-planet-s-a-wilkowa-wies-7-05-084-leszno","18":"pa_tagi-bez-cukru-w-skladnikach","19":"pa_tagi-bez-glutenu-w-skladnikach","20":"pa_tagi-certyfikat-bio","21":"pa_tagi-weganski","22":"pa_tagi-wegetarianski","24":"first","25":"instock","26":"taxable","27":"shipping-taxable","28":"purchasable","29":"product-type-simple"},"acf":[],"_links":{"self":[{"href":"https:\/\/wiejskieprzysmaki.estima.site\/en\/wp-json\/wp\/v2\/product\/873","targetHints":{"allow":["GET"]}}],"collection":[{"href":"https:\/\/wiejskieprzysmaki.estima.site\/en\/wp-json\/wp\/v2\/product"}],"about":[{"href":"https:\/\/wiejskieprzysmaki.estima.site\/en\/wp-json\/wp\/v2\/types\/product"}],"replies":[{"embeddable":true,"href":"https:\/\/wiejskieprzysmaki.estima.site\/en\/wp-json\/wp\/v2\/comments?post=873"}],"wp:featuredmedia":[{"embeddable":true,"href":"https:\/\/wiejskieprzysmaki.estima.site\/en\/wp-json\/wp\/v2\/media\/497"}],"wp:attachment":[{"href":"https:\/\/wiejskieprzysmaki.estima.site\/en\/wp-json\/wp\/v2\/media?parent=873"}],"wp:term":[{"taxonomy":"product_brand","embeddable":true,"href":"https:\/\/wiejskieprzysmaki.estima.site\/en\/wp-json\/wp\/v2\/product_brand?post=873"},{"taxonomy":"product_cat","embeddable":true,"href":"https:\/\/wiejskieprzysmaki.estima.site\/en\/wp-json\/wp\/v2\/product_cat?post=873"},{"taxonomy":"product_tag","embeddable":true,"href":"https:\/\/wiejskieprzysmaki.estima.site\/en\/wp-json\/wp\/v2\/product_tag?post=873"}],"curies":[{"name":"wp","href":"https:\/\/api.w.org\/{rel}","templated":true}]}}