{"id":874,"date":"2025-02-18T10:32:24","date_gmt":"2025-02-18T09:32:24","guid":{"rendered":"https:\/\/wiejskieprzysmaki.estima.site\/produkt\/maka-z-pszenicy-durum-semolina-bio-500-g-bio-planet\/"},"modified":"2025-02-18T10:32:39","modified_gmt":"2025-02-18T09:32:39","slug":"maka-z-pszenicy-durum-semolina-bio-500-g-bio-planet","status":"publish","type":"product","link":"https:\/\/wiejskieprzysmaki.estima.site\/en\/product\/maka-z-pszenicy-durum-semolina-bio-500-g-bio-planet\/","title":{"rendered":"M\u0104KA Z PSZENICY DURUM (SEMOLINA) BIO 500 g &#8211; BIO PLANET"},"content":{"rendered":"<p>SK\u0141ADNIKI<br \/>ekologiczna m\u0105ka z PSZENICY durum (semolina) 100 %. <\/p>\n<p>OPIS<br \/>Ekologiczna semolina otrzymywana jest ze zmielonych ziaren twardej PSZENICY durum (Triticum durum). Wykorzystywana jest g\u0142\u00f3wnie do produkcji makaron\u00f3w typu spaghetti, czy cannelloni, nadaj\u0105c im naturalny, bursztynowy kolor. Charakteryzuje si\u0119 wyrazistym smakiem. Jest idealnym sk\u0142adnikiem do przyrz\u0105dzania deser\u00f3w, legumin, budyni\u00f3w, a tak\u017ce do zag\u0119szczania potraw.<\/p>\n<p>WARTO\u015a\u0106 OD\u017bYWCZA W 100 g<br \/>Warto\u015b\u0107 energetyczna \t1523 kJ\/359 kcal<br \/>T\u0142uszcz \t0,5 g<br \/>w tym kwasy t\u0142uszczowe nasycone \t0,1 g<br \/>W\u0119glowodany \t77 g<br \/>w tym cukry \t1,9 g<br \/>B\u0142onnik \t3,6 g<br \/>Bia\u0142ko \t9,8 g<br \/>S\u00f3l \t0 g<\/p>\n<p>INFORMACJA ALERGENNA<br \/>Produkt mo\u017ce zawiera\u0107: ORZESZKI ZIEMNE, ORZECHY, NASIONA SEZAMU, SOJ\u0118.<\/p>\n<p>ZALECANE WARUNKI PRZECHOWYWANIA<br \/>Przechowywa\u0107 w suchym i ch\u0142odnym miejscu.<\/p>","protected":false},"excerpt":{"rendered":"<p>SK\u0141ADNIKIekologiczna m\u0105ka z PSZENICY durum (semolina) 100 %. OPISEkologiczna semolina otrzymywana jest ze zmielonych ziaren twardej PSZENICY durum (Triticum durum). Wykorzystywana jest g\u0142\u00f3wnie do produkcji makaron\u00f3w typu spaghetti, czy cannelloni, nadaj\u0105c im naturalny, bursztynowy kolor. Charakteryzuje si\u0119 wyrazistym smakiem. Jest idealnym sk\u0142adnikiem do przyrz\u0105dzania deser\u00f3w, legumin, budyni\u00f3w, a tak\u017ce do zag\u0119szczania potraw. WARTO\u015a\u0106 OD\u017bYWCZA W [&hellip;]<\/p>","protected":false},"featured_media":875,"comment_status":"closed","ping_status":"open","template":"","meta":{"_acf_changed":false},"product_brand":[],"product_cat":[99,106],"product_tag":[],"class_list":{"0":"post-874","1":"product","2":"type-product","3":"status-publish","4":"has-post-thumbnail","6":"product_cat-maki-i-skrobie","7":"product_cat-maki-zbozowe-z-glutenem","8":"pa_ean-matka-882","9":"pa_gwarancja-przydatnosci-311","10":"pa_ilosc-w-opakowaniu-298","11":"pa_jednostka-podstawowa-szt","12":"pa_kod-cn-1101-00-11","13":"pa_kraj-pochodzenia-skladnikow-wlochy","14":"pa_masa-netto-347","15":"pa_objetosc-brutto-221","16":"pa_producent-bio-planet-seria-maki-i-skrobie","17":"pa_producent-nazwa-adres-bio-planet-s-a-wilkowa-wies-7-05-084-leszno","18":"pa_tagi-bez-cukru-w-skladnikach","19":"pa_tagi-certyfikat-bio","20":"pa_tagi-weganski","21":"pa_tagi-wegetarianski","23":"first","24":"instock","25":"taxable","26":"shipping-taxable","27":"purchasable","28":"product-type-simple"},"acf":[],"_links":{"self":[{"href":"https:\/\/wiejskieprzysmaki.estima.site\/en\/wp-json\/wp\/v2\/product\/874","targetHints":{"allow":["GET"]}}],"collection":[{"href":"https:\/\/wiejskieprzysmaki.estima.site\/en\/wp-json\/wp\/v2\/product"}],"about":[{"href":"https:\/\/wiejskieprzysmaki.estima.site\/en\/wp-json\/wp\/v2\/types\/product"}],"replies":[{"embeddable":true,"href":"https:\/\/wiejskieprzysmaki.estima.site\/en\/wp-json\/wp\/v2\/comments?post=874"}],"wp:featuredmedia":[{"embeddable":true,"href":"https:\/\/wiejskieprzysmaki.estima.site\/en\/wp-json\/wp\/v2\/media\/875"}],"wp:attachment":[{"href":"https:\/\/wiejskieprzysmaki.estima.site\/en\/wp-json\/wp\/v2\/media?parent=874"}],"wp:term":[{"taxonomy":"product_brand","embeddable":true,"href":"https:\/\/wiejskieprzysmaki.estima.site\/en\/wp-json\/wp\/v2\/product_brand?post=874"},{"taxonomy":"product_cat","embeddable":true,"href":"https:\/\/wiejskieprzysmaki.estima.site\/en\/wp-json\/wp\/v2\/product_cat?post=874"},{"taxonomy":"product_tag","embeddable":true,"href":"https:\/\/wiejskieprzysmaki.estima.site\/en\/wp-json\/wp\/v2\/product_tag?post=874"}],"curies":[{"name":"wp","href":"https:\/\/api.w.org\/{rel}","templated":true}]}}