{"id":8746,"date":"2025-02-18T11:58:56","date_gmt":"2025-02-18T10:58:56","guid":{"rendered":"https:\/\/wiejskieprzysmaki.estima.site\/produkt\/platki-owsiane-blyskawiczne-bio-1-kg-bio-planet\/"},"modified":"2025-02-18T11:59:00","modified_gmt":"2025-02-18T10:59:00","slug":"platki-owsiane-blyskawiczne-bio-1-kg-bio-planet","status":"publish","type":"product","link":"https:\/\/wiejskieprzysmaki.estima.site\/en\/product\/platki-owsiane-blyskawiczne-bio-1-kg-bio-planet\/","title":{"rendered":"P\u0141ATKI OWSIANE B\u0141YSKAWICZNE BIO 1 kg &#8211; BIO PLANET"},"content":{"rendered":"<p>SK\u0141ADNIKI<br \/>ekologiczne p\u0142atki OWSIANE b\u0142yskawiczne 100 %.<\/p>\n<p>SPOS\u00d3B PRZYGOTOWANIA<br \/>P\u0142atki b\u0142yskawiczne nie wymagaj\u0105 gotowania. Wystarczy zala\u0107 je wrz\u0105tkiem, gor\u0105cym mlekiem lub bulionem i pozostawi\u0107 na kilka minut pod przykryciem.<\/p>\n<p>WARTO\u015a\u0106 OD\u017bYWCZA W 100 g<br \/>Warto\u015b\u0107 energetyczna \t1568 kJ\/372 kcal<br \/>T\u0142uszcz \t7,2 g<br \/>w tym kwasy t\u0142uszczowe nasycone \t1,3 g<br \/>W\u0119glowodany \t61 g<br \/>w tym cukry \t0,9 g<br \/>B\u0142onnik \t6,9 g<br \/>Bia\u0142ko \t12 g<br \/>S\u00f3l \t0,01 g<\/p>\n<p>INFORMACJA ALERGENNA<br \/>Produkt mo\u017ce zawiera\u0107: ORZESZKI ZIEMNE, ORZECHY, NASIONA SEZAMU, SOJ\u0118.<\/p>\n<p>ZALECANE WARUNKI PRZECHOWYWANIA<br \/>Przechowywa\u0107 w suchym i ch\u0142odnym miejscu.<\/p>","protected":false},"excerpt":{"rendered":"<p>SK\u0141ADNIKIekologiczne p\u0142atki OWSIANE b\u0142yskawiczne 100 %. SPOS\u00d3B PRZYGOTOWANIAP\u0142atki b\u0142yskawiczne nie wymagaj\u0105 gotowania. Wystarczy zala\u0107 je wrz\u0105tkiem, gor\u0105cym mlekiem lub bulionem i pozostawi\u0107 na kilka minut pod przykryciem. WARTO\u015a\u0106 OD\u017bYWCZA W 100 gWarto\u015b\u0107 energetyczna 1568 kJ\/372 kcalT\u0142uszcz 7,2 gw tym kwasy t\u0142uszczowe nasycone 1,3 gW\u0119glowodany 61 gw tym cukry 0,9 gB\u0142onnik 6,9 gBia\u0142ko 12 gS\u00f3l 0,01 [&hellip;]<\/p>","protected":false},"featured_media":8747,"comment_status":"closed","ping_status":"open","template":"","meta":{"_acf_changed":false},"product_brand":[],"product_cat":[796,265],"product_tag":[],"class_list":{"0":"post-8746","1":"product","2":"type-product","3":"status-publish","4":"has-post-thumbnail","6":"product_cat-platki","7":"product_cat-sniadaniowe","8":"pa_ean-matka-6738","9":"pa_ean-matka-3481","10":"pa_gwarancja-przydatnosci-324","11":"pa_ilosc-w-opakowaniu-543","12":"pa_jednostka-podstawowa-szt","13":"pa_kod-cn-1104-12-90","14":"pa_kraj-pochodzenia-skladnikow-polska","15":"pa_masa-netto-209","16":"pa_objetosc-brutto-548","17":"pa_producent-bio-planet-seria-rozowa-platki-otreby-musli","18":"pa_tagi-bez-cukru-w-skladnikach","19":"pa_tagi-certyfikat-bio","20":"pa_tagi-weganski","21":"pa_tagi-wegetarianski","23":"first","24":"instock","25":"taxable","26":"shipping-taxable","27":"purchasable","28":"product-type-simple"},"acf":[],"_links":{"self":[{"href":"https:\/\/wiejskieprzysmaki.estima.site\/en\/wp-json\/wp\/v2\/product\/8746","targetHints":{"allow":["GET"]}}],"collection":[{"href":"https:\/\/wiejskieprzysmaki.estima.site\/en\/wp-json\/wp\/v2\/product"}],"about":[{"href":"https:\/\/wiejskieprzysmaki.estima.site\/en\/wp-json\/wp\/v2\/types\/product"}],"replies":[{"embeddable":true,"href":"https:\/\/wiejskieprzysmaki.estima.site\/en\/wp-json\/wp\/v2\/comments?post=8746"}],"wp:featuredmedia":[{"embeddable":true,"href":"https:\/\/wiejskieprzysmaki.estima.site\/en\/wp-json\/wp\/v2\/media\/8747"}],"wp:attachment":[{"href":"https:\/\/wiejskieprzysmaki.estima.site\/en\/wp-json\/wp\/v2\/media?parent=8746"}],"wp:term":[{"taxonomy":"product_brand","embeddable":true,"href":"https:\/\/wiejskieprzysmaki.estima.site\/en\/wp-json\/wp\/v2\/product_brand?post=8746"},{"taxonomy":"product_cat","embeddable":true,"href":"https:\/\/wiejskieprzysmaki.estima.site\/en\/wp-json\/wp\/v2\/product_cat?post=8746"},{"taxonomy":"product_tag","embeddable":true,"href":"https:\/\/wiejskieprzysmaki.estima.site\/en\/wp-json\/wp\/v2\/product_tag?post=8746"}],"curies":[{"name":"wp","href":"https:\/\/api.w.org\/{rel}","templated":true}]}}