{"id":8754,"date":"2025-02-18T11:58:56","date_gmt":"2025-02-18T10:58:56","guid":{"rendered":"https:\/\/wiejskieprzysmaki.estima.site\/produkt\/syrop-imbirowy-bezglutenowy-355-g-280-ml-krokus\/"},"modified":"2025-02-18T11:59:06","modified_gmt":"2025-02-18T10:59:06","slug":"syrop-imbirowy-bezglutenowy-355-g-280-ml-krokus","status":"publish","type":"product","link":"https:\/\/wiejskieprzysmaki.estima.site\/en\/product\/syrop-imbirowy-bezglutenowy-355-g-280-ml-krokus\/","title":{"rendered":"SYROP IMBIROWY BEZGLUTENOWY 355 g (280 ml) &#8211; KROKUS"},"content":{"rendered":"<p>SK\u0141ADNIKI<br \/>cukier, woda, imbir korze\u0144 (15 %), sok z cytryny. <\/p>\n<p>OPIS<br \/>Syrop jest intensywny, dlatego do picia proponujemy rozcie\u0144cza\u0107 go z wod\u0105 w stosunku 1:10. Nadaje wyj\u0105tkowy aromat herbatom, \u015bwietnie sprawdza si\u0119, jako polewa do kasz, budyniu, nale\u015bnik\u00f3w, placuszk\u00f3w, racuszk\u00f3w, omlet\u00f3w, lod\u00f3w i innych deser\u00f3w. Sorbet wykonany z syropu jest r\u00f3wnie\u017c godny polecenia. Ostatnio bardzo popularne s\u0105 kawy z dodatkiem syrop\u00f3w owocowych. Syrop mo\u017cna dodawa\u0107 r\u00f3wnie\u017c do alkoholu np. w\u00f3dek wzbogacaj\u0105c ich smak.<br \/>Produkt pasteryzowany.<\/p>\n<p>WARTO\u015a\u0106 OD\u017bYWCZA W 100 ml<br \/>Warto\u015b\u0107 energetyczna: 1105 kJ\/260 kcal  <br \/>T\u0142uszcz: 0 g  <br \/>w tym kwasy t\u0142uszczowe nasycone: 0 g  <br \/>W\u0119glowodany: 65 g  <br \/>w tym cukry: 62 g    <br \/>Bia\u0142ko: 0 g  <br \/>S\u00f3l: 0 g<\/p>\n<p>UWAGA<br \/>Smak, aromat, kolor i konsystencja mog\u0105 si\u0119 r\u00f3\u017cni\u0107 w zale\u017cno\u015bci od pory roku i partii surowca. Przed u\u017cyciem wstrz\u0105sn\u0105\u0107.<br \/>Osad jest zjawiskiem naturalnym. <\/p>\n<p>ZALECANE WARUNKI PRZECHOWYWANIA<br \/>Przechowywa\u0107 w ch\u0142odnym i zacienionym miejscu. Po otwarciu przechowywa\u0107 w lod\u00f3wce. <\/p>","protected":false},"excerpt":{"rendered":"<p>SK\u0141ADNIKIcukier, woda, imbir korze\u0144 (15 %), sok z cytryny. OPISSyrop jest intensywny, dlatego do picia proponujemy rozcie\u0144cza\u0107 go z wod\u0105 w stosunku 1:10. Nadaje wyj\u0105tkowy aromat herbatom, \u015bwietnie sprawdza si\u0119, jako polewa do kasz, budyniu, nale\u015bnik\u00f3w, placuszk\u00f3w, racuszk\u00f3w, omlet\u00f3w, lod\u00f3w i innych deser\u00f3w. Sorbet wykonany z syropu jest r\u00f3wnie\u017c godny polecenia. Ostatnio bardzo popularne s\u0105 [&hellip;]<\/p>","protected":false},"featured_media":8755,"comment_status":"closed","ping_status":"open","template":"","meta":{"_acf_changed":false},"product_brand":[],"product_cat":[134,744],"product_tag":[],"class_list":{"0":"post-8754","1":"product","2":"type-product","3":"status-publish","4":"has-post-thumbnail","6":"product_cat-napoje","7":"product_cat-syropy-owocowe-i-inne","8":"pa_ean-matka-6743","9":"pa_gwarancja-przydatnosci-311","10":"pa_ilosc-w-opakowaniu-298","11":"pa_jednostka-podstawowa-szt","12":"pa_kod-cn-2009-89-79","13":"pa_masa-netto-5849","14":"pa_objetosc-brutto-6742","15":"pa_producent-krokus-przetwory-owocowe-i-warzywne","16":"pa_producent-nazwa-adres-krokus-przetwornia-owocow-i-warzyw-czeslaw-caryk-sp-j-pajakow-25-b-26-704-przylek","17":"pa_tagi-bez-glutenu-deklaracja","18":"pa_tagi-bez-glutenu-w-skladnikach","19":"pa_tagi-weganski","20":"pa_tagi-wegetarianski","22":"first","23":"instock","24":"taxable","25":"shipping-taxable","26":"purchasable","27":"product-type-simple"},"acf":[],"_links":{"self":[{"href":"https:\/\/wiejskieprzysmaki.estima.site\/en\/wp-json\/wp\/v2\/product\/8754","targetHints":{"allow":["GET"]}}],"collection":[{"href":"https:\/\/wiejskieprzysmaki.estima.site\/en\/wp-json\/wp\/v2\/product"}],"about":[{"href":"https:\/\/wiejskieprzysmaki.estima.site\/en\/wp-json\/wp\/v2\/types\/product"}],"replies":[{"embeddable":true,"href":"https:\/\/wiejskieprzysmaki.estima.site\/en\/wp-json\/wp\/v2\/comments?post=8754"}],"wp:featuredmedia":[{"embeddable":true,"href":"https:\/\/wiejskieprzysmaki.estima.site\/en\/wp-json\/wp\/v2\/media\/8755"}],"wp:attachment":[{"href":"https:\/\/wiejskieprzysmaki.estima.site\/en\/wp-json\/wp\/v2\/media?parent=8754"}],"wp:term":[{"taxonomy":"product_brand","embeddable":true,"href":"https:\/\/wiejskieprzysmaki.estima.site\/en\/wp-json\/wp\/v2\/product_brand?post=8754"},{"taxonomy":"product_cat","embeddable":true,"href":"https:\/\/wiejskieprzysmaki.estima.site\/en\/wp-json\/wp\/v2\/product_cat?post=8754"},{"taxonomy":"product_tag","embeddable":true,"href":"https:\/\/wiejskieprzysmaki.estima.site\/en\/wp-json\/wp\/v2\/product_tag?post=8754"}],"curies":[{"name":"wp","href":"https:\/\/api.w.org\/{rel}","templated":true}]}}