{"id":876,"date":"2025-02-18T10:32:40","date_gmt":"2025-02-18T09:32:40","guid":{"rendered":"https:\/\/wiejskieprzysmaki.estima.site\/produkt\/kasza-jeczmienna-bio-1-kg-bio-planet\/"},"modified":"2025-02-20T15:25:46","modified_gmt":"2025-02-20T14:25:46","slug":"kasza-jeczmienna-bio-1-kg-bio-planet","status":"publish","type":"product","link":"https:\/\/wiejskieprzysmaki.estima.site\/en\/product\/kasza-jeczmienna-bio-1-kg-bio-planet\/","title":{"rendered":"KASZA J\u0118CZMIENNA BIO 1 kg &#8211; BIO PLANET"},"content":{"rendered":"<p>SK\u0141ADNIKI<br \/>ekologiczna kasza J\u0118CZMIENNA 100 %.<\/p>\n<p>OPIS<br \/>Ekologiczna kasza J\u0118CZMIENNA otrzymana z ob\u0142uszczonego ziarna j\u0119czmienia. Ugotowana na sypko doskonale komponuje si\u0119 z duszonymi warzywami i \u015bwie\u017cymi zio\u0142ami. <\/p>\n<p>SPOS\u00d3B PRZYGOTOWANIA<br \/>Uprzednio wyp\u0142ukan\u0105 kasz\u0119 nale\u017cy gotowa\u0107 w osolonej wodzie w proporcji 1:3 (1 porcja kaszy na 3 porcje wody) na ma\u0142ym ogniu ok. 20 min. <\/p>\n<p>WARTO\u015a\u0106 OD\u017bYWCZA W 100 g<br \/>Warto\u015b\u0107 energetyczna \t1437 kJ\/340 kcal<br \/>T\u0142uszcz \t2,4 g<br \/>w tym kwasy t\u0142uszczowe nasycone \t0,8 g<br \/>W\u0119glowodany \t66 g<br \/>w tym cukry \t2,3 g<br \/>B\u0142onnik \t7,0 g<br \/>Bia\u0142ko \t10 g<br \/>S\u00f3l \t0,02 g<\/p>\n<p>INFORMACJA ALERGENNA<br \/>Produkt mo\u017ce zawiera\u0107: ORZESZKI ZIEMNE, ORZECHY, NASIONA SEZAMU, SOJ\u0118.<\/p>\n<p>ZALECANE WARUNKI PRZECHOWYWANIA<br \/>Przechowywa\u0107 w suchym i ch\u0142odnym miejscu.<\/p>","protected":false},"excerpt":{"rendered":"<p>SK\u0141ADNIKIekologiczna kasza J\u0118CZMIENNA 100 %. OPISEkologiczna kasza J\u0118CZMIENNA otrzymana z ob\u0142uszczonego ziarna j\u0119czmienia. Ugotowana na sypko doskonale komponuje si\u0119 z duszonymi warzywami i \u015bwie\u017cymi zio\u0142ami. SPOS\u00d3B PRZYGOTOWANIAUprzednio wyp\u0142ukan\u0105 kasz\u0119 nale\u017cy gotowa\u0107 w osolonej wodzie w proporcji 1:3 (1 porcja kaszy na 3 porcje wody) na ma\u0142ym ogniu ok. 20 min. WARTO\u015a\u0106 OD\u017bYWCZA W 100 gWarto\u015b\u0107 [&hellip;]<\/p>","protected":false},"featured_media":499,"comment_status":"closed","ping_status":"open","template":"","meta":{"_acf_changed":false},"product_brand":[],"product_cat":[313],"product_tag":[],"class_list":{"0":"post-876","1":"product","2":"type-product","3":"status-publish","4":"has-post-thumbnail","6":"product_cat-ryze-i-kasze","7":"pa_ean-matka-558","8":"pa_ean-matka-595","9":"pa_gwarancja-przydatnosci-324","10":"pa_ilosc-w-opakowaniu-366","11":"pa_jednostka-podstawowa-szt","12":"pa_kod-cn-1104-29-04","13":"pa_kraj-pochodzenia-skladnikow-polska","14":"pa_masa-netto-209","15":"pa_objetosc-brutto-210","16":"pa_producent-bio-planet-seria-niebieska-ryze-kasze-ziarna","17":"pa_producent-nazwa-adres-bio-planet-s-a-wilkowa-wies-7-05-084-leszno","18":"pa_tagi-bez-cukru-w-skladnikach","19":"pa_tagi-certyfikat-bio","20":"pa_tagi-weganski","21":"pa_tagi-wegetarianski","23":"first","24":"instock","25":"taxable","26":"shipping-taxable","27":"purchasable","28":"product-type-simple"},"acf":[],"_links":{"self":[{"href":"https:\/\/wiejskieprzysmaki.estima.site\/en\/wp-json\/wp\/v2\/product\/876","targetHints":{"allow":["GET"]}}],"collection":[{"href":"https:\/\/wiejskieprzysmaki.estima.site\/en\/wp-json\/wp\/v2\/product"}],"about":[{"href":"https:\/\/wiejskieprzysmaki.estima.site\/en\/wp-json\/wp\/v2\/types\/product"}],"replies":[{"embeddable":true,"href":"https:\/\/wiejskieprzysmaki.estima.site\/en\/wp-json\/wp\/v2\/comments?post=876"}],"wp:featuredmedia":[{"embeddable":true,"href":"https:\/\/wiejskieprzysmaki.estima.site\/en\/wp-json\/wp\/v2\/media\/499"}],"wp:attachment":[{"href":"https:\/\/wiejskieprzysmaki.estima.site\/en\/wp-json\/wp\/v2\/media?parent=876"}],"wp:term":[{"taxonomy":"product_brand","embeddable":true,"href":"https:\/\/wiejskieprzysmaki.estima.site\/en\/wp-json\/wp\/v2\/product_brand?post=876"},{"taxonomy":"product_cat","embeddable":true,"href":"https:\/\/wiejskieprzysmaki.estima.site\/en\/wp-json\/wp\/v2\/product_cat?post=876"},{"taxonomy":"product_tag","embeddable":true,"href":"https:\/\/wiejskieprzysmaki.estima.site\/en\/wp-json\/wp\/v2\/product_tag?post=876"}],"curies":[{"name":"wp","href":"https:\/\/api.w.org\/{rel}","templated":true}]}}