{"id":8764,"date":"2025-02-18T11:59:10","date_gmt":"2025-02-18T10:59:10","guid":{"rendered":"https:\/\/wiejskieprzysmaki.estima.site\/produkt\/coconut-milk-napoj-kokosowy-do-picia-38-tluszczu-bez-dodatku-cukrow-fair-trade-bio-1-l-coco-dr-martins\/"},"modified":"2025-02-18T11:59:13","modified_gmt":"2025-02-18T10:59:13","slug":"coconut-milk-napoj-kokosowy-do-picia-38-tluszczu-bez-dodatku-cukrow-fair-trade-bio-1-l-coco-dr-martins","status":"publish","type":"product","link":"https:\/\/wiejskieprzysmaki.estima.site\/en\/product\/coconut-milk-napoj-kokosowy-do-picia-38-tluszczu-bez-dodatku-cukrow-fair-trade-bio-1-l-coco-dr-martins\/","title":{"rendered":"COCONUT MILK &#8211; NAP\u00d3J KOKOSOWY DO PICIA 3,8 % T\u0141USZCZU BEZ DODATKU CUKR\u00d3W FAIR TRADE BIO 1 L &#8211; COCO (DR MARTINS)"},"content":{"rendered":"<p>SK\u0141ADNIKI  <br \/>odt\u0142uszczony nap\u00f3j kokosowy* (74 %)[mi\u0105\u017csz z kokosa* o zawarto\u015bci t\u0142uszczu 68 %, woda], sok kokosowy z koncentratu soku kokosowego* (24 %), s\u00f3l morska, regulator kwasowo\u015bci: w\u0119glan wapnia, substancja zag\u0119szczaj\u0105ca: guma ksantanowa (*certyfikowany sk\u0142adnik ekologiczny)<\/p>\n<p>OPIS<br \/>Nap\u00f3j kokosowy jest doskona\u0142ym dodatkiem do musli deser\u00f3w, kawy i koktajli.<br \/>Bez dodatku cukr\u00f3w. Zawiera naturalnie wyst\u0119puj\u0105ce cukry.<br \/>Produkt UHT.<\/p>\n<p>WARTO\u015a\u0106 OD\u017bYWCZA W 100 ml  <br \/>Warto\u015b\u0107 energetyczna: 176 kJ \/ 42 kcal  <br \/>T\u0142uszcz: 3,8 g  <br \/>w tym kwasy t\u0142uszczowe nasycone: 3,4 g  <br \/>W\u0119glowodany: 2,1 g  <br \/>w tym cukry: 1,7 g <br \/>B\u0142onik: 1,8 g <br \/>Bia\u0142ko: 0,5 g  <br \/>S\u00f3l: 0,07 g  <\/p>\n<p>UWAGA<br \/>Wstrz\u0105sn\u0105\u0107 przed spo\u017cyciem.<\/p>\n<p>ZALECANE WARUNKI PRZECHOWYWANIA <br \/>Przechowywa\u0107 w suchym i ch\u0142odnym miejscu.  Po otwarciu przechowywa\u0107 w lod\u00f3wce i spo\u017cy\u0107 w ci\u0105gu 3 dni.<\/p>","protected":false},"excerpt":{"rendered":"<p>SK\u0141ADNIKI odt\u0142uszczony nap\u00f3j kokosowy* (74 %)[mi\u0105\u017csz z kokosa* o zawarto\u015bci t\u0142uszczu 68 %, woda], sok kokosowy z koncentratu soku kokosowego* (24 %), s\u00f3l morska, regulator kwasowo\u015bci: w\u0119glan wapnia, substancja zag\u0119szczaj\u0105ca: guma ksantanowa (*certyfikowany sk\u0142adnik ekologiczny) OPISNap\u00f3j kokosowy jest doskona\u0142ym dodatkiem do musli deser\u00f3w, kawy i koktajli.Bez dodatku cukr\u00f3w. Zawiera naturalnie wyst\u0119puj\u0105ce cukry.Produkt UHT. WARTO\u015a\u0106 OD\u017bYWCZA [&hellip;]<\/p>","protected":false},"featured_media":8765,"comment_status":"closed","ping_status":"open","template":"","meta":{"_acf_changed":false},"product_brand":[],"product_cat":[134,1008],"product_tag":[],"class_list":{"0":"post-8764","1":"product","2":"type-product","3":"status-publish","4":"has-post-thumbnail","6":"product_cat-napoje","7":"product_cat-roslinne-alternatywy-mleka-i-smietany","8":"pa_ean-matka-6751","9":"pa_gwarancja-przydatnosci-311","10":"pa_ilosc-w-opakowaniu-298","11":"pa_jednostka-podstawowa-szt","12":"pa_kod-cn-2202-99-19","13":"pa_objetosc-brutto-1629","14":"pa_objetosc-netto-858","15":"pa_producent-coco-dr-martins-wody-kokosowe-napoje-kokosowe","16":"pa_producent-nazwa-adres-green-coco-europe-marketing-vertriebsgesellschaft-gmbh-koenigstrasse-33-37-90402-nurnberg","17":"pa_tagi-bez-cukru-w-skladnikach","18":"pa_tagi-bez-glutenu-w-skladnikach","19":"pa_tagi-certyfikat-bio","20":"pa_tagi-weganski","21":"pa_tagi-wegetarianski","23":"first","24":"instock","25":"taxable","26":"shipping-taxable","27":"purchasable","28":"product-type-simple"},"acf":[],"_links":{"self":[{"href":"https:\/\/wiejskieprzysmaki.estima.site\/en\/wp-json\/wp\/v2\/product\/8764","targetHints":{"allow":["GET"]}}],"collection":[{"href":"https:\/\/wiejskieprzysmaki.estima.site\/en\/wp-json\/wp\/v2\/product"}],"about":[{"href":"https:\/\/wiejskieprzysmaki.estima.site\/en\/wp-json\/wp\/v2\/types\/product"}],"replies":[{"embeddable":true,"href":"https:\/\/wiejskieprzysmaki.estima.site\/en\/wp-json\/wp\/v2\/comments?post=8764"}],"wp:featuredmedia":[{"embeddable":true,"href":"https:\/\/wiejskieprzysmaki.estima.site\/en\/wp-json\/wp\/v2\/media\/8765"}],"wp:attachment":[{"href":"https:\/\/wiejskieprzysmaki.estima.site\/en\/wp-json\/wp\/v2\/media?parent=8764"}],"wp:term":[{"taxonomy":"product_brand","embeddable":true,"href":"https:\/\/wiejskieprzysmaki.estima.site\/en\/wp-json\/wp\/v2\/product_brand?post=8764"},{"taxonomy":"product_cat","embeddable":true,"href":"https:\/\/wiejskieprzysmaki.estima.site\/en\/wp-json\/wp\/v2\/product_cat?post=8764"},{"taxonomy":"product_tag","embeddable":true,"href":"https:\/\/wiejskieprzysmaki.estima.site\/en\/wp-json\/wp\/v2\/product_tag?post=8764"}],"curies":[{"name":"wp","href":"https:\/\/api.w.org\/{rel}","templated":true}]}}