{"id":8780,"date":"2025-02-18T11:59:19","date_gmt":"2025-02-18T10:59:19","guid":{"rendered":"https:\/\/wiejskieprzysmaki.estima.site\/produkt\/amarantus-bio-500-g-the-planet\/"},"modified":"2025-02-18T11:59:21","modified_gmt":"2025-02-18T10:59:21","slug":"amarantus-bio-500-g-the-planet","status":"publish","type":"product","link":"https:\/\/wiejskieprzysmaki.estima.site\/en\/product\/amarantus-bio-500-g-the-planet\/","title":{"rendered":"AMARANTUS BIO 500 g &#8211; THE PLANET"},"content":{"rendered":"<p>SK\u0141ADNIKI<br \/>ekologiczny amarantus 100 %. <\/p>\n<p>OPIS<br \/>Ekologiczny amarantus jest jedn\u0105 z najstarszych i najbardziej po\u017cywnych ro\u015blin (pseudozb\u00f3\u017c) uprawianych na \u015bwiecie. Doskona\u0142y do porannej owsianki, do pieczenia chleba, ciast, zup i da\u0144 zbo\u017cowych.<\/p>\n<p>SPOS\u00d3B PRZYGOTOWANIA<br \/>uprzednio wyp\u0142ukane na g\u0119stym sicie ziarno amarantusa gotowa\u0107 w proporcji 1:2 (1 porcja amarantusa na 2 porcje wody) ok. 20 min.<\/p>\n<p>WARTO\u015a\u0106 OD\u017bYWCZA W 100 g<br \/>Warto\u015b\u0107 energetyczna \t1556 kJ\/369 kcal<br \/>T\u0142uszcz \t7,0 g<br \/>w tym kwasy t\u0142uszczowe nasycone \t1,0 g<br \/>W\u0119glowodany \t59 g<br \/>w tym cukry \t2,0 g<br \/>B\u0142onnik \t7,0 g<br \/>Bia\u0142ko \t14 g<br \/>S\u00f3l \t0,01 g<\/p>\n<p>ZALECANE WARUNKI PRZECHOWYWANIA<br \/>Przechowywa\u0107 w suchym i ch\u0142odnym miejscu.<\/p>","protected":false},"excerpt":{"rendered":"<p>SK\u0141ADNIKIekologiczny amarantus 100 %. OPISEkologiczny amarantus jest jedn\u0105 z najstarszych i najbardziej po\u017cywnych ro\u015blin (pseudozb\u00f3\u017c) uprawianych na \u015bwiecie. Doskona\u0142y do porannej owsianki, do pieczenia chleba, ciast, zup i da\u0144 zbo\u017cowych. SPOS\u00d3B PRZYGOTOWANIAuprzednio wyp\u0142ukane na g\u0119stym sicie ziarno amarantusa gotowa\u0107 w proporcji 1:2 (1 porcja amarantusa na 2 porcje wody) ok. 20 min. WARTO\u015a\u0106 OD\u017bYWCZA W [&hellip;]<\/p>","protected":false},"featured_media":8781,"comment_status":"closed","ping_status":"open","template":"","meta":{"_acf_changed":false},"product_brand":[],"product_cat":[151],"product_tag":[],"class_list":{"0":"post-8780","1":"product","2":"type-product","3":"status-publish","4":"has-post-thumbnail","6":"product_cat-nasiona-i-ziarna","7":"pa_ean-matka-573","8":"pa_ean-matka-6761","9":"pa_gwarancja-przydatnosci-324","10":"pa_ilosc-w-opakowaniu-543","11":"pa_jednostka-podstawowa-szt","12":"pa_kod-cn-1008-90-00","13":"pa_kraj-pochodzenia-skladnikow-indie","14":"pa_masa-netto-347","15":"pa_objetosc-brutto-507","16":"pa_producent-the-planet","17":"pa_producent-nazwa-adres-bio-planet-s-a-wilkowa-wies-7-05-084-leszno","18":"pa_tagi-bez-cukru-w-skladnikach","19":"pa_tagi-certyfikat-bio","20":"pa_tagi-weganski","21":"pa_tagi-wegetarianski","23":"first","24":"instock","25":"taxable","26":"shipping-taxable","27":"purchasable","28":"product-type-simple"},"acf":[],"_links":{"self":[{"href":"https:\/\/wiejskieprzysmaki.estima.site\/en\/wp-json\/wp\/v2\/product\/8780","targetHints":{"allow":["GET"]}}],"collection":[{"href":"https:\/\/wiejskieprzysmaki.estima.site\/en\/wp-json\/wp\/v2\/product"}],"about":[{"href":"https:\/\/wiejskieprzysmaki.estima.site\/en\/wp-json\/wp\/v2\/types\/product"}],"replies":[{"embeddable":true,"href":"https:\/\/wiejskieprzysmaki.estima.site\/en\/wp-json\/wp\/v2\/comments?post=8780"}],"wp:featuredmedia":[{"embeddable":true,"href":"https:\/\/wiejskieprzysmaki.estima.site\/en\/wp-json\/wp\/v2\/media\/8781"}],"wp:attachment":[{"href":"https:\/\/wiejskieprzysmaki.estima.site\/en\/wp-json\/wp\/v2\/media?parent=8780"}],"wp:term":[{"taxonomy":"product_brand","embeddable":true,"href":"https:\/\/wiejskieprzysmaki.estima.site\/en\/wp-json\/wp\/v2\/product_brand?post=8780"},{"taxonomy":"product_cat","embeddable":true,"href":"https:\/\/wiejskieprzysmaki.estima.site\/en\/wp-json\/wp\/v2\/product_cat?post=8780"},{"taxonomy":"product_tag","embeddable":true,"href":"https:\/\/wiejskieprzysmaki.estima.site\/en\/wp-json\/wp\/v2\/product_tag?post=8780"}],"curies":[{"name":"wp","href":"https:\/\/api.w.org\/{rel}","templated":true}]}}