{"id":880,"date":"2025-02-18T10:32:40","date_gmt":"2025-02-18T09:32:40","guid":{"rendered":"https:\/\/wiejskieprzysmaki.estima.site\/produkt\/platki-jeczmienne-bio-600-g-bio-planet\/"},"modified":"2025-02-18T10:32:42","modified_gmt":"2025-02-18T09:32:42","slug":"platki-jeczmienne-bio-600-g-bio-planet","status":"publish","type":"product","link":"https:\/\/wiejskieprzysmaki.estima.site\/en\/product\/platki-jeczmienne-bio-600-g-bio-planet\/","title":{"rendered":"P\u0141ATKI J\u0118CZMIENNE BIO 600 g &#8211; BIO PLANET"},"content":{"rendered":"<p>SK\u0141ADNIKI<br \/>ekologiczne p\u0142atki J\u0118CZMIENNE 100 %.<\/p>\n<p>OPIS<br \/>Ekologiczne p\u0142atki J\u0118CZMIENNE uzyskuje si\u0119 z gniecionych ziaren j\u0119czmienia. P\u0142atki J\u0118CZMIENNE to doskona\u0142a propozycja na codzienne \u015bniadanie. Najlepiej smakuj\u0105 z dodatkiem jogurtu, napoju zbo\u017cowego oraz z owocami<\/p>\n<p>SPOS\u00d3B PRZYGOTOWANIA<br \/>p\u0142atki gotowa\u0107 w proporcji 1:2 (1 porcja p\u0142atk\u00f3w na 2 porcje wody lub mleka) na wolnym ogniu ok. 10 minut od czasu do czasu mieszaj\u0105c.<\/p>\n<p>WARTO\u015a\u0106 OD\u017bYWCZA W 100 g<br \/>Warto\u015b\u0107 energetyczna \t1397 kJ\/330 kcal<br \/>T\u0142uszcz \t1,5 g<br \/>w tym kwasy t\u0142uszczowe nasycone \t0,3 g<br \/>W\u0119glowodany \t67 g<br \/>w tym cukry \t0 g<br \/>B\u0142onnik \t10 g<br \/>Bia\u0142ko \t7,3 g<br \/>S\u00f3l \t0 g<\/p>\n<p>INFORMACJA ALERGENNA<br \/>Produkt mo\u017ce zawiera\u0107: ORZESZKI ZIEMNE, ORZECHY, NASIONA SEZAMU, SOJ\u0118.<\/p>\n<p>ZALECANE WARUNKI PRZECHOWYWANIA<br \/>Przechowywa\u0107 w suchym i ch\u0142odnym miejscu.<\/p>","protected":false},"excerpt":{"rendered":"<p>SK\u0141ADNIKIekologiczne p\u0142atki J\u0118CZMIENNE 100 %. OPISEkologiczne p\u0142atki J\u0118CZMIENNE uzyskuje si\u0119 z gniecionych ziaren j\u0119czmienia. P\u0142atki J\u0118CZMIENNE to doskona\u0142a propozycja na codzienne \u015bniadanie. Najlepiej smakuj\u0105 z dodatkiem jogurtu, napoju zbo\u017cowego oraz z owocami SPOS\u00d3B PRZYGOTOWANIAp\u0142atki gotowa\u0107 w proporcji 1:2 (1 porcja p\u0142atk\u00f3w na 2 porcje wody lub mleka) na wolnym ogniu ok. 10 minut od czasu [&hellip;]<\/p>","protected":false},"featured_media":881,"comment_status":"closed","ping_status":"open","template":"","meta":{"_acf_changed":false},"product_brand":[],"product_cat":[796,265],"product_tag":[],"class_list":{"0":"post-880","1":"product","2":"type-product","3":"status-publish","4":"has-post-thumbnail","6":"product_cat-platki","7":"product_cat-sniadaniowe","8":"pa_ean-matka-889","9":"pa_ean-matka-888","10":"pa_gwarancja-przydatnosci-311","11":"pa_ilosc-w-opakowaniu-366","12":"pa_jednostka-podstawowa-szt","13":"pa_kod-cn-1104-19-69","14":"pa_kraj-pochodzenia-skladnikow-rolnictwo-ue","15":"pa_masa-netto-792","16":"pa_objetosc-brutto-210","17":"pa_producent-bio-planet-seria-rozowa-platki-otreby-musli","18":"pa_producent-nazwa-adres-bio-planet-s-a-wilkowa-wies-7-05-084-leszno","19":"pa_tagi-bez-cukru-w-skladnikach","20":"pa_tagi-certyfikat-bio","21":"pa_tagi-weganski","22":"pa_tagi-wegetarianski","24":"first","25":"instock","26":"taxable","27":"shipping-taxable","28":"purchasable","29":"product-type-simple"},"acf":[],"_links":{"self":[{"href":"https:\/\/wiejskieprzysmaki.estima.site\/en\/wp-json\/wp\/v2\/product\/880","targetHints":{"allow":["GET"]}}],"collection":[{"href":"https:\/\/wiejskieprzysmaki.estima.site\/en\/wp-json\/wp\/v2\/product"}],"about":[{"href":"https:\/\/wiejskieprzysmaki.estima.site\/en\/wp-json\/wp\/v2\/types\/product"}],"replies":[{"embeddable":true,"href":"https:\/\/wiejskieprzysmaki.estima.site\/en\/wp-json\/wp\/v2\/comments?post=880"}],"wp:featuredmedia":[{"embeddable":true,"href":"https:\/\/wiejskieprzysmaki.estima.site\/en\/wp-json\/wp\/v2\/media\/881"}],"wp:attachment":[{"href":"https:\/\/wiejskieprzysmaki.estima.site\/en\/wp-json\/wp\/v2\/media?parent=880"}],"wp:term":[{"taxonomy":"product_brand","embeddable":true,"href":"https:\/\/wiejskieprzysmaki.estima.site\/en\/wp-json\/wp\/v2\/product_brand?post=880"},{"taxonomy":"product_cat","embeddable":true,"href":"https:\/\/wiejskieprzysmaki.estima.site\/en\/wp-json\/wp\/v2\/product_cat?post=880"},{"taxonomy":"product_tag","embeddable":true,"href":"https:\/\/wiejskieprzysmaki.estima.site\/en\/wp-json\/wp\/v2\/product_tag?post=880"}],"curies":[{"name":"wp","href":"https:\/\/api.w.org\/{rel}","templated":true}]}}