{"id":884,"date":"2025-02-18T10:32:40","date_gmt":"2025-02-18T09:32:40","guid":{"rendered":"https:\/\/wiejskieprzysmaki.estima.site\/produkt\/kakao-sproszkowane-surowe-nieodtluszczone-bio-150-g-bio-planet\/"},"modified":"2025-02-18T10:32:44","modified_gmt":"2025-02-18T09:32:44","slug":"kakao-sproszkowane-surowe-nieodtluszczone-bio-150-g-bio-planet","status":"publish","type":"product","link":"https:\/\/wiejskieprzysmaki.estima.site\/en\/product\/kakao-sproszkowane-surowe-nieodtluszczone-bio-150-g-bio-planet\/","title":{"rendered":"KAKAO SPROSZKOWANE SUROWE NIEODT\u0141USZCZONE BIO 150 g &#8211; BIO PLANET"},"content":{"rendered":"<p>SK\u0141ADNIKI<br \/>ekologiczne kakao sproszkowane surowe nieodt\u0142uszczone 100 %.<\/p>\n<p>OPIS<br \/>Ekologiczne sproszkowane kakao otrzymane z najwy\u017cszej jako\u015bci ziaren kakaowca. Ziarna kakao przed zmieleniem zosta\u0142y g\u0142\u0119boko zamro\u017cone (mielenie kriogeniczne), co pozwoli\u0142o zachowa\u0107 maksymaln\u0105 ilo\u015b\u0107 sk\u0142adnik\u00f3w od\u017cywczych, a tak\u017ce naturalny smak i aromat produktu. Polecamy jako sk\u0142adnik deser\u00f3w, wypiek\u00f3w oraz innych przek\u0105sek.<br \/>\u017belazo przyczynia si\u0119 do zmniejszenia uczucia zm\u0119czenia i znu\u017cenia, pomaga w prawid\u0142owej produkcji czerwonych krwinek i hemoglobiny. Zr\u00f3wnowa\u017cony spos\u00f3b \u017cywienia i zdrowy tryb \u017cycia s\u0105 istotne. Porcja niezb\u0119dna do uzyskania korzystnego efektu: 15 g kakao.\t<\/p>\n<p>WARTO\u015a\u0106 OD\u017bYWCZA W  100 g<br \/>Warto\u015b\u0107 energetyczna -2268 kJ \/ 542 kcal<br \/>T\u0142uszcz &#8211; 46 g<br \/>w tym kwasy t\u0142uszczowe nasycone &#8211; 29 g<br \/>W\u0119glowodany &#8211; 4,7 g<br \/>w tym cukry &#8211; 1,2 g<br \/>B\u0142onnik &#8211; 28 g<br \/>Bia\u0142ko &#8211; 13 g<br \/>S\u00f3l &#8211; 0 g<\/p>\n<p>ZALECANE WARUNKI PRZECHOWYWANIA<br \/>Przechowywa\u0107 w suchym i ch\u0142odnym miejscu.<\/p>","protected":false},"excerpt":{"rendered":"<p>SK\u0141ADNIKIekologiczne kakao sproszkowane surowe nieodt\u0142uszczone 100 %. OPISEkologiczne sproszkowane kakao otrzymane z najwy\u017cszej jako\u015bci ziaren kakaowca. Ziarna kakao przed zmieleniem zosta\u0142y g\u0142\u0119boko zamro\u017cone (mielenie kriogeniczne), co pozwoli\u0142o zachowa\u0107 maksymaln\u0105 ilo\u015b\u0107 sk\u0142adnik\u00f3w od\u017cywczych, a tak\u017ce naturalny smak i aromat produktu. Polecamy jako sk\u0142adnik deser\u00f3w, wypiek\u00f3w oraz innych przek\u0105sek.\u017belazo przyczynia si\u0119 do zmniejszenia uczucia zm\u0119czenia i znu\u017cenia, [&hellip;]<\/p>","protected":false},"featured_media":885,"comment_status":"closed","ping_status":"open","template":"","meta":{"_acf_changed":false},"product_brand":[],"product_cat":[898,897],"product_tag":[],"class_list":{"0":"post-884","1":"product","2":"type-product","3":"status-publish","4":"has-post-thumbnail","6":"product_cat-kakao","7":"product_cat-kawa-i-kakao","8":"pa_ean-matka-896","9":"pa_gwarancja-przydatnosci-320","10":"pa_ilosc-w-opakowaniu-298","11":"pa_jednostka-podstawowa-szt","12":"pa_kod-cn-1805-00-00","13":"pa_kraj-pochodzenia-skladnikow-gwatemala","14":"pa_masa-netto-197","15":"pa_objetosc-brutto-778","16":"pa_producent-bio-planet-seria-superfoods","17":"pa_producent-nazwa-adres-bio-planet-s-a-wilkowa-wies-7-05-084-leszno","18":"pa_tagi-bez-cukru-w-skladnikach","19":"pa_tagi-bez-glutenu-w-skladnikach","20":"pa_tagi-certyfikat-bio","21":"pa_tagi-weganski","22":"pa_tagi-wegetarianski","24":"first","25":"instock","26":"taxable","27":"shipping-taxable","28":"purchasable","29":"product-type-simple"},"acf":[],"_links":{"self":[{"href":"https:\/\/wiejskieprzysmaki.estima.site\/en\/wp-json\/wp\/v2\/product\/884","targetHints":{"allow":["GET"]}}],"collection":[{"href":"https:\/\/wiejskieprzysmaki.estima.site\/en\/wp-json\/wp\/v2\/product"}],"about":[{"href":"https:\/\/wiejskieprzysmaki.estima.site\/en\/wp-json\/wp\/v2\/types\/product"}],"replies":[{"embeddable":true,"href":"https:\/\/wiejskieprzysmaki.estima.site\/en\/wp-json\/wp\/v2\/comments?post=884"}],"wp:featuredmedia":[{"embeddable":true,"href":"https:\/\/wiejskieprzysmaki.estima.site\/en\/wp-json\/wp\/v2\/media\/885"}],"wp:attachment":[{"href":"https:\/\/wiejskieprzysmaki.estima.site\/en\/wp-json\/wp\/v2\/media?parent=884"}],"wp:term":[{"taxonomy":"product_brand","embeddable":true,"href":"https:\/\/wiejskieprzysmaki.estima.site\/en\/wp-json\/wp\/v2\/product_brand?post=884"},{"taxonomy":"product_cat","embeddable":true,"href":"https:\/\/wiejskieprzysmaki.estima.site\/en\/wp-json\/wp\/v2\/product_cat?post=884"},{"taxonomy":"product_tag","embeddable":true,"href":"https:\/\/wiejskieprzysmaki.estima.site\/en\/wp-json\/wp\/v2\/product_tag?post=884"}],"curies":[{"name":"wp","href":"https:\/\/api.w.org\/{rel}","templated":true}]}}