{"id":8840,"date":"2025-02-18T11:59:50","date_gmt":"2025-02-18T10:59:50","guid":{"rendered":"https:\/\/wiejskieprzysmaki.estima.site\/produkt\/ryz-basmati-pelnoziarnisty-bio-1-kg-the-planet\/"},"modified":"2025-02-18T11:59:52","modified_gmt":"2025-02-18T10:59:52","slug":"ryz-basmati-pelnoziarnisty-bio-1-kg-the-planet","status":"publish","type":"product","link":"https:\/\/wiejskieprzysmaki.estima.site\/en\/product\/ryz-basmati-pelnoziarnisty-bio-1-kg-the-planet\/","title":{"rendered":"RY\u017b BASMATI PE\u0141NOZIARNISTY BIO 1 kg &#8211; THE PLANET"},"content":{"rendered":"<p>SK\u0141ADNIKI<br \/>ekologiczny ry\u017c basmati pe\u0142noziarnisty 100 %.<\/p>\n<p>OPIS<br \/>Ekologiczny ry\u017c basmati pe\u0142noziarnisty charakteryzuje si\u0119 subtelnym orzechowym smakiem i niepowtarzalnym aromatem. Stanowi najszlachetniejsz\u0105 odmian\u0119 ry\u017cu na \u015bwiecie. Doskona\u0142y jako dodatek do mi\u0119s, sa\u0142atek, da\u0144 egzotycznych i deser\u00f3w. <br \/>Ry\u017c basmati pe\u0142noziarnisty zachowuje wszystkie cenne sk\u0142adniki znajduj\u0105ce si\u0119 w \u0142usce, dzi\u0119ki czemu jest bardziej warto\u015bciowy ni\u017c ziarno ob\u0142uszczone<\/p>\n<p>SPOS\u00d3B PRZYGOTOWANIA<br \/>uprzednio wyp\u0142ukany ry\u017c gotowa\u0107 w proporcji 1:2 (1 porcja ry\u017cu na 2 porcje wody) na ma\u0142ym ogniu ok. 35 min.<\/p>\n<p>WARTO\u015a\u0106 OD\u017bYWCZA W 100 g<br \/>Warto\u015b\u0107 energetyczna &#8211; 1511 kJ \/ 357 kcal<br \/>T\u0142uszcz &#8211; 2,6 g<br \/>w tym kwasy t\u0142uszczowe nasycone &#8211; 0,6 g<br \/>W\u0119glowodany &#8211; 74 g<br \/>w tym cukry &#8211; 1,0 g<br \/>B\u0142onnik &#8211; 3,0 g<br \/>Bia\u0142ko &#8211; 8,3 g<br \/>S\u00f3l &#8211; 0,03 g<\/p>\n<p>ZALECANE WARUNKI PRZECHOWYWANIA<br \/>Przechowywa\u0107 w suchym i ch\u0142odnym miejscu.<\/p>","protected":false},"excerpt":{"rendered":"<p>SK\u0141ADNIKIekologiczny ry\u017c basmati pe\u0142noziarnisty 100 %. OPISEkologiczny ry\u017c basmati pe\u0142noziarnisty charakteryzuje si\u0119 subtelnym orzechowym smakiem i niepowtarzalnym aromatem. Stanowi najszlachetniejsz\u0105 odmian\u0119 ry\u017cu na \u015bwiecie. Doskona\u0142y jako dodatek do mi\u0119s, sa\u0142atek, da\u0144 egzotycznych i deser\u00f3w. Ry\u017c basmati pe\u0142noziarnisty zachowuje wszystkie cenne sk\u0142adniki znajduj\u0105ce si\u0119 w \u0142usce, dzi\u0119ki czemu jest bardziej warto\u015bciowy ni\u017c ziarno ob\u0142uszczone SPOS\u00d3B PRZYGOTOWANIAuprzednio [&hellip;]<\/p>","protected":false},"featured_media":8841,"comment_status":"closed","ping_status":"open","template":"","meta":{"_acf_changed":false},"product_brand":[],"product_cat":[313],"product_tag":[],"class_list":{"0":"post-8840","1":"product","2":"type-product","3":"status-publish","4":"has-post-thumbnail","6":"product_cat-ryze-i-kasze","7":"pa_ean-matka-577","8":"pa_ean-matka-6792","9":"pa_gwarancja-przydatnosci-324","10":"pa_ilosc-w-opakowaniu-298","11":"pa_jednostka-podstawowa-szt","12":"pa_kod-cn-1006-20-98","13":"pa_kraj-pochodzenia-skladnikow-pakistan","14":"pa_masa-netto-209","15":"pa_objetosc-brutto-210","16":"pa_producent-the-planet","17":"pa_producent-nazwa-adres-bio-planet-s-a-wilkowa-wies-7-05-084-leszno","18":"pa_tagi-bez-cukru-w-skladnikach","19":"pa_tagi-bez-glutenu-w-skladnikach","20":"pa_tagi-certyfikat-bio","21":"pa_tagi-weganski","22":"pa_tagi-wegetarianski","24":"first","25":"outofstock","26":"taxable","27":"shipping-taxable","28":"purchasable","29":"product-type-simple"},"acf":[],"_links":{"self":[{"href":"https:\/\/wiejskieprzysmaki.estima.site\/en\/wp-json\/wp\/v2\/product\/8840","targetHints":{"allow":["GET"]}}],"collection":[{"href":"https:\/\/wiejskieprzysmaki.estima.site\/en\/wp-json\/wp\/v2\/product"}],"about":[{"href":"https:\/\/wiejskieprzysmaki.estima.site\/en\/wp-json\/wp\/v2\/types\/product"}],"replies":[{"embeddable":true,"href":"https:\/\/wiejskieprzysmaki.estima.site\/en\/wp-json\/wp\/v2\/comments?post=8840"}],"wp:featuredmedia":[{"embeddable":true,"href":"https:\/\/wiejskieprzysmaki.estima.site\/en\/wp-json\/wp\/v2\/media\/8841"}],"wp:attachment":[{"href":"https:\/\/wiejskieprzysmaki.estima.site\/en\/wp-json\/wp\/v2\/media?parent=8840"}],"wp:term":[{"taxonomy":"product_brand","embeddable":true,"href":"https:\/\/wiejskieprzysmaki.estima.site\/en\/wp-json\/wp\/v2\/product_brand?post=8840"},{"taxonomy":"product_cat","embeddable":true,"href":"https:\/\/wiejskieprzysmaki.estima.site\/en\/wp-json\/wp\/v2\/product_cat?post=8840"},{"taxonomy":"product_tag","embeddable":true,"href":"https:\/\/wiejskieprzysmaki.estima.site\/en\/wp-json\/wp\/v2\/product_tag?post=8840"}],"curies":[{"name":"wp","href":"https:\/\/api.w.org\/{rel}","templated":true}]}}