{"id":8842,"date":"2025-02-18T11:59:50","date_gmt":"2025-02-18T10:59:50","guid":{"rendered":"https:\/\/wiejskieprzysmaki.estima.site\/produkt\/kasza-gryczana-krakowska-niepalona-bio-500-g-the-planet\/"},"modified":"2025-02-20T15:25:35","modified_gmt":"2025-02-20T14:25:35","slug":"kasza-gryczana-krakowska-niepalona-bio-500-g-the-planet","status":"publish","type":"product","link":"https:\/\/wiejskieprzysmaki.estima.site\/en\/product\/kasza-gryczana-krakowska-niepalona-bio-500-g-the-planet\/","title":{"rendered":"KASZA GRYCZANA KRAKOWSKA NIEPALONA BIO 500 g &#8211; THE PLANET"},"content":{"rendered":"<p>SK\u0141ADNIKI<br \/>ekologiczna kasza gryczana krakowska niepalona 100 %. <\/p>\n<p>OPIS<br \/>Ekologiczna kasza gryczana krakowska otrzymana jest z ob\u0142uszczonego i pokrojonego ziarna gryki niepalonej. Ma \u0142agodny i delikatny smak. Najcz\u0119\u015bciej stosowana jako dodatek do zup, da\u0144 jednogarnkowych, pasztet\u00f3w, kotlet\u00f3w, past do chleba, a tak\u017ce jako sk\u0142adnik obiad\u00f3w w po\u0142\u0105czeniu z warzywami, czy gulaszem.<\/p>\n<p>SPOS\u00d3B PRZYGOTOWANIA<br \/>kasz\u0119 gotowa\u0107 w osolonej wodzie w proporcji 1:2 (1 porcja kaszy na dwie porcje wody) na ma\u0142ym ogniu ok. 5 min. \t<\/p>\n<p>WARTO\u015a\u0106 OD\u017bYWCZA W 100 g<br \/>Warto\u015b\u0107 energetyczna \t1659 kJ\/392 kcal<br \/>T\u0142uszcz \t2,7 g<br \/>w tym kwasy t\u0142uszczowe nasycone \t0,6 g<br \/>W\u0119glowodany \t75 g<br \/>w tym cukry \t2,6 g<br \/>B\u0142onnik \t10 g<br \/>Bia\u0142ko \t12 g<br \/>S\u00f3l \t0,03 g<\/p>\n<p>ZALECANE WARUNKI PRZECHOWYWANIA<br \/>Przechowywa\u0107 w suchym i ch\u0142odnym miejscu.<\/p>","protected":false},"excerpt":{"rendered":"<p>SK\u0141ADNIKIekologiczna kasza gryczana krakowska niepalona 100 %. OPISEkologiczna kasza gryczana krakowska otrzymana jest z ob\u0142uszczonego i pokrojonego ziarna gryki niepalonej. Ma \u0142agodny i delikatny smak. Najcz\u0119\u015bciej stosowana jako dodatek do zup, da\u0144 jednogarnkowych, pasztet\u00f3w, kotlet\u00f3w, past do chleba, a tak\u017ce jako sk\u0142adnik obiad\u00f3w w po\u0142\u0105czeniu z warzywami, czy gulaszem. SPOS\u00d3B PRZYGOTOWANIAkasz\u0119 gotowa\u0107 w osolonej wodzie [&hellip;]<\/p>","protected":false},"featured_media":8843,"comment_status":"closed","ping_status":"open","template":"","meta":{"_acf_changed":false},"product_brand":[],"product_cat":[313],"product_tag":[],"class_list":{"0":"post-8842","1":"product","2":"type-product","3":"status-publish","4":"has-post-thumbnail","6":"product_cat-ryze-i-kasze","7":"pa_ean-matka-6793","8":"pa_ean-matka-586","9":"pa_gwarancja-przydatnosci-324","10":"pa_ilosc-w-opakowaniu-543","11":"pa_jednostka-podstawowa-szt","12":"pa_kod-cn-1103-19-90","13":"pa_kraj-pochodzenia-skladnikow-polska","14":"pa_masa-netto-347","15":"pa_objetosc-brutto-507","16":"pa_producent-the-planet","17":"pa_producent-nazwa-adres-bio-planet-s-a-wilkowa-wies-7-05-084-leszno","18":"pa_tagi-bez-cukru-w-skladnikach","19":"pa_tagi-bez-glutenu-w-skladnikach","20":"pa_tagi-certyfikat-bio","21":"pa_tagi-weganski","22":"pa_tagi-wegetarianski","24":"first","25":"instock","26":"taxable","27":"shipping-taxable","28":"purchasable","29":"product-type-simple"},"acf":[],"_links":{"self":[{"href":"https:\/\/wiejskieprzysmaki.estima.site\/en\/wp-json\/wp\/v2\/product\/8842","targetHints":{"allow":["GET"]}}],"collection":[{"href":"https:\/\/wiejskieprzysmaki.estima.site\/en\/wp-json\/wp\/v2\/product"}],"about":[{"href":"https:\/\/wiejskieprzysmaki.estima.site\/en\/wp-json\/wp\/v2\/types\/product"}],"replies":[{"embeddable":true,"href":"https:\/\/wiejskieprzysmaki.estima.site\/en\/wp-json\/wp\/v2\/comments?post=8842"}],"wp:featuredmedia":[{"embeddable":true,"href":"https:\/\/wiejskieprzysmaki.estima.site\/en\/wp-json\/wp\/v2\/media\/8843"}],"wp:attachment":[{"href":"https:\/\/wiejskieprzysmaki.estima.site\/en\/wp-json\/wp\/v2\/media?parent=8842"}],"wp:term":[{"taxonomy":"product_brand","embeddable":true,"href":"https:\/\/wiejskieprzysmaki.estima.site\/en\/wp-json\/wp\/v2\/product_brand?post=8842"},{"taxonomy":"product_cat","embeddable":true,"href":"https:\/\/wiejskieprzysmaki.estima.site\/en\/wp-json\/wp\/v2\/product_cat?post=8842"},{"taxonomy":"product_tag","embeddable":true,"href":"https:\/\/wiejskieprzysmaki.estima.site\/en\/wp-json\/wp\/v2\/product_tag?post=8842"}],"curies":[{"name":"wp","href":"https:\/\/api.w.org\/{rel}","templated":true}]}}