{"id":8854,"date":"2025-02-18T11:59:50","date_gmt":"2025-02-18T10:59:50","guid":{"rendered":"https:\/\/wiejskieprzysmaki.estima.site\/produkt\/kasztany-jadalne-suszone-bezglutenowe-bio-400-g-the-planet\/"},"modified":"2025-02-20T15:19:50","modified_gmt":"2025-02-20T14:19:50","slug":"kasztany-jadalne-suszone-bezglutenowe-bio-400-g-the-planet","status":"publish","type":"product","link":"https:\/\/wiejskieprzysmaki.estima.site\/en\/product\/kasztany-jadalne-suszone-bezglutenowe-bio-400-g-the-planet\/","title":{"rendered":"KASZTANY JADALNE SUSZONE BEZGLUTENOWE BIO 400 g &#8211; THE PLANET"},"content":{"rendered":"<p>SK\u0141ADNIKI<br \/>ekologiczne suszone kasztany jadalne 100 %.<\/p>\n<p>SPOS\u00d3B PRZYGOTOWANIA<br \/>Uprzednio namoczone przez kilka godzin kasztany gotowa\u0107 do mi\u0119kko\u015bci w wodzie, bulionie lub mleku. Tak przygotowane kasztany polecamy do zup, risotto lub do przygotowania deser\u00f3w.<\/p>\n<p>WARTO\u015a\u0106 OD\u017bYWCZA W 100 g<br \/>Warto\u015b\u0107 energetyczna &#8211; 1674 kJ \/ 397 kcal<br \/>T\u0142uszcz &#8211; 3,7 g<br \/>w tym kwasy t\u0142uszczowe nasycone &#8211; 0,6 g<br \/>W\u0119glowodany &#8211; 78 g<br \/>w tym cukry &#8211; 25 g<br \/>B\u0142onnik &#8211; 15 g<br \/>Bia\u0142ko &#8211; 5,0 g<br \/>S\u00f3l &#8211; 0,03 g<\/p>\n<p>ZALECANE WARUNKI PRZECHOWYWANIA<br \/>Przechowywa\u0107 w suchym i ch\u0142odnym miejscu.<\/p>","protected":false},"excerpt":{"rendered":"<p>SK\u0141ADNIKIekologiczne suszone kasztany jadalne 100 %. SPOS\u00d3B PRZYGOTOWANIAUprzednio namoczone przez kilka godzin kasztany gotowa\u0107 do mi\u0119kko\u015bci w wodzie, bulionie lub mleku. Tak przygotowane kasztany polecamy do zup, risotto lub do przygotowania deser\u00f3w. WARTO\u015a\u0106 OD\u017bYWCZA W 100 gWarto\u015b\u0107 energetyczna &#8211; 1674 kJ \/ 397 kcalT\u0142uszcz &#8211; 3,7 gw tym kwasy t\u0142uszczowe nasycone &#8211; 0,6 gW\u0119glowodany &#8211; [&hellip;]<\/p>","protected":false},"featured_media":8855,"comment_status":"closed","ping_status":"open","template":"","meta":{"_acf_changed":false},"product_brand":[],"product_cat":[830,810],"product_tag":[],"class_list":{"0":"post-8854","1":"product","2":"type-product","3":"status-publish","4":"has-post-thumbnail","6":"product_cat-orzechy-i-owoce-suszone","7":"product_cat-orzechy-kasztany-wiorki-kokosowe","8":"pa_ean-matka-5242","9":"pa_ean-matka-6799","10":"pa_gwarancja-przydatnosci-324","11":"pa_ilosc-w-opakowaniu-298","12":"pa_jednostka-podstawowa-szt","13":"pa_kod-cn-2008-19-99","14":"pa_kraj-pochodzenia-skladnikow-wlochy","15":"pa_masa-netto-268","16":"pa_objetosc-brutto-204","17":"pa_producent-the-planet","18":"pa_producent-nazwa-adres-bio-planet-s-a-wilkowa-wies-7-05-084-leszno","19":"pa_tagi-bez-cukru-w-skladnikach","20":"pa_tagi-bez-glutenu-w-skladnikach","21":"pa_tagi-certyfikat-bio","22":"pa_tagi-weganski","23":"pa_tagi-wegetarianski","25":"first","26":"instock","27":"taxable","28":"shipping-taxable","29":"purchasable","30":"product-type-simple"},"acf":[],"_links":{"self":[{"href":"https:\/\/wiejskieprzysmaki.estima.site\/en\/wp-json\/wp\/v2\/product\/8854","targetHints":{"allow":["GET"]}}],"collection":[{"href":"https:\/\/wiejskieprzysmaki.estima.site\/en\/wp-json\/wp\/v2\/product"}],"about":[{"href":"https:\/\/wiejskieprzysmaki.estima.site\/en\/wp-json\/wp\/v2\/types\/product"}],"replies":[{"embeddable":true,"href":"https:\/\/wiejskieprzysmaki.estima.site\/en\/wp-json\/wp\/v2\/comments?post=8854"}],"wp:featuredmedia":[{"embeddable":true,"href":"https:\/\/wiejskieprzysmaki.estima.site\/en\/wp-json\/wp\/v2\/media\/8855"}],"wp:attachment":[{"href":"https:\/\/wiejskieprzysmaki.estima.site\/en\/wp-json\/wp\/v2\/media?parent=8854"}],"wp:term":[{"taxonomy":"product_brand","embeddable":true,"href":"https:\/\/wiejskieprzysmaki.estima.site\/en\/wp-json\/wp\/v2\/product_brand?post=8854"},{"taxonomy":"product_cat","embeddable":true,"href":"https:\/\/wiejskieprzysmaki.estima.site\/en\/wp-json\/wp\/v2\/product_cat?post=8854"},{"taxonomy":"product_tag","embeddable":true,"href":"https:\/\/wiejskieprzysmaki.estima.site\/en\/wp-json\/wp\/v2\/product_tag?post=8854"}],"curies":[{"name":"wp","href":"https:\/\/api.w.org\/{rel}","templated":true}]}}