{"id":8860,"date":"2025-02-18T12:00:00","date_gmt":"2025-02-18T11:00:00","guid":{"rendered":"https:\/\/wiejskieprzysmaki.estima.site\/produkt\/kasza-kuskus-razowy-bio-400-g-the-planet\/"},"modified":"2025-02-20T15:25:34","modified_gmt":"2025-02-20T14:25:34","slug":"kasza-kuskus-razowy-bio-400-g-the-planet","status":"publish","type":"product","link":"https:\/\/wiejskieprzysmaki.estima.site\/en\/product\/kasza-kuskus-razowy-bio-400-g-the-planet\/","title":{"rendered":"KASZA KUSKUS RAZOWY BIO 400 g &#8211; THE PLANET"},"content":{"rendered":"<p>SK\u0141ADNIKI<br \/>ekologiczna semolina z PSZENICY durum razowa.<\/p>\n<p>SPOS\u00d3B PRZYGOTOWANIA<br \/>gotowa\u0107 w proporcji 1:1 przez oko\u0142o 5 min. Mo\u017cna r\u00f3wnie\u017c zala\u0107 wrz\u0105tkiem i pozostawi\u0107 do ca\u0142kowitego wch\u0142oni\u0119cia wody.<\/p>\n<p>WARTO\u015a\u0106 OD\u017bYWCZA W 100 g<br \/>Warto\u015b\u0107 energetyczna \t1485 kJ\/351 kcal<br \/>T\u0142uszcz \t2,4 g<br \/>w tym kwasy t\u0142uszczowe nasycone \t0,5 g<br \/>W\u0119glowodany \t66 g<br \/>w tym cukry \t1,9 g<br \/>B\u0142onnik \t8,8 g<br \/>Bia\u0142ko \t12 g<br \/>S\u00f3l \t0 g<\/p>\n<p>INFORMACJA ALERGENNA<br \/>Produkt mo\u017ce zawiera\u0107: ORZECHY, ORZESZKI ZIEMNE, NASIONA SEZAMU, SOJ\u0118.<\/p>\n<p>ZALECANE WARUNKI PRZECHOWYWANIA<br \/>Przechowywa\u0107 w suchym i ch\u0142odnym miejscu.<\/p>","protected":false},"excerpt":{"rendered":"<p>SK\u0141ADNIKIekologiczna semolina z PSZENICY durum razowa. SPOS\u00d3B PRZYGOTOWANIAgotowa\u0107 w proporcji 1:1 przez oko\u0142o 5 min. Mo\u017cna r\u00f3wnie\u017c zala\u0107 wrz\u0105tkiem i pozostawi\u0107 do ca\u0142kowitego wch\u0142oni\u0119cia wody. WARTO\u015a\u0106 OD\u017bYWCZA W 100 gWarto\u015b\u0107 energetyczna 1485 kJ\/351 kcalT\u0142uszcz 2,4 gw tym kwasy t\u0142uszczowe nasycone 0,5 gW\u0119glowodany 66 gw tym cukry 1,9 gB\u0142onnik 8,8 gBia\u0142ko 12 gS\u00f3l 0 g INFORMACJA [&hellip;]<\/p>","protected":false},"featured_media":8861,"comment_status":"closed","ping_status":"open","template":"","meta":{"_acf_changed":false},"product_brand":[],"product_cat":[313],"product_tag":[],"class_list":{"0":"post-8860","1":"product","2":"type-product","3":"status-publish","4":"has-post-thumbnail","6":"product_cat-ryze-i-kasze","7":"pa_ean-matka-574","8":"pa_ean-matka-6802","9":"pa_gwarancja-przydatnosci-324","10":"pa_ilosc-w-opakowaniu-298","11":"pa_jednostka-podstawowa-szt","12":"pa_kod-cn-1902-40-10","13":"pa_kraj-pochodzenia-skladnikow-wlochy","14":"pa_masa-netto-268","15":"pa_objetosc-brutto-204","16":"pa_producent-the-planet","17":"pa_producent-nazwa-adres-bio-planet-s-a-wilkowa-wies-7-05-084-leszno","18":"pa_tagi-bez-cukru-w-skladnikach","19":"pa_tagi-certyfikat-bio","20":"pa_tagi-weganski","21":"pa_tagi-wegetarianski","23":"first","24":"instock","25":"taxable","26":"shipping-taxable","27":"purchasable","28":"product-type-simple"},"acf":[],"_links":{"self":[{"href":"https:\/\/wiejskieprzysmaki.estima.site\/en\/wp-json\/wp\/v2\/product\/8860","targetHints":{"allow":["GET"]}}],"collection":[{"href":"https:\/\/wiejskieprzysmaki.estima.site\/en\/wp-json\/wp\/v2\/product"}],"about":[{"href":"https:\/\/wiejskieprzysmaki.estima.site\/en\/wp-json\/wp\/v2\/types\/product"}],"replies":[{"embeddable":true,"href":"https:\/\/wiejskieprzysmaki.estima.site\/en\/wp-json\/wp\/v2\/comments?post=8860"}],"wp:featuredmedia":[{"embeddable":true,"href":"https:\/\/wiejskieprzysmaki.estima.site\/en\/wp-json\/wp\/v2\/media\/8861"}],"wp:attachment":[{"href":"https:\/\/wiejskieprzysmaki.estima.site\/en\/wp-json\/wp\/v2\/media?parent=8860"}],"wp:term":[{"taxonomy":"product_brand","embeddable":true,"href":"https:\/\/wiejskieprzysmaki.estima.site\/en\/wp-json\/wp\/v2\/product_brand?post=8860"},{"taxonomy":"product_cat","embeddable":true,"href":"https:\/\/wiejskieprzysmaki.estima.site\/en\/wp-json\/wp\/v2\/product_cat?post=8860"},{"taxonomy":"product_tag","embeddable":true,"href":"https:\/\/wiejskieprzysmaki.estima.site\/en\/wp-json\/wp\/v2\/product_tag?post=8860"}],"curies":[{"name":"wp","href":"https:\/\/api.w.org\/{rel}","templated":true}]}}