{"id":8870,"date":"2025-02-18T12:00:00","date_gmt":"2025-02-18T11:00:00","guid":{"rendered":"https:\/\/wiejskieprzysmaki.estima.site\/produkt\/morele-suszone-bezglutenowe-bio-400-g-the-planet\/"},"modified":"2025-02-18T12:00:07","modified_gmt":"2025-02-18T11:00:07","slug":"morele-suszone-bezglutenowe-bio-400-g-the-planet","status":"publish","type":"product","link":"https:\/\/wiejskieprzysmaki.estima.site\/en\/product\/morele-suszone-bezglutenowe-bio-400-g-the-planet\/","title":{"rendered":"MORELE SUSZONE BEZGLUTENOWE BIO 400 g &#8211; THE PLANET"},"content":{"rendered":"<p>SK\u0141ADNIKI<br \/>ekologiczne morele bez pestek suszone 100 %.<\/p>\n<p>OPIS<br \/>Ekologiczne morele suszone smakuj\u0105 wy\u015bmienicie jako samodzielna przek\u0105ska oraz jako dodatek do owsianki na s\u0142odko, ciast, deser\u00f3w, kompot\u00f3w. Polecamy tak\u017ce jako dodatek do mi\u0119s, sa\u0142atek, pierog\u00f3w, knedli. \t\t\t<br \/>Morele sporadycznie mog\u0105 zawiera\u0107 pestki, b\u0105d\u017a ich fragmenty. Na suszonych morelach mo\u017ce wyst\u0119powa\u0107 bia\u0142y nalot. Jest to zjawisko naturalne, zwi\u0105zane z wytr\u0105caniem si\u0119 fruktozy, kt\u00f3re nie wp\u0142ywa na jako\u015b\u0107 produktu.\t<\/p>\n<p>WARTO\u015a\u0106 OD\u017bYWCZA W 100 g:<br \/>Warto\u015b\u0107 energetyczna &#8211; 1015 kJ \/ 240 kcal<br \/>T\u0142uszcz &#8211; 0 g<br \/>w tym kwasy t\u0142uszczowe nasycone &#8211; 0 g<br \/>W\u0119glowodany &#8211; 54 g<br \/>w tym cukry &#8211;  33 g<br \/>B\u0142onnik &#8211; 7,9 g<br \/>Bia\u0142ko &#8211; 1 g<br \/>S\u00f3l &#8211; 0 g<\/p>\n<p>ZALECANE WARUNKI PRZECHOWYWANIA<br \/>Przechowywa\u0107 w suchym i ch\u0142odnym miejscu.<\/p>","protected":false},"excerpt":{"rendered":"<p>SK\u0141ADNIKIekologiczne morele bez pestek suszone 100 %. OPISEkologiczne morele suszone smakuj\u0105 wy\u015bmienicie jako samodzielna przek\u0105ska oraz jako dodatek do owsianki na s\u0142odko, ciast, deser\u00f3w, kompot\u00f3w. Polecamy tak\u017ce jako dodatek do mi\u0119s, sa\u0142atek, pierog\u00f3w, knedli. Morele sporadycznie mog\u0105 zawiera\u0107 pestki, b\u0105d\u017a ich fragmenty. Na suszonych morelach mo\u017ce wyst\u0119powa\u0107 bia\u0142y nalot. Jest to zjawisko naturalne, zwi\u0105zane z [&hellip;]<\/p>","protected":false},"featured_media":8871,"comment_status":"closed","ping_status":"open","template":"","meta":{"_acf_changed":false},"product_brand":[],"product_cat":[830],"product_tag":[],"class_list":{"0":"post-8870","1":"product","2":"type-product","3":"status-publish","4":"has-post-thumbnail","6":"product_cat-orzechy-i-owoce-suszone","7":"pa_ean-matka-1595","8":"pa_ean-matka-6807","9":"pa_gwarancja-przydatnosci-324","10":"pa_ilosc-w-opakowaniu-298","11":"pa_jednostka-podstawowa-szt","12":"pa_kod-cn-0813-10-00","13":"pa_kraj-pochodzenia-skladnikow-turcja","14":"pa_masa-netto-268","15":"pa_objetosc-brutto-221","16":"pa_producent-the-planet","17":"pa_producent-nazwa-adres-bio-planet-s-a-wilkowa-wies-7-05-084-leszno","18":"pa_tagi-bez-cukru-w-skladnikach","19":"pa_tagi-bez-glutenu-deklaracja","20":"pa_tagi-bez-glutenu-w-skladnikach","21":"pa_tagi-certyfikat-bio","22":"pa_tagi-weganski","23":"pa_tagi-wegetarianski","25":"first","26":"instock","27":"taxable","28":"shipping-taxable","29":"purchasable","30":"product-type-simple"},"acf":[],"_links":{"self":[{"href":"https:\/\/wiejskieprzysmaki.estima.site\/en\/wp-json\/wp\/v2\/product\/8870","targetHints":{"allow":["GET"]}}],"collection":[{"href":"https:\/\/wiejskieprzysmaki.estima.site\/en\/wp-json\/wp\/v2\/product"}],"about":[{"href":"https:\/\/wiejskieprzysmaki.estima.site\/en\/wp-json\/wp\/v2\/types\/product"}],"replies":[{"embeddable":true,"href":"https:\/\/wiejskieprzysmaki.estima.site\/en\/wp-json\/wp\/v2\/comments?post=8870"}],"wp:featuredmedia":[{"embeddable":true,"href":"https:\/\/wiejskieprzysmaki.estima.site\/en\/wp-json\/wp\/v2\/media\/8871"}],"wp:attachment":[{"href":"https:\/\/wiejskieprzysmaki.estima.site\/en\/wp-json\/wp\/v2\/media?parent=8870"}],"wp:term":[{"taxonomy":"product_brand","embeddable":true,"href":"https:\/\/wiejskieprzysmaki.estima.site\/en\/wp-json\/wp\/v2\/product_brand?post=8870"},{"taxonomy":"product_cat","embeddable":true,"href":"https:\/\/wiejskieprzysmaki.estima.site\/en\/wp-json\/wp\/v2\/product_cat?post=8870"},{"taxonomy":"product_tag","embeddable":true,"href":"https:\/\/wiejskieprzysmaki.estima.site\/en\/wp-json\/wp\/v2\/product_tag?post=8870"}],"curies":[{"name":"wp","href":"https:\/\/api.w.org\/{rel}","templated":true}]}}