{"id":8880,"date":"2025-02-18T12:00:11","date_gmt":"2025-02-18T11:00:11","guid":{"rendered":"https:\/\/wiejskieprzysmaki.estima.site\/produkt\/quinoa-trojkolorowa-bio-500-g-the-planet\/"},"modified":"2025-02-18T12:00:12","modified_gmt":"2025-02-18T11:00:12","slug":"quinoa-trojkolorowa-bio-500-g-the-planet","status":"publish","type":"product","link":"https:\/\/wiejskieprzysmaki.estima.site\/en\/product\/quinoa-trojkolorowa-bio-500-g-the-planet\/","title":{"rendered":"QUINOA TR\u00d3JKOLOROWA BIO 500 g &#8211; THE PLANET"},"content":{"rendered":"<p>SK\u0141ADNIKI<br \/>quinoa bia\u0142a*, quinoa czerwona*, quinoa czarna* (*certyfikowany sk\u0142adnik ekologiczny)<\/p>\n<p>OPIS<br \/>Ekologiczna quinoa tr\u00f3jkolorowa z powodzeniem zast\u0119puje tradycyjne kasze lub makarony. Doskonale sprawdza si\u0119 jako sk\u0142adnik zup oraz dodatek do warzyw, sos\u00f3w, wypiek\u00f3w, a tak\u017ce deser\u00f3w.<\/p>\n<p>SPOS\u00d3B PRZYGOTOWANIA<br \/>Zaleca si\u0119 ziarno quinoa przela\u0107 gor\u0105c\u0105 wod\u0105 na drobnym sicie, nast\u0119pnie gotowa\u0107 w proporcji 1:2 (1 porcja quinoa na 2 porcje wody) ok. 25 min. Posoli\u0107 pod koniec gotowania.<\/p>\n<p>WARTO\u015a\u0106 OD\u017bYWCZA W 100 g<br \/>Warto\u015b\u0107 energetyczna \t1639 kJ\/385 kcal<br \/>T\u0142uszcz \t3,8 g<br \/>w tym kwasy t\u0142uszczowe nasycone \t1,5 g<br \/>W\u0119glowodany \t70 g<br \/>w tym cukry \t1,9 g<br \/>B\u0142onnik \t8,8 g<br \/>Bia\u0142ko \t13 g<br \/>S\u00f3l \t0 g<\/p>\n<p>ZALECANE WARUNKI PRZECHOWYWANIA<br \/>Przechowywa\u0107 w suchym i ch\u0142odnym miejscu.<\/p>","protected":false},"excerpt":{"rendered":"<p>SK\u0141ADNIKIquinoa bia\u0142a*, quinoa czerwona*, quinoa czarna* (*certyfikowany sk\u0142adnik ekologiczny) OPISEkologiczna quinoa tr\u00f3jkolorowa z powodzeniem zast\u0119puje tradycyjne kasze lub makarony. Doskonale sprawdza si\u0119 jako sk\u0142adnik zup oraz dodatek do warzyw, sos\u00f3w, wypiek\u00f3w, a tak\u017ce deser\u00f3w. SPOS\u00d3B PRZYGOTOWANIAZaleca si\u0119 ziarno quinoa przela\u0107 gor\u0105c\u0105 wod\u0105 na drobnym sicie, nast\u0119pnie gotowa\u0107 w proporcji 1:2 (1 porcja quinoa na 2 [&hellip;]<\/p>","protected":false},"featured_media":8881,"comment_status":"closed","ping_status":"open","template":"","meta":{"_acf_changed":false},"product_brand":[],"product_cat":[151],"product_tag":[],"class_list":{"0":"post-8880","1":"product","2":"type-product","3":"status-publish","4":"has-post-thumbnail","6":"product_cat-nasiona-i-ziarna","7":"pa_ean-matka-564","8":"pa_ean-matka-6812","9":"pa_gwarancja-przydatnosci-324","10":"pa_ilosc-w-opakowaniu-298","11":"pa_jednostka-podstawowa-szt","12":"pa_kod-cn-1008-50-00","13":"pa_kraj-pochodzenia-skladnikow-peru","14":"pa_masa-netto-347","15":"pa_objetosc-brutto-221","16":"pa_producent-the-planet","17":"pa_producent-nazwa-adres-bio-planet-s-a-wilkowa-wies-7-05-084-leszno","18":"pa_tagi-bez-cukru-w-skladnikach","19":"pa_tagi-bez-glutenu-w-skladnikach","20":"pa_tagi-certyfikat-bio","21":"pa_tagi-weganski","22":"pa_tagi-wegetarianski","24":"first","25":"instock","26":"taxable","27":"shipping-taxable","28":"purchasable","29":"product-type-simple"},"acf":[],"_links":{"self":[{"href":"https:\/\/wiejskieprzysmaki.estima.site\/en\/wp-json\/wp\/v2\/product\/8880","targetHints":{"allow":["GET"]}}],"collection":[{"href":"https:\/\/wiejskieprzysmaki.estima.site\/en\/wp-json\/wp\/v2\/product"}],"about":[{"href":"https:\/\/wiejskieprzysmaki.estima.site\/en\/wp-json\/wp\/v2\/types\/product"}],"replies":[{"embeddable":true,"href":"https:\/\/wiejskieprzysmaki.estima.site\/en\/wp-json\/wp\/v2\/comments?post=8880"}],"wp:featuredmedia":[{"embeddable":true,"href":"https:\/\/wiejskieprzysmaki.estima.site\/en\/wp-json\/wp\/v2\/media\/8881"}],"wp:attachment":[{"href":"https:\/\/wiejskieprzysmaki.estima.site\/en\/wp-json\/wp\/v2\/media?parent=8880"}],"wp:term":[{"taxonomy":"product_brand","embeddable":true,"href":"https:\/\/wiejskieprzysmaki.estima.site\/en\/wp-json\/wp\/v2\/product_brand?post=8880"},{"taxonomy":"product_cat","embeddable":true,"href":"https:\/\/wiejskieprzysmaki.estima.site\/en\/wp-json\/wp\/v2\/product_cat?post=8880"},{"taxonomy":"product_tag","embeddable":true,"href":"https:\/\/wiejskieprzysmaki.estima.site\/en\/wp-json\/wp\/v2\/product_tag?post=8880"}],"curies":[{"name":"wp","href":"https:\/\/api.w.org\/{rel}","templated":true}]}}