{"id":8894,"date":"2025-02-18T12:00:11","date_gmt":"2025-02-18T11:00:11","guid":{"rendered":"https:\/\/wiejskieprzysmaki.estima.site\/produkt\/orzechy-laskowe-bio-350-g-the-planet\/"},"modified":"2025-02-20T15:19:48","modified_gmt":"2025-02-20T14:19:48","slug":"orzechy-laskowe-bio-350-g-the-planet","status":"publish","type":"product","link":"https:\/\/wiejskieprzysmaki.estima.site\/en\/product\/orzechy-laskowe-bio-350-g-the-planet\/","title":{"rendered":"ORZECHY LASKOWE BIO 350 g &#8211; THE PLANET"},"content":{"rendered":"<p>SK\u0141ADNIKI<br \/>ekologiczne ORZECHY LASKOWE 100 %.<\/p>\n<p>OPIS<br \/>Ekologiczne ORZECHY LASKOWE to bardzo po\u017cywny owoc leszczyny. S\u0105 podstawowym sk\u0142adnikiem mieszanki studenckiej. Zmielone grubo lub na m\u0105k\u0119 wchodz\u0105 w sk\u0142ad ciast, past i innych deser\u00f3w. Doskonale smakuj\u0105 jako dodatek do pieczenia chleba lub do porannej owsianki.\t\t\t<\/p>\n<p>WARTO\u015a\u0106 OD\u017bYWCZA W 100 g<br \/>Warto\u015b\u0107 energetyczna \t2866 kJ\/693 kcal<br \/>T\u0142uszcz \t61 g<br \/>w tym kwasy t\u0142uszczowe nasycone \t4,5 g<br \/>W\u0119glowodany \t17 g<br \/>w tym cukry \t4,3 g<br \/>B\u0142onnik \t9,7 g<br \/>Bia\u0142ko \t15 g<br \/>S\u00f3l \t0 g<\/p>\n<p>INFORMACJA ALERGENNA<br \/>Produkt mo\u017ce zawiera\u0107: ZBO\u017bA ZAWIERAJ\u0104CE GLUTEN, ORZESZKI ZIEMNE, INNE ORZECHY, NASIONA SEZAMU, SOJ\u0118.<\/p>\n<p>ZALECANE WARUNKI PRZECHOWYWANIA<br \/>Przechowywa\u0107 w suchym i ch\u0142odnym miejscu.<\/p>","protected":false},"excerpt":{"rendered":"<p>SK\u0141ADNIKIekologiczne ORZECHY LASKOWE 100 %. OPISEkologiczne ORZECHY LASKOWE to bardzo po\u017cywny owoc leszczyny. S\u0105 podstawowym sk\u0142adnikiem mieszanki studenckiej. Zmielone grubo lub na m\u0105k\u0119 wchodz\u0105 w sk\u0142ad ciast, past i innych deser\u00f3w. Doskonale smakuj\u0105 jako dodatek do pieczenia chleba lub do porannej owsianki. WARTO\u015a\u0106 OD\u017bYWCZA W 100 gWarto\u015b\u0107 energetyczna 2866 kJ\/693 kcalT\u0142uszcz 61 gw tym kwasy [&hellip;]<\/p>","protected":false},"featured_media":8895,"comment_status":"closed","ping_status":"open","template":"","meta":{"_acf_changed":false},"product_brand":[],"product_cat":[830,810],"product_tag":[],"class_list":{"0":"post-8894","1":"product","2":"type-product","3":"status-publish","4":"has-post-thumbnail","6":"product_cat-orzechy-i-owoce-suszone","7":"product_cat-orzechy-kasztany-wiorki-kokosowe","8":"pa_ean-matka-817","9":"pa_ean-matka-6819","10":"pa_gwarancja-przydatnosci-324","11":"pa_ilosc-w-opakowaniu-543","12":"pa_jednostka-podstawowa-szt","13":"pa_kod-cn-0802-22-00","14":"pa_kraj-pochodzenia-skladnikow-azerbejdzan","15":"pa_masa-netto-203","16":"pa_objetosc-brutto-204","17":"pa_producent-the-planet","18":"pa_producent-nazwa-adres-bio-planet-s-a-wilkowa-wies-7-05-084-leszno","19":"pa_tagi-bez-cukru-w-skladnikach","20":"pa_tagi-bez-glutenu-w-skladnikach","21":"pa_tagi-certyfikat-bio","22":"pa_tagi-weganski","23":"pa_tagi-wegetarianski","25":"first","26":"instock","27":"taxable","28":"shipping-taxable","29":"purchasable","30":"product-type-simple"},"acf":[],"_links":{"self":[{"href":"https:\/\/wiejskieprzysmaki.estima.site\/en\/wp-json\/wp\/v2\/product\/8894","targetHints":{"allow":["GET"]}}],"collection":[{"href":"https:\/\/wiejskieprzysmaki.estima.site\/en\/wp-json\/wp\/v2\/product"}],"about":[{"href":"https:\/\/wiejskieprzysmaki.estima.site\/en\/wp-json\/wp\/v2\/types\/product"}],"replies":[{"embeddable":true,"href":"https:\/\/wiejskieprzysmaki.estima.site\/en\/wp-json\/wp\/v2\/comments?post=8894"}],"wp:featuredmedia":[{"embeddable":true,"href":"https:\/\/wiejskieprzysmaki.estima.site\/en\/wp-json\/wp\/v2\/media\/8895"}],"wp:attachment":[{"href":"https:\/\/wiejskieprzysmaki.estima.site\/en\/wp-json\/wp\/v2\/media?parent=8894"}],"wp:term":[{"taxonomy":"product_brand","embeddable":true,"href":"https:\/\/wiejskieprzysmaki.estima.site\/en\/wp-json\/wp\/v2\/product_brand?post=8894"},{"taxonomy":"product_cat","embeddable":true,"href":"https:\/\/wiejskieprzysmaki.estima.site\/en\/wp-json\/wp\/v2\/product_cat?post=8894"},{"taxonomy":"product_tag","embeddable":true,"href":"https:\/\/wiejskieprzysmaki.estima.site\/en\/wp-json\/wp\/v2\/product_tag?post=8894"}],"curies":[{"name":"wp","href":"https:\/\/api.w.org\/{rel}","templated":true}]}}