{"id":8896,"date":"2025-02-18T12:00:11","date_gmt":"2025-02-18T11:00:11","guid":{"rendered":"https:\/\/wiejskieprzysmaki.estima.site\/produkt\/platki-quinoa-bio-300-g-the-planet\/"},"modified":"2025-02-18T12:00:19","modified_gmt":"2025-02-18T11:00:19","slug":"platki-quinoa-bio-300-g-the-planet","status":"publish","type":"product","link":"https:\/\/wiejskieprzysmaki.estima.site\/en\/product\/platki-quinoa-bio-300-g-the-planet\/","title":{"rendered":"P\u0141ATKI QUINOA BIO 300 g &#8211; THE PLANET"},"content":{"rendered":"<p>SK\u0141ADNIKI<br \/>ekologiczne p\u0142atki quinoa 100 %.<\/p>\n<p>OPIS<br \/>Ekologiczne p\u0142atki quinoa uzyskiwane s\u0105 z gniecionego ziarna quinoa (komosy ry\u017cowej). Polecamy jako dodatek do zup, jako sk\u0142adnik past oraz kotlet\u00f3w. \u015awietnie komponuj\u0105 si\u0119 z mlekiem, jogurtem i owocami, doskona\u0142e r\u00f3wnie\u017c jako dodatek do ciast i deser\u00f3w. Spos\u00f3b przygotowania<\/p>\n<p>SPOS\u00d3B PRZYGOTOWANIA<br \/>Gotowa\u0107 w proporcji 1:2 (1 porcja p\u0142atk\u00f3w na 2 porcje wody lub mleka) na wolnym ogniu ok. 5 minut od czasu do czasu mieszaj\u0105c.   <\/p>\n<p>WARTO\u015a\u0106 OD\u017bYWCZA W 100 g<br \/>Warto\u015b\u0107 energetyczna \t1510 kJ\/358 kcal<br \/>T\u0142uszcz \t5,7 g<br \/>w tym kwasy t\u0142uszczowe nasycone \t1,2 g<br \/>W\u0119glowodany \t60 g<br \/>w tym cukry \t1,5 g<br \/>B\u0142onnik \t5,1 g<br \/>Bia\u0142ko \t14 g<br \/>S\u00f3l \t0,05 g<\/p>\n<p>ZALECANE WARUNKI PRZECHOWYWANIA<br \/>Przechowywa\u0107 w suchym i ch\u0142odnym miejscu.<\/p>","protected":false},"excerpt":{"rendered":"<p>SK\u0141ADNIKIekologiczne p\u0142atki quinoa 100 %. OPISEkologiczne p\u0142atki quinoa uzyskiwane s\u0105 z gniecionego ziarna quinoa (komosy ry\u017cowej). Polecamy jako dodatek do zup, jako sk\u0142adnik past oraz kotlet\u00f3w. \u015awietnie komponuj\u0105 si\u0119 z mlekiem, jogurtem i owocami, doskona\u0142e r\u00f3wnie\u017c jako dodatek do ciast i deser\u00f3w. Spos\u00f3b przygotowania SPOS\u00d3B PRZYGOTOWANIAGotowa\u0107 w proporcji 1:2 (1 porcja p\u0142atk\u00f3w na 2 porcje [&hellip;]<\/p>","protected":false},"featured_media":8897,"comment_status":"closed","ping_status":"open","template":"","meta":{"_acf_changed":false},"product_brand":[],"product_cat":[796,265],"product_tag":[],"class_list":{"0":"post-8896","1":"product","2":"type-product","3":"status-publish","4":"has-post-thumbnail","6":"product_cat-platki","7":"product_cat-sniadaniowe","8":"pa_ean-matka-2107","9":"pa_ean-matka-6820","10":"pa_gwarancja-przydatnosci-311","11":"pa_ilosc-w-opakowaniu-543","12":"pa_jednostka-podstawowa-szt","13":"pa_kod-cn-1104-19-99","14":"pa_kraj-pochodzenia-skladnikow-peru","15":"pa_masa-netto-207","16":"pa_objetosc-brutto-204","17":"pa_producent-the-planet","18":"pa_producent-nazwa-adres-bio-planet-s-a-wilkowa-wies-7-05-084-leszno","19":"pa_tagi-bez-cukru-w-skladnikach","20":"pa_tagi-bez-glutenu-w-skladnikach","21":"pa_tagi-certyfikat-bio","22":"pa_tagi-weganski","23":"pa_tagi-wegetarianski","25":"first","26":"instock","27":"taxable","28":"shipping-taxable","29":"purchasable","30":"product-type-simple"},"acf":[],"_links":{"self":[{"href":"https:\/\/wiejskieprzysmaki.estima.site\/en\/wp-json\/wp\/v2\/product\/8896","targetHints":{"allow":["GET"]}}],"collection":[{"href":"https:\/\/wiejskieprzysmaki.estima.site\/en\/wp-json\/wp\/v2\/product"}],"about":[{"href":"https:\/\/wiejskieprzysmaki.estima.site\/en\/wp-json\/wp\/v2\/types\/product"}],"replies":[{"embeddable":true,"href":"https:\/\/wiejskieprzysmaki.estima.site\/en\/wp-json\/wp\/v2\/comments?post=8896"}],"wp:featuredmedia":[{"embeddable":true,"href":"https:\/\/wiejskieprzysmaki.estima.site\/en\/wp-json\/wp\/v2\/media\/8897"}],"wp:attachment":[{"href":"https:\/\/wiejskieprzysmaki.estima.site\/en\/wp-json\/wp\/v2\/media?parent=8896"}],"wp:term":[{"taxonomy":"product_brand","embeddable":true,"href":"https:\/\/wiejskieprzysmaki.estima.site\/en\/wp-json\/wp\/v2\/product_brand?post=8896"},{"taxonomy":"product_cat","embeddable":true,"href":"https:\/\/wiejskieprzysmaki.estima.site\/en\/wp-json\/wp\/v2\/product_cat?post=8896"},{"taxonomy":"product_tag","embeddable":true,"href":"https:\/\/wiejskieprzysmaki.estima.site\/en\/wp-json\/wp\/v2\/product_tag?post=8896"}],"curies":[{"name":"wp","href":"https:\/\/api.w.org\/{rel}","templated":true}]}}