{"id":890,"date":"2025-02-18T10:32:40","date_gmt":"2025-02-18T09:32:40","guid":{"rendered":"https:\/\/wiejskieprzysmaki.estima.site\/produkt\/sliwki-suszone-bio-1-kg-bio-planet\/"},"modified":"2025-02-18T10:32:48","modified_gmt":"2025-02-18T09:32:48","slug":"sliwki-suszone-bio-1-kg-bio-planet","status":"publish","type":"product","link":"https:\/\/wiejskieprzysmaki.estima.site\/en\/product\/sliwki-suszone-bio-1-kg-bio-planet\/","title":{"rendered":"\u015aLIWKI SUSZONE BIO 1 kg &#8211; BIO PLANET"},"content":{"rendered":"<p>SK\u0141ADNIKI<br \/>ekologiczne \u015bliwki bez pestek suszone 100 %. <\/p>\n<p>OPIS                                                                                                                     <br \/>Ekologiczne \u015bliwki suszone doskona\u0142e jako dodatek do deser\u00f3w, kompot\u00f3w oraz jako samodzielna przek\u0105ska. Na suszonych \u015bliwkach mo\u017ce wyst\u0119powa\u0107 bia\u0142y nalot. Jest to zjawisko naturalne, zwi\u0105zane z wytr\u0105caniem si\u0119 fruktozy, kt\u00f3re nie wp\u0142ywa na jako\u015b\u0107 produktu. <\/p>\n<p>Uwaga<br \/>\u015aliwki sporadycznie mog\u0105 zawiera\u0107 pestki, b\u0105d\u017a ich fragmenty.\t\t\t<\/p>\n<p>WARTO\u015a\u0106 OD\u017bYWCZA W 100 g<br \/>Warto\u015b\u0107 energetyczna \t1244 kJ\/294 kcal<br \/>T\u0142uszcz \t0 g<br \/>w tym kwasy t\u0142uszczowe nasycone \t0 g<br \/>W\u0119glowodany \t67 g<br \/>w tym cukry \t51 g<br \/>B\u0142onnik \t7,0 g<br \/>Bia\u0142ko \t2,0 g<br \/>S\u00f3l \t0,23 g<\/p>\n<p>ZALECANE WARUNKI PRZECHOWYWANIA<br \/>Przechowywa\u0107 w suchym i ch\u0142odnym miejscu.  <\/p>","protected":false},"excerpt":{"rendered":"<p>SK\u0141ADNIKIekologiczne \u015bliwki bez pestek suszone 100 %. OPIS Ekologiczne \u015bliwki suszone doskona\u0142e jako dodatek do deser\u00f3w, kompot\u00f3w oraz jako samodzielna przek\u0105ska. Na suszonych \u015bliwkach mo\u017ce wyst\u0119powa\u0107 bia\u0142y nalot. Jest to zjawisko naturalne, zwi\u0105zane z wytr\u0105caniem si\u0119 fruktozy, kt\u00f3re nie wp\u0142ywa na jako\u015b\u0107 produktu. Uwaga\u015aliwki sporadycznie mog\u0105 zawiera\u0107 pestki, b\u0105d\u017a ich fragmenty. WARTO\u015a\u0106 OD\u017bYWCZA W 100 [&hellip;]<\/p>","protected":false},"featured_media":891,"comment_status":"closed","ping_status":"open","template":"","meta":{"_acf_changed":false},"product_brand":[],"product_cat":[830],"product_tag":[],"class_list":{"0":"post-890","1":"product","2":"type-product","3":"status-publish","4":"has-post-thumbnail","6":"product_cat-orzechy-i-owoce-suszone","7":"pa_ean-matka-903","8":"pa_gwarancja-przydatnosci-324","9":"pa_ilosc-w-opakowaniu-298","10":"pa_jednostka-podstawowa-szt","11":"pa_kod-cn-0813-20-00","12":"pa_kraj-pochodzenia-skladnikow-bulgaria","13":"pa_masa-netto-209","14":"pa_objetosc-brutto-513","15":"pa_producent-bio-planet-seria-fioletowa-owoce-suszone","16":"pa_producent-nazwa-adres-bio-planet-s-a-wilkowa-wies-7-05-084-leszno","17":"pa_tagi-bez-cukru-w-skladnikach","18":"pa_tagi-bez-glutenu-w-skladnikach","19":"pa_tagi-certyfikat-bio","20":"pa_tagi-weganski","21":"pa_tagi-wegetarianski","23":"first","24":"instock","25":"taxable","26":"shipping-taxable","27":"purchasable","28":"product-type-simple"},"acf":[],"_links":{"self":[{"href":"https:\/\/wiejskieprzysmaki.estima.site\/en\/wp-json\/wp\/v2\/product\/890","targetHints":{"allow":["GET"]}}],"collection":[{"href":"https:\/\/wiejskieprzysmaki.estima.site\/en\/wp-json\/wp\/v2\/product"}],"about":[{"href":"https:\/\/wiejskieprzysmaki.estima.site\/en\/wp-json\/wp\/v2\/types\/product"}],"replies":[{"embeddable":true,"href":"https:\/\/wiejskieprzysmaki.estima.site\/en\/wp-json\/wp\/v2\/comments?post=890"}],"wp:featuredmedia":[{"embeddable":true,"href":"https:\/\/wiejskieprzysmaki.estima.site\/en\/wp-json\/wp\/v2\/media\/891"}],"wp:attachment":[{"href":"https:\/\/wiejskieprzysmaki.estima.site\/en\/wp-json\/wp\/v2\/media?parent=890"}],"wp:term":[{"taxonomy":"product_brand","embeddable":true,"href":"https:\/\/wiejskieprzysmaki.estima.site\/en\/wp-json\/wp\/v2\/product_brand?post=890"},{"taxonomy":"product_cat","embeddable":true,"href":"https:\/\/wiejskieprzysmaki.estima.site\/en\/wp-json\/wp\/v2\/product_cat?post=890"},{"taxonomy":"product_tag","embeddable":true,"href":"https:\/\/wiejskieprzysmaki.estima.site\/en\/wp-json\/wp\/v2\/product_tag?post=890"}],"curies":[{"name":"wp","href":"https:\/\/api.w.org\/{rel}","templated":true}]}}