{"id":892,"date":"2025-02-18T10:32:40","date_gmt":"2025-02-18T09:32:40","guid":{"rendered":"https:\/\/wiejskieprzysmaki.estima.site\/produkt\/maka-z-ciecierzycy-bio-400-g-bio-planet\/"},"modified":"2025-02-18T10:32:49","modified_gmt":"2025-02-18T09:32:49","slug":"maka-z-ciecierzycy-bio-400-g-bio-planet","status":"publish","type":"product","link":"https:\/\/wiejskieprzysmaki.estima.site\/en\/product\/maka-z-ciecierzycy-bio-400-g-bio-planet\/","title":{"rendered":"M\u0104KA Z CIECIERZYCY BIO 400 g &#8211; BIO PLANET"},"content":{"rendered":"<p>SK\u0141ADNIKI<br \/>ekologiczna m\u0105ka z ciecierzycy 100 %.<\/p>\n<p>OPIS<br \/>Ekologiczna m\u0105ka z ciecierzycy otrzymywana jest ze zmielonych ziaren cieciorki. Charakteryzuje si\u0119 lekko orzechowym posmakiem. Mo\u017cna stosowa\u0107 j\u0105 samodzielnie lub jako dodatek do innych m\u0105k. Polecamy do wypieku pieczywa, makaron\u00f3w, a szczeg\u00f3lnie nale\u015bnik\u00f3w, zwanych socca. Posiada silne w\u0142a\u015bciwo\u015bci wi\u0105\u017c\u0105ce, w zwi\u0105zku z czym doskona\u0142a r\u00f3wnie\u017c do zag\u0119szczania zup i sos\u00f3w.<\/p>\n<p>WARTO\u015a\u0106 OD\u017bYWCZA W 100 g<br \/>Warto\u015b\u0107 energetyczna: 1518 kJ\/361 kcal<br \/>T\u0142uszcz: 6,2 g<br \/>w tym kwasy t\u0142uszczowe nasycone: 0,9 g<br \/>W\u0119glowodany: 48 g<br \/>w tym cukry: 2,7 g<br \/>B\u0142onnik: 13 g<br \/>Bia\u0142ko: 22 g<br \/>S\u00f3l: 0,06 g<\/p>\n<p>ZALECANE WARUNKI PRZECHOWYWANIA<br \/>Przechowywa\u0107 w suchym i ch\u0142odnym miejscu.<\/p>","protected":false},"excerpt":{"rendered":"<p>SK\u0141ADNIKIekologiczna m\u0105ka z ciecierzycy 100 %. OPISEkologiczna m\u0105ka z ciecierzycy otrzymywana jest ze zmielonych ziaren cieciorki. Charakteryzuje si\u0119 lekko orzechowym posmakiem. Mo\u017cna stosowa\u0107 j\u0105 samodzielnie lub jako dodatek do innych m\u0105k. Polecamy do wypieku pieczywa, makaron\u00f3w, a szczeg\u00f3lnie nale\u015bnik\u00f3w, zwanych socca. Posiada silne w\u0142a\u015bciwo\u015bci wi\u0105\u017c\u0105ce, w zwi\u0105zku z czym doskona\u0142a r\u00f3wnie\u017c do zag\u0119szczania zup i [&hellip;]<\/p>","protected":false},"featured_media":893,"comment_status":"closed","ping_status":"open","template":"","meta":{"_acf_changed":false},"product_brand":[],"product_cat":[99,100],"product_tag":[],"class_list":{"0":"post-892","1":"product","2":"type-product","3":"status-publish","4":"has-post-thumbnail","6":"product_cat-maki-i-skrobie","7":"product_cat-maki-naturalnie-bezglutenowe","8":"pa_ean-matka-905","9":"pa_gwarancja-przydatnosci-762","10":"pa_ilosc-w-opakowaniu-298","11":"pa_jednostka-podstawowa-szt","12":"pa_kod-cn-1106-10-00","13":"pa_kraj-pochodzenia-skladnikow-turcja","14":"pa_masa-netto-268","15":"pa_objetosc-brutto-338","16":"pa_producent-bio-planet-seria-maki-i-skrobie","17":"pa_producent-nazwa-adres-bio-planet-s-a-wilkowa-wies-7-05-084-leszno","18":"pa_tagi-bez-cukru-w-skladnikach","19":"pa_tagi-bez-glutenu-w-skladnikach","20":"pa_tagi-certyfikat-bio","21":"pa_tagi-weganski","22":"pa_tagi-wegetarianski","24":"first","25":"instock","26":"taxable","27":"shipping-taxable","28":"purchasable","29":"product-type-simple"},"acf":[],"_links":{"self":[{"href":"https:\/\/wiejskieprzysmaki.estima.site\/en\/wp-json\/wp\/v2\/product\/892","targetHints":{"allow":["GET"]}}],"collection":[{"href":"https:\/\/wiejskieprzysmaki.estima.site\/en\/wp-json\/wp\/v2\/product"}],"about":[{"href":"https:\/\/wiejskieprzysmaki.estima.site\/en\/wp-json\/wp\/v2\/types\/product"}],"replies":[{"embeddable":true,"href":"https:\/\/wiejskieprzysmaki.estima.site\/en\/wp-json\/wp\/v2\/comments?post=892"}],"wp:featuredmedia":[{"embeddable":true,"href":"https:\/\/wiejskieprzysmaki.estima.site\/en\/wp-json\/wp\/v2\/media\/893"}],"wp:attachment":[{"href":"https:\/\/wiejskieprzysmaki.estima.site\/en\/wp-json\/wp\/v2\/media?parent=892"}],"wp:term":[{"taxonomy":"product_brand","embeddable":true,"href":"https:\/\/wiejskieprzysmaki.estima.site\/en\/wp-json\/wp\/v2\/product_brand?post=892"},{"taxonomy":"product_cat","embeddable":true,"href":"https:\/\/wiejskieprzysmaki.estima.site\/en\/wp-json\/wp\/v2\/product_cat?post=892"},{"taxonomy":"product_tag","embeddable":true,"href":"https:\/\/wiejskieprzysmaki.estima.site\/en\/wp-json\/wp\/v2\/product_tag?post=892"}],"curies":[{"name":"wp","href":"https:\/\/api.w.org\/{rel}","templated":true}]}}